{"id":3650,"date":"2025-11-22T18:21:36","date_gmt":"2025-11-22T18:21:36","guid":{"rendered":"https:\/\/gravel-bikes.cc\/inicio\/"},"modified":"2026-01-25T13:14:39","modified_gmt":"2026-01-25T13:14:39","slug":"inicio","status":"publish","type":"page","link":"https:\/\/gravel-bikes.cc\/es\/inicio\/","title":{"rendered":"BICICLETAS DE GRAVEL"},"content":{"rendered":"<p>[et_pb_section fb_built=&#8221;1&#8243; theme_builder_area=&#8221;post_content&#8221; _builder_version=&#8221;4.27.5&#8243; _module_preset=&#8221;default&#8221;][\/et_pb_section]<\/p>\n","protected":false},"excerpt":{"rendered":"<p>Emb\u00e1rcate en un viaje emocionante con nuestras bicicletas de gravel de alta gama, meticulosamente dise\u00f1adas para todo tipo de terreno. Tanto si te enfrentas a senderos desafiantes como si disfrutas de paseos tranquilos por paisajes pintorescos, nuestras bicicletas ofrecen un rendimiento y una comodidad excepcionales. Forma parte de una comunidad vibrante de entusiastas del ciclismo y mejora tus aventuras sobre ruedas con nuestra selecci\u00f3n cuidadosamente escogida. Tu exploraci\u00f3n comienza aqu\u00ed, en GRAVEL BIKES.cc, donde la calidad y la aventura se unen.   <\/p>\n","protected":false},"author":1,"featured_media":6411,"parent":0,"menu_order":0,"comment_status":"closed","ping_status":"closed","template":"","meta":{"_et_pb_use_builder":"on","_et_pb_old_content":"","_et_gb_content_width":"","om_disable_all_campaigns":false,"_monsterinsights_skip_tracking":false,"_monsterinsights_sitenote_active":false,"_monsterinsights_sitenote_note":"","_monsterinsights_sitenote_category":0,"footnotes":""},"class_list":["post-3650","page","type-page","status-publish","has-post-thumbnail","hentry"],"aioseo_notices":[],"_links":{"self":[{"href":"https:\/\/gravel-bikes.cc\/es\/wp-json\/wp\/v2\/pages\/3650","targetHints":{"allow":["GET"]}}],"collection":[{"href":"https:\/\/gravel-bikes.cc\/es\/wp-json\/wp\/v2\/pages"}],"about":[{"href":"https:\/\/gravel-bikes.cc\/es\/wp-json\/wp\/v2\/types\/page"}],"author":[{"embeddable":true,"href":"https:\/\/gravel-bikes.cc\/es\/wp-json\/wp\/v2\/users\/1"}],"replies":[{"embeddable":true,"href":"https:\/\/gravel-bikes.cc\/es\/wp-json\/wp\/v2\/comments?post=3650"}],"version-history":[{"count":70,"href":"https:\/\/gravel-bikes.cc\/es\/wp-json\/wp\/v2\/pages\/3650\/revisions"}],"predecessor-version":[{"id":6466,"href":"https:\/\/gravel-bikes.cc\/es\/wp-json\/wp\/v2\/pages\/3650\/revisions\/6466"}],"wp:featuredmedia":[{"embeddable":true,"href":"https:\/\/gravel-bikes.cc\/es\/wp-json\/wp\/v2\/media\/6411"}],"wp:attachment":[{"href":"https:\/\/gravel-bikes.cc\/es\/wp-json\/wp\/v2\/media?parent=3650"}],"curies":[{"name":"wp","href":"https:\/\/api.w.org\/{rel}","templated":true}]}}