{"id":3937,"date":"2025-12-14T19:24:33","date_gmt":"2025-12-14T19:24:33","guid":{"rendered":"https:\/\/gravel-bikes.cc\/everest\/"},"modified":"2025-12-26T18:25:58","modified_gmt":"2025-12-26T18:25:58","slug":"everest","status":"publish","type":"page","link":"https:\/\/gravel-bikes.cc\/es\/everest\/","title":{"rendered":"EVEREST"},"content":{"rendered":"\n<h3 class=\"wp-block-heading\"><br\/>Fechas<\/h3>\n\n<p>29 de abril &#8211; 10 de mayo de 2026<br\/>11 de mayo &#8211; 23 de mayo de 2026 <a href=\"https:\/\/www.serk.cc\/everestingtibet\/\">(edici\u00f3n especial)<\/a><br\/>3 de agosto &#8211; 14 de agosto de 2026<br\/>1 de septiembre &#8211; 12 de septiembre de 2026<\/p>\n\n<h3 class=\"wp-block-heading\">Distancia<\/h3>\n\n<p>12 d\u00edas<br\/>7 d\u00edas de ciclismo<br\/>M\u00e1s de 700 km (muchos km a una altitud media de 4000 m)<br\/>M\u00e1s de 5770 m de ascenso<\/p>\n\n<h3 class=\"wp-block-heading\">Altitud<\/h3>\n\n<p>M\u00edn.: 3000 m<br\/>M\u00e1x.: 5100 m<br\/>Media: 4000 m<\/p>\n\n<h3 class=\"wp-block-heading\">Precio<\/h3>\n\n<p>6000 US$<\/p>\n\n<p>El T\u00edbet es una de las mejores experiencias de viaje del mundo. Serk te ofrece la oportunidad de sumergirte en las antiguas culturas del T\u00edbet y recorrer sus impresionantes paisajes hasta el emblem\u00e1tico campamento base del Everest. <\/p>\n\n<p>Desde 2014, hemos creado cuidadosamente experiencias que te detienen en seco y te hacen sentir privilegiado de haber explorado esta regi\u00f3n \u00fanica, antes de que caiga por completo en las garras de la modernizaci\u00f3n.<\/p>\n\n<p>Combinamos una ruta ciclista desafiante y espectacular con una selecci\u00f3n de los lugares culturales y naturales m\u00e1s gratificantes. <\/p>\n\n<p>Esfu\u00e9rzate por subir algunas de las carreteras asfaltadas m\u00e1s altas del mundo y, a continuaci\u00f3n, sonr\u00ede de oreja a oreja mientras bajas a toda velocidad por el otro lado de un puerto de 5000 m. Te ir\u00e1s no solo con unos incre\u00edbles 9 d\u00edas de ciclismo de altura en las piernas, sino tambi\u00e9n con una nueva comprensi\u00f3n de una de las culturas m\u00e1s incre\u00edbles de la Tierra. <\/p>\n\n<h2 class=\"wp-block-heading\">D\u00eda 1.<\/h2>\n\n<h3 class=\"wp-block-heading\">Chengdu<\/h3>\n\n<p>Llegada a Chengdu, Sichuan, China, a \u00faltima hora de la tarde. Esta noche nos alojamos en el hotel de 5 estrellas del aeropuerto, a 5 minutos de la sala de llegadas. Cena de grupo e informaci\u00f3n sobre el viaje antes de probarte tu nuevo maillot Serk.  <\/p>\n\n<h4 class=\"wp-block-heading\">0 km<\/h4>\n\n<h4 class=\"wp-block-heading\">0 m<\/h4>\n\n<figure class=\"wp-block-image\"><a href=\"https:\/\/www.serk.cc\/wp-content\/uploads\/2017\/07\/hotel.jpg\"><img decoding=\"async\" src=\"https:\/\/www.serk.cc\/wp-content\/uploads\/bb-plugin\/cache\/hotel-300x154-panorama.jpg\" alt=\"hotel\" class=\"wp-image-5952\" title=\"hotel\"\/><\/a><\/figure>\n\n<figure class=\"wp-block-image\"><a href=\"https:\/\/www.serk.cc\/wp-content\/uploads\/2017\/11\/anshun-bridge-2627415_1920.jpg\"><img decoding=\"async\" src=\"https:\/\/www.serk.cc\/wp-content\/uploads\/bb-plugin\/cache\/anshun-bridge-2627415_1920-300x225-panorama.jpg\" alt=\"anshun-bridge-2627415_1920\" class=\"wp-image-6807\" title=\"anshun-bridge-2627415_1920\"\/><\/a><\/figure>\n\n<h2 class=\"wp-block-heading\">D\u00eda 2.<\/h2>\n\n<h3 class=\"wp-block-heading\">En el T\u00edbet<\/h3>\n\n<p>Madrugamos para tomar el vuelo y nuestra primera incursi\u00f3n en el T\u00edbet. Como parte de nuestra aclimataci\u00f3n, hoy nos lo tomamos con mucha calma. <\/p>\n\n<h4 class=\"wp-block-heading\">40 km<\/h4>\n\n<h4 class=\"wp-block-heading\">0 m<\/h4>\n\n<figure class=\"wp-block-image\"><a href=\"https:\/\/www.serk.cc\/wp-content\/uploads\/2017\/07\/serk_journey_to_everest-63.jpg\"><img decoding=\"async\" src=\"https:\/\/www.serk.cc\/wp-content\/uploads\/bb-plugin\/cache\/serk_journey_to_everest-63-300x200-panorama.jpg\" alt=\"serk_journey_to_everest-63\" class=\"wp-image-5936\" title=\"serk_journey_to_everest-63\"\/><\/a><\/figure>\n\n<figure class=\"wp-block-image\"><a href=\"https:\/\/www.serk.cc\/wp-content\/uploads\/2017\/11\/smallRoadtrippingEverest_a18w2988.jpg\"><img decoding=\"async\" src=\"https:\/\/www.serk.cc\/wp-content\/uploads\/bb-plugin\/cache\/smallRoadtrippingEverest_a18w2988-300x200-panorama.jpg\" alt=\"smallRoadtrippingEverest_a18w2988\" class=\"wp-image-6823\" title=\"smallRoadtrippingEverest_a18w2988\"\/><\/a><\/figure>\n\n<h2 class=\"wp-block-heading\">D\u00eda 3.<\/h2>\n\n<h3 class=\"wp-block-heading\">A lo largo del Yarlong<\/h3>\n\n<p>Salimos temprano por la ma\u00f1ana y recorremos el espectacular r\u00edo Yarlong. Apenas se ve un veh\u00edculo o un pueblo, as\u00ed que solo est\u00e1is t\u00fa, la carretera y el r\u00edo. <\/p>\n\n<h4 class=\"wp-block-heading\">105 km<\/h4>\n\n<h4 class=\"wp-block-heading\">1000 m<\/h4>\n\n<figure class=\"wp-block-image\"><a href=\"https:\/\/www.serk.cc\/wp-content\/uploads\/2017\/07\/close-1.jpg\"><img decoding=\"async\" src=\"https:\/\/www.serk.cc\/wp-content\/uploads\/bb-plugin\/cache\/close-1-300x200-panorama.jpg\" alt=\"close-1\" class=\"wp-image-5923\" title=\"close-1\"\/><\/a><\/figure>\n\n<figure class=\"wp-block-image\"><a href=\"https:\/\/www.serk.cc\/wp-content\/uploads\/2018\/10\/CB5DF51F47BC6DAF8EC98FEC14EE2622.jpg\"><img decoding=\"async\" src=\"https:\/\/www.serk.cc\/wp-content\/uploads\/bb-plugin\/cache\/CB5DF51F47BC6DAF8EC98FEC14EE2622-300x200-panorama.jpg\" alt=\"CB5DF51F47BC6DAF8EC98FEC14EE2622\" class=\"wp-image-8970\" title=\"CB5DF51F47BC6DAF8EC98FEC14EE2622\"\/><\/a><\/figure>\n\n<h2 class=\"wp-block-heading\">D\u00eda 4.<\/h2>\n\n<h3 class=\"wp-block-heading\">Acantilados y dunas de arena<\/h3>\n\n<p>Hoy notar\u00e1s que la vegetaci\u00f3n cambia gradualmente de exuberantes bosques de pinos a secos acantilados rocosos, e incluso algunas dunas de arena. La carretera de hoy serpentea y sus ondulaciones te animan a levantarte del sill\u00edn y acelerar. Los picos nevados en la distancia te recuerdan que est\u00e1s montando en uno de los lugares m\u00e1s altos de la Tierra.  <\/p>\n\n<h4 class=\"wp-block-heading\">130 km<\/h4>\n\n<h4 class=\"wp-block-heading\">1600 m<\/h4>\n\n<figure class=\"wp-block-image\"><a href=\"https:\/\/www.serk.cc\/wp-content\/uploads\/2017\/07\/serk_journey_to_everest-61.jpg\"><img decoding=\"async\" src=\"https:\/\/www.serk.cc\/wp-content\/uploads\/bb-plugin\/cache\/serk_journey_to_everest-61-300x200-panorama.jpg\" alt=\"serk_journey_to_everest-61\" class=\"wp-image-5945\" title=\"serk_journey_to_everest-61\"\/><\/a><\/figure>\n\n<figure class=\"wp-block-image\"><a href=\"https:\/\/www.serk.cc\/wp-content\/uploads\/2017\/07\/serk_journey_to_everest-70.jpg\"><img decoding=\"async\" src=\"https:\/\/www.serk.cc\/wp-content\/uploads\/bb-plugin\/cache\/serk_journey_to_everest-70-300x200-panorama.jpg\" alt=\"serk_journey_to_everest-70\" class=\"wp-image-5940\" title=\"serk_journey_to_everest-70\"\/><\/a><\/figure>\n\n<p>Sum\u00e9rgete en la antigua cultura de Lhasa, a 3600 m sobre el nivel del mar<\/p>\n\n<h2 class=\"wp-block-heading\">D\u00eda 5.<\/h2>\n\n<h3 class=\"wp-block-heading\">Lhasa<\/h3>\n\n<p>Hoy nos tomamos un d\u00eda de relax y vamos en bici a uno de los monasterios m\u00e1s antiguos del T\u00edbet.<\/p>\n\n<p>Llegamos a Lhasa a \u00faltima hora de la tarde a nuestro hotel de 5 estrellas y exploramos a pie el casco antiguo de Lhasa. Las vistas y los sonidos est\u00e1n garantizados para inspirarte, \u00a1y no olvides decir una oraci\u00f3n silenciosa para tener buenas piernas y vientos favorables mientras haces girar los molinillos de oraci\u00f3n! <\/p>\n\n<h4 class=\"wp-block-heading\">50 km<\/h4>\n\n<h4 class=\"wp-block-heading\">300 m<\/h4>\n\n<figure class=\"wp-block-image\"><a href=\"https:\/\/www.serk.cc\/wp-content\/uploads\/2017\/07\/tibet.jpg\"><img decoding=\"async\" src=\"https:\/\/www.serk.cc\/wp-content\/uploads\/bb-plugin\/cache\/tibet-300x225-panorama.jpg\" alt=\"tibet\" class=\"wp-image-6038\" title=\"tibet\"\/><\/a><\/figure>\n\n<figure class=\"wp-block-image\"><a href=\"https:\/\/www.serk.cc\/wp-content\/uploads\/2017\/07\/tibet-2.jpg\"><img decoding=\"async\" src=\"https:\/\/www.serk.cc\/wp-content\/uploads\/bb-plugin\/cache\/tibet-2-300x169-panorama.jpg\" alt=\"tibet-2\" class=\"wp-image-6037\" title=\"tibet-2\"\/><\/a><\/figure>\n\n<h2 class=\"wp-block-heading\">D\u00eda 6.<\/h2>\n\n<h3 class=\"wp-block-heading\">Lhasa<\/h3>\n\n<p>Un d\u00eda libre de la bici visitando los iconos culturales de Lhasa. La visita al Palacio de Potala (hogar espiritual del Dalai Lama) ser\u00e1 el punto culminante cultural del viaje. Despu\u00e9s, nos dirigiremos a una cafeter\u00eda de moda popular entre los j\u00f3venes tibetanos.  <\/p>\n\n<h4 class=\"wp-block-heading\">0 km<\/h4>\n\n<h4 class=\"wp-block-heading\">0 m<\/h4>\n\n<figure class=\"wp-block-image\"><a href=\"https:\/\/www.serk.cc\/wp-content\/uploads\/2018\/11\/smallRoadtrippingEverest_a18w2918.jpg\"><img decoding=\"async\" src=\"https:\/\/www.serk.cc\/wp-content\/uploads\/bb-plugin\/cache\/smallRoadtrippingEverest_a18w2918-300x200-panorama.jpg\" alt=\"smallRoadtrippingEverest_a18w2918\" class=\"wp-image-9064\" title=\"smallRoadtrippingEverest_a18w2918\"\/><\/a><\/figure>\n\n<figure class=\"wp-block-image\"><a href=\"https:\/\/www.serk.cc\/wp-content\/uploads\/2018\/11\/smallRoadtrippingEverest_a18w4041.jpg\"><img decoding=\"async\" src=\"https:\/\/www.serk.cc\/wp-content\/uploads\/bb-plugin\/cache\/smallRoadtrippingEverest_a18w4041-300x200-panorama.jpg\" alt=\"smallRoadtrippingEverest_a18w4041\" class=\"wp-image-9065\" title=\"smallRoadtrippingEverest_a18w4041\"\/><\/a><\/figure>\n\n<p>Recorre los puertos m\u00e1s altos del mundo y sonr\u00ede de oreja a oreja mientras desciendes por el otro lado<\/p>\n\n<h2 class=\"wp-block-heading\">D\u00eda 7.<\/h2>\n\n<h3 class=\"wp-block-heading\">LAGO AZUL<\/h3>\n\n<p>Lev\u00e1ntate temprano y sal hacia el famoso lago de color azul celeste del T\u00edbet. Recorremos la orilla del lago antes de conquistar un puerto de 5000 m. La carretera pasa por un glaciar antes de descender a un majestuoso valle. Es uno de los d\u00edas m\u00e1s pintorescos del viaje. Nuestro hotel de destino rezuma tanto encanto del viejo mundo que no querr\u00e1s irte.    <\/p>\n\n<h4 class=\"wp-block-heading\">110 km<\/h4>\n\n<h4 class=\"wp-block-heading\">1355 m<\/h4>\n\n<figure class=\"wp-block-image\"><a href=\"https:\/\/www.serk.cc\/wp-content\/uploads\/2017\/07\/close-2.jpg\"><img decoding=\"async\" src=\"https:\/\/www.serk.cc\/wp-content\/uploads\/bb-plugin\/cache\/close-2-300x200-panorama.jpg\" alt=\"close-2\" class=\"wp-image-5924\" title=\"close-2\"\/><\/a><\/figure>\n\n<figure class=\"wp-block-image\"><a href=\"https:\/\/www.serk.cc\/wp-content\/uploads\/2017\/11\/RoadtrippingEverest_a18w6092.jpg\"><img decoding=\"async\" src=\"https:\/\/www.serk.cc\/wp-content\/uploads\/bb-plugin\/cache\/RoadtrippingEverest_a18w6092-300x200-panorama.jpg\" alt=\"RoadtrippingEverest_a18w6092\" class=\"wp-image-6827\" title=\"RoadtrippingEverest_a18w6092\"\/><\/a><\/figure>\n\n<p>La cordillera del Himalaya ofrece paisajes impresionantes a cada paso<\/p>\n\n<h2 class=\"wp-block-heading\">D\u00eda 8.<\/h2>\n\n<h3 class=\"wp-block-heading\">BARRIOS ANTIGUOS Y LLANOS R\u00c1PIDOS<\/h3>\n\n<p>Lev\u00e1ntate temprano y visita los aut\u00e9nticos barrios antiguos. Luego, son 98 km por la carretera, en su mayor\u00eda llana y r\u00e1pida. La \u00faltima subida por el puente hacia la ciudad es un KOM muy disputado. Hoy vamos a montar a 4000 m, el aire es fino, lo que significa velocidades r\u00e1pidas en llano.   <\/p>\n\n<p>Por la tarde, descansa y rel\u00e1jate en tu hotel o visita el monasterio local.<\/p>\n\n<h4 class=\"wp-block-heading\">98 km<\/h4>\n\n<h4 class=\"wp-block-heading\">117 m<\/h4>\n\n<figure class=\"wp-block-image\"><img decoding=\"async\" src=\"https:\/\/www.serk.cc\/wp-content\/uploads\/bb-plugin\/cache\/tibet2015-7-300x169-panorama.jpg\" alt=\"tibet2015-(7)\" class=\"wp-image-6094\" title=\"tibet2015-(7)\"\/><\/figure>\n\n<figure class=\"wp-block-image\"><img decoding=\"async\" src=\"https:\/\/www.serk.cc\/wp-content\/uploads\/bb-plugin\/cache\/tibet2015-4-300x169-panorama.jpg\" alt=\"tibet2015-(4)\" class=\"wp-image-6097\" title=\"tibet2015-(4)\"\/><\/figure>\n\n<p>Experimenta la tierra del mito y la cultura m\u00edstica desde el sill\u00edn de tu bici<\/p>\n\n<h2 class=\"wp-block-heading\">D\u00eda 9.<\/h2>\n\n<h3 class=\"wp-block-heading\">Hacia el Everest<\/h3>\n\n<p>Hoy es uno de los d\u00edas m\u00e1s duros del viaje: subimos al puerto m\u00e1s alto del viaje, a 5181 m. Despu\u00e9s de una breve parada en la cima para recuperar el aliento, todo es cuesta abajo hasta nuestro hotel. Recorremos un pintoresco r\u00edo la mayor parte del camino hasta nuestro destino y, si el cielo est\u00e1 despejado, podr\u00e1s vislumbrar el Everest por primera vez.  <\/p>\n\n<h4 class=\"wp-block-heading\">76 km<\/h4>\n\n<h4 class=\"wp-block-heading\">1200 m<\/h4>\n\n<figure class=\"wp-block-image\"><img decoding=\"async\" src=\"https:\/\/www.serk.cc\/wp-content\/uploads\/bb-plugin\/cache\/tibet2017-8-300x225-panorama.jpg\" alt=\"tibet2017-8\" class=\"wp-image-6106\" title=\"tibet2017-8\"\/><\/figure>\n\n<figure class=\"wp-block-image\"><img decoding=\"async\" src=\"https:\/\/www.serk.cc\/wp-content\/uploads\/bb-plugin\/cache\/tibet2017-6-300x200-panorama.jpg\" alt=\"tibet2017-6\" class=\"wp-image-6108\" title=\"tibet2017-6\"\/><\/figure>\n\n<p>&#8220;No hay nada mejor que esto. Ir en bici hasta el put* Monte Everest&#8221;. Davis, EE. UU. <\/p>\n\n<h2 class=\"wp-block-heading\">D\u00eda 10.<\/h2>\n\n<h3 class=\"wp-block-heading\">Everest<\/h3>\n\n<p>Temprano por la ma\u00f1ana comenzaremos a recorrer el enorme puerto que nos lleva al campamento base del Everest en la oscuridad. La carretera es nueva y ofrece magn\u00edficas vistas del Everest en la cima. Justo cuando llegues a la cima, ver\u00e1s la luz temprana aparecer en el Everest: este tiene que ser uno de los mejores momentos #WYMTM del mundo. Despu\u00e9s de un descenso lleno de diversi\u00f3n y una subida gradual, llegar\u00e1s al campamento base del Everest. Espera estar agotado y euf\u00f3rico cuando llegues al campamento base. Choca esos cinco por todas partes.     <\/p>\n\n<h4 class=\"wp-block-heading\">98 km<\/h4>\n\n<h4 class=\"wp-block-heading\">1638 m<\/h4>\n\n<figure class=\"wp-block-image\"><img decoding=\"async\" src=\"https:\/\/www.serk.cc\/wp-content\/uploads\/bb-plugin\/cache\/serk_journey_to_everest-20-300x200-panorama.jpg\" alt=\"serk_journey_to_everest-20\" class=\"wp-image-5926\" title=\"serk_journey_to_everest-20\"\/><\/figure>\n\n<figure class=\"wp-block-image\"><img decoding=\"async\" src=\"https:\/\/www.serk.cc\/wp-content\/uploads\/bb-plugin\/cache\/tibet2017-2-300x200-panorama.jpg\" alt=\"tibet2017-2\" class=\"wp-image-6112\" title=\"tibet2017-2\"\/><\/figure>\n\n<p>&#8220;Ir en bici al campamento base del Everest con Serk deber\u00eda estar en la lista de deseos de todo ciclista. Hazlo, no te arrepentir\u00e1s. #ElMejorViajeDeLaHistoria&#8221;. Jeremy, Reino Unido. <\/p>\n\n<h2 class=\"wp-block-heading\">D\u00eda 11.<\/h2>\n\n<h3 class=\"wp-block-heading\"><\/h3>\n\n<p>Un d\u00eda de tr\u00e1nsito viajando de vuelta a Shigatze. Paramos en un delicioso restaurante de dumplings para desayunar y llegamos a Shigatze para nuestra comida final de grupo. Despu\u00e9s de la cena, es hora de ir a los clubes tibetanos y tomar unas cervezas bien merecidas con los vaqueros y vaqueras tibetanos locales.  <\/p>\n\n<h4 class=\"wp-block-heading\">0 km<\/h4>\n\n<h4 class=\"wp-block-heading\">0 m<\/h4>\n\n<figure class=\"wp-block-image\"><img decoding=\"async\" src=\"https:\/\/www.serk.cc\/wp-content\/uploads\/bb-plugin\/cache\/tibet-4-300x169-panorama.jpg\" alt=\"tibet-4\" class=\"wp-image-6035\" title=\"tibet-4\"\/><\/figure>\n\n<figure class=\"wp-block-image\"><img decoding=\"async\" src=\"https:\/\/www.serk.cc\/wp-content\/uploads\/bb-plugin\/cache\/tibet2015-1-300x169-panorama.jpg\" alt=\"tibet2015-(1)\" class=\"wp-image-6100\" title=\"tibet2015-(1)\"\/><\/figure>\n\n<h2 class=\"wp-block-heading\">D\u00eda 12.<\/h2>\n\n<h3 class=\"wp-block-heading\">Chengdu<\/h3>\n\n<p>\u00a1Es hora de decir adi\u00f3s! Hoy volamos fuera del T\u00edbet y de vuelta a Chengdu, China. <\/p>\n\n<h4 class=\"wp-block-heading\">0 km<\/h4>\n\n<h4 class=\"wp-block-heading\">0 m<\/h4>\n\n<figure class=\"wp-block-image\"><img decoding=\"async\" src=\"https:\/\/www.serk.cc\/wp-content\/uploads\/bb-plugin\/cache\/tibet-6-300x225-panorama.jpg\" alt=\"tibet-6\" class=\"wp-image-6033\" title=\"tibet-6\"\/><\/figure>\n\n<figure class=\"wp-block-image\"><img decoding=\"async\" src=\"https:\/\/www.serk.cc\/wp-content\/uploads\/bb-plugin\/cache\/D536E2427B9F813F78A926C531F6E592-300x225-panorama.jpg\" alt=\"D536E2427B9F813F78A926C531F6E592\" class=\"wp-image-8968\" title=\"D536E2427B9F813F78A926C531F6E592\"\/><\/figure>\n","protected":false},"excerpt":{"rendered":"<p>Fechas 29 de abril &#8211; 10 de mayo de 202611 de mayo &#8211; 23 de mayo de 2026 (edici\u00f3n especial)3 de agosto &#8211; 14 de agosto de 20261 de septiembre &#8211; 12 de septiembre de 2026 Distancia 12 d\u00edas7 d\u00edas de ciclismoM\u00e1s de 700 km (muchos km a una altitud media de 4000 m)M\u00e1s de [&hellip;]<\/p>\n","protected":false},"author":1,"featured_media":0,"parent":0,"menu_order":0,"comment_status":"closed","ping_status":"closed","template":"","meta":{"_et_pb_use_builder":"off","_et_pb_old_content":"","_et_gb_content_width":"","footnotes":""},"class_list":["post-3937","page","type-page","status-publish","hentry"],"aioseo_notices":[],"_links":{"self":[{"href":"https:\/\/gravel-bikes.cc\/es\/wp-json\/wp\/v2\/pages\/3937","targetHints":{"allow":["GET"]}}],"collection":[{"href":"https:\/\/gravel-bikes.cc\/es\/wp-json\/wp\/v2\/pages"}],"about":[{"href":"https:\/\/gravel-bikes.cc\/es\/wp-json\/wp\/v2\/types\/page"}],"author":[{"embeddable":true,"href":"https:\/\/gravel-bikes.cc\/es\/wp-json\/wp\/v2\/users\/1"}],"replies":[{"embeddable":true,"href":"https:\/\/gravel-bikes.cc\/es\/wp-json\/wp\/v2\/comments?post=3937"}],"version-history":[{"count":1,"href":"https:\/\/gravel-bikes.cc\/es\/wp-json\/wp\/v2\/pages\/3937\/revisions"}],"predecessor-version":[{"id":3939,"href":"https:\/\/gravel-bikes.cc\/es\/wp-json\/wp\/v2\/pages\/3937\/revisions\/3939"}],"wp:attachment":[{"href":"https:\/\/gravel-bikes.cc\/es\/wp-json\/wp\/v2\/media?parent=3937"}],"curies":[{"name":"wp","href":"https:\/\/api.w.org\/{rel}","templated":true}]}}