{"id":4512,"date":"2025-12-31T15:47:45","date_gmt":"2025-12-31T15:47:45","guid":{"rendered":"https:\/\/gravel-bikes.cc\/estudio-biomecanico\/"},"modified":"2026-04-07T12:57:41","modified_gmt":"2026-04-07T12:57:41","slug":"estudio-biomecanico","status":"publish","type":"page","link":"https:\/\/gravel-bikes.cc\/es\/estudio-biomecanico\/","title":{"rendered":"ESTUDIO BIOMEC\u00c1NICO"},"content":{"rendered":"<p>[et_pb_section fb_built=&#8221;1&#8243; _builder_version=&#8221;4.27.5&#8243; _module_preset=&#8221;default&#8221; global_colors_info=&#8221;{}&#8221;][et_pb_row _builder_version=&#8221;4.27.6&#8243; _module_preset=&#8221;default&#8221; theme_builder_area=&#8221;post_content&#8221;][et_pb_column _builder_version=&#8221;4.27.6&#8243; _module_preset=&#8221;default&#8221; type=&#8221;4_4&#8243; theme_builder_area=&#8221;post_content&#8221;][et_pb_image src=&#8221;https:\/\/gravel-bikes.cc\/wp-content\/uploads\/2026\/04\/IMG_2984.jpeg&#8221; _builder_version=&#8221;4.27.6&#8243; _module_preset=&#8221;default&#8221; theme_builder_area=&#8221;post_content&#8221; title_text=&#8221;IMG_2984&#8243; hover_enabled=&#8221;0&#8243; sticky_enabled=&#8221;0&#8243;][\/et_pb_image][\/et_pb_column][\/et_pb_row][et_pb_row _builder_version=&#8221;4.27.5&#8243; _module_preset=&#8221;default&#8221; global_colors_info=&#8221;{}&#8221;][et_pb_column type=&#8221;4_4&#8243; _builder_version=&#8221;4.27.5&#8243; _module_preset=&#8221;default&#8221; global_colors_info=&#8221;{}&#8221;][et_pb_text _builder_version=&#8221;4.27.6&#8243; _module_preset=&#8221;default&#8221; global_colors_info=&#8221;{}&#8221;]<\/p>\n<section class=\"comp-m9ub37w62 CohWsy wixui-column-strip\"><\/section>\n<section id=\"comp-m9ub37w62\" class=\"comp-m9ub37w62 CohWsy wixui-column-strip\">\n<div data-testid=\"columns\" class=\"V5AUxf\">\n<div id=\"comp-m9ub37wc\" class=\"comp-m9ub37wc YzqVVZ wixui-column-strip__column\">\n<div data-mesh-id=\"comp-m9ub37wcinlineContent\" data-testid=\"inline-content\" class=\"\">\n<div data-mesh-id=\"comp-m9ub37wcinlineContent-gridContainer\" data-testid=\"mesh-container-content\">\n<div id=\"comp-m9ub37wd\" class=\"Z_l5lU ku3DBC zQ9jDz qvSjx3 Vq6kJx comp-m9ub37wd wixui-rich-text\" data-testid=\"richTextElement\">\n<h2 class=\"font_2 wixui-rich-text__text\"><span class=\"wixui-rich-text__text\">BIKE FITTING<\/span><\/h2>\n<p><span class=\"wixui-rich-text__text\"><\/span><\/p>\n<p><strong>Consejos de un ciclista que lleva 27 a\u00f1os en el sector. Ha ajustado bicis a ganadores de etapas del Tour de Francia y a ganadores de podios en Haw\u00e1i. No necesitas punteros l\u00e1ser\u2026 necesitas saber qu\u00e9 es lo que importa.<span class=\"wixui-rich-text__text\"><\/span><\/strong><\/p>\n<p><strong><span class=\"wixui-rich-text__text\"><\/span><\/strong><\/p>\n<\/div>\n<div id=\"comp-m9ubcf4y\" class=\"Z_l5lU ku3DBC zQ9jDz qvSjx3 Vq6kJx comp-m9ubcf4y wixui-rich-text\" data-testid=\"richTextElement\"><\/div>\n<\/div>\n<\/div>\n<\/div>\n<\/div>\n<\/section>\n<section id=\"comp-m9ub37we2\" class=\"comp-m9ub37we2 CohWsy wixui-column-strip\">\n<div data-testid=\"columns\" class=\"V5AUxf\">\n<div id=\"comp-m9ub37wf1\" class=\"comp-m9ub37wf1 YzqVVZ wixui-column-strip__column\">\n<div data-mesh-id=\"comp-m9ub37wf1inlineContent\" data-testid=\"inline-content\" class=\"\">\n<div data-mesh-id=\"comp-m9ub37wf1inlineContent-gridContainer\" data-testid=\"mesh-container-content\">\n<div id=\"comp-m9ub37wg1\" class=\"Z_l5lU ku3DBC zQ9jDz qvSjx3 Vq6kJx comp-m9ub37wg1 wixui-rich-text\" data-testid=\"richTextElement\">\n<h4><\/h4>\n<h4>\u00bfTe sientes inc\u00f3modo en tu bicicleta o quieres llevar tu rendimiento al siguiente nivel?<\/h4>\n<h4>Nuestro estudio biomec\u00e1nico profesional garantiza que tu bicicleta se adapte perfectamente a ti, para una mayor comodidad, eficiencia y menor fatiga.<\/h4>\n<h4><\/h4>\n<h4><\/h4>\n<h4>Qu\u00e9 puedes esperar:<\/h4>\n<p>&nbsp;<\/p>\n<h4>\u2705 An\u00e1lisis individual: nos centramos en tus medidas corporales, tu postura y tu estilo de conducci\u00f3n.<\/h4>\n<h4>\u2705 Posici\u00f3n de conducci\u00f3n \u00f3ptima: menos dolor y una transferencia de potencia m\u00e1s eficiente.<\/h4>\n<h4>\u2705 Experiencia de conducci\u00f3n mejorada: ya sea una bicicleta de carretera, de monta\u00f1a o de triatl\u00f3n, estar\u00e1s perfectamente equipado.<\/h4>\n<h4>\u2705 Mayor rendimiento: ahorra energ\u00eda y s\u00e9 m\u00e1s r\u00e1pido, kil\u00f3metro tras kil\u00f3metro.<\/h4>\n<p>&nbsp;<\/p>\n<h4><\/h4>\n<h4>Invierte en ti y en tu bicicleta. \u00a1Tu cuerpo te lo agradecer\u00e1 y tu rendimiento hablar\u00e1 por s\u00ed solo! <\/h4>\n<h4><\/h4>\n<h4>Experimenta la diferencia que puede marcar un bike fitting personalizado.<\/h4>\n<h4>&#8230; Pedalea con inteligencia, no con m\u00e1s esfuerzo.<\/h4>\n<p>&nbsp;<\/p>\n<h4>GRAVEL &#8211; Ajuste de bicicleta de carretera<\/h4>\n<p>&nbsp;<\/p>\n<h4>Descubre la experiencia de pedaleo perfecta con nuestro programa de bike fitting<\/h4>\n<p>&nbsp;<\/p>\n<h4>\u00bfQuieres que tu gravel sea a\u00fan m\u00e1s c\u00f3moda, eficiente y potente?<\/h4>\n<h4>\u00a1Nuestro bike fitting lo hace posible!<\/h4>\n<p>&nbsp;<\/p>\n<h4>\ud83d\udd27 Ajuste individual: optimizamos tu bici con precisi\u00f3n seg\u00fan tus necesidades y tu estilo de pedaleo, desde la posici\u00f3n del sill\u00edn hasta la altura del manillar.<\/h4>\n<p>&nbsp;<\/p>\n<p>&nbsp;<\/p>\n<h4>\u26a1 Mayor comodidad: reduce las molestias en las rutas m\u00e1s largas y mejora tu bienestar sobre el sill\u00edn.<\/h4>\n<p>&nbsp;<\/p>\n<p>&nbsp;<\/p>\n<h4>\ud83d\udeb4\u200d\u2640 M\u00e1ximo rendimiento: saca el m\u00e1ximo partido a tu bici, con una ergonom\u00eda perfecta y una transferencia de potencia \u00f3ptima.<\/h4>\n<p>&nbsp;<\/p>\n<p>&nbsp;<\/p>\n<h4>\ud83c\udf1f Para todos los niveles: tanto si eres principiante como profesional, nuestro servicio de fitting es apto para cualquiera que quiera mejorar su experiencia con la e-bike.<\/h4>\n<p>&nbsp;<\/p>\n<h4>\u00a1Descubre c\u00f3mo una bici perfectamente ajustada lleva tu experiencia de conducci\u00f3n al siguiente nivel!<\/h4>\n<p>&nbsp;<\/p>\n<p>&nbsp;<\/p>\n<h4>Reserva tu cita hoy mismo y disfruta de una nueva dimensi\u00f3n del ciclismo.<\/h4>\n<p>&nbsp;<\/p>\n<p>PRECIO 129 EUR. <\/p>\n<p>&nbsp;<\/p>\n<\/div>\n<\/div>\n<\/div>\n<\/div>\n<\/div>\n<\/section>\n<p>[\/et_pb_text][et_pb_button button_url=&#8221;https:\/\/gravel-bikes.cc\/es\/contacto\/&#8221; button_text=&#8221;Reserva tu cita&#8230;&#8221; _builder_version=&#8221;4.27.6&#8243; _module_preset=&#8221;default&#8221; global_colors_info=&#8221;{}&#8221;][\/et_pb_button][\/et_pb_column][\/et_pb_row][\/et_pb_section][et_pb_section fb_built=&#8221;1&#8243; theme_builder_area=&#8221;post_content&#8221; _builder_version=&#8221;4.27.6&#8243; _module_preset=&#8221;default&#8221;][\/et_pb_section]<\/p>\n","protected":false},"excerpt":{"rendered":"<p>BIKE FITTING Consejos de un ciclista que lleva 27 a\u00f1os en el sector. Ha ajustado bicis a ganadores de etapas del Tour de Francia y a ganadores de podios en Haw\u00e1i. No necesitas punteros l\u00e1ser\u2026 necesitas saber qu\u00e9 es lo que importa. \u00bfTe sientes inc\u00f3modo en tu bicicleta o quieres llevar tu rendimiento al siguiente [&hellip;]<\/p>\n","protected":false},"author":1,"featured_media":0,"parent":0,"menu_order":0,"comment_status":"closed","ping_status":"closed","template":"","meta":{"_et_pb_use_builder":"on","_et_pb_old_content":"","_et_gb_content_width":"","om_disable_all_campaigns":false,"_monsterinsights_skip_tracking":false,"_monsterinsights_sitenote_active":false,"_monsterinsights_sitenote_note":"","_monsterinsights_sitenote_category":0,"footnotes":""},"class_list":["post-4512","page","type-page","status-publish","hentry"],"aioseo_notices":[],"_links":{"self":[{"href":"https:\/\/gravel-bikes.cc\/es\/wp-json\/wp\/v2\/pages\/4512","targetHints":{"allow":["GET"]}}],"collection":[{"href":"https:\/\/gravel-bikes.cc\/es\/wp-json\/wp\/v2\/pages"}],"about":[{"href":"https:\/\/gravel-bikes.cc\/es\/wp-json\/wp\/v2\/types\/page"}],"author":[{"embeddable":true,"href":"https:\/\/gravel-bikes.cc\/es\/wp-json\/wp\/v2\/users\/1"}],"replies":[{"embeddable":true,"href":"https:\/\/gravel-bikes.cc\/es\/wp-json\/wp\/v2\/comments?post=4512"}],"version-history":[{"count":33,"href":"https:\/\/gravel-bikes.cc\/es\/wp-json\/wp\/v2\/pages\/4512\/revisions"}],"predecessor-version":[{"id":11023,"href":"https:\/\/gravel-bikes.cc\/es\/wp-json\/wp\/v2\/pages\/4512\/revisions\/11023"}],"wp:attachment":[{"href":"https:\/\/gravel-bikes.cc\/es\/wp-json\/wp\/v2\/media?parent=4512"}],"curies":[{"name":"wp","href":"https:\/\/api.w.org\/{rel}","templated":true}]}}