{"id":4947,"date":"2026-01-11T10:24:51","date_gmt":"2026-01-11T10:24:51","guid":{"rendered":"https:\/\/gravel-bikes.cc\/veloheld-2\/"},"modified":"2026-03-22T12:59:12","modified_gmt":"2026-03-22T12:59:12","slug":"veloheld-2","status":"publish","type":"page","link":"https:\/\/gravel-bikes.cc\/es\/veloheld-2\/","title":{"rendered":"VELOHELD"},"content":{"rendered":"<p>[et_pb_section fb_built=&#8221;1&#8243; fullwidth=&#8221;on&#8221; _builder_version=&#8221;4.27.5&#8243; _module_preset=&#8221;default&#8221; global_colors_info=&#8221;{}&#8221;][et_pb_fullwidth_slider _builder_version=&#8221;4.27.5&#8243; _module_preset=&#8221;default&#8221; hover_enabled=&#8221;0&#8243; global_colors_info=&#8221;{}&#8221; sticky_enabled=&#8221;0&#8243;][et_pb_slide heading=&#8221;Bicicletas de touring y gravel Veloheld&#8221; button_text=&#8221;Descubre m\u00e1s&#8230;&#8221; _builder_version=&#8221;4.27.5&#8243; _module_preset=&#8221;default&#8221; background_image=&#8221;https:\/\/gravel-bikes.cc\/wp-content\/uploads\/2026\/01\/veloheld-iconX-2026-6-uai-1686&#215;1124.jpg.webp&#8221; background_enable_image=&#8221;on&#8221; background_position=&#8221;top_center&#8221; hover_enabled=&#8221;0&#8243; global_colors_info=&#8221;{}&#8221; sticky_transition=&#8221;on&#8221; button_link=&#8221;https:\/\/gravel-bikes.cc\/es\/produkt-kategorie\/veloheld\/&#8221; sticky_enabled=&#8221;0&#8243;]<\/p>\n<h4>Ya sea una bicicleta para el d\u00eda a d\u00eda o una compa\u00f1era de bikepacking: las bicicletas veloheld de acero y titanio te llevan a tu destino con estilo y comodidad, d\u00eda tras d\u00eda.<\/h4>\n<p>[\/et_pb_slide][\/et_pb_fullwidth_slider][\/et_pb_section][et_pb_section fb_built=&#8221;1&#8243; admin_label=&#8221;section&#8221; _builder_version=&#8221;4.16&#8243; global_colors_info=&#8221;{}&#8221;][et_pb_row admin_label=&#8221;fila&#8221; _builder_version=&#8221;4.16&#8243; background_size=&#8221;initial&#8221; background_position=&#8221;top_left&#8221; background_repeat=&#8221;repeat&#8221; global_colors_info=&#8221;{}&#8221;][et_pb_column type=&#8221;4_4&#8243; _builder_version=&#8221;4.16&#8243; custom_padding=&#8221;|||&#8221; global_colors_info=&#8221;{}&#8221; custom_padding__hover=&#8221;|||&#8221;][et_pb_text admin_label=&#8221;Text&#8221; _builder_version=&#8221;4.16&#8243; background_size=&#8221;initial&#8221; background_position=&#8221;top_left&#8221; background_repeat=&#8221;repeat&#8221; global_colors_info=&#8221;{}&#8221;]<\/p>\n<p><strong>veloheld &#8211; Bicicletas con cuadros de acero para uso diario, gravel y aventura<\/strong><\/p>\n<\/p>\n<p>&nbsp;<\/p>\n<\/p>\n<p>En veloheld, llevamos desde 2007 construyendo bicicletas duraderas con cuadros de acero: individuales, elegantes y con atenci\u00f3n al detalle. Ya sea una bicicleta urbana\/de trekking, una bicicleta de gravel, una bicicleta de touring o una bicicleta de carreras all-road: t\u00fa decides el color, el equipamiento y el \u00e1rea de uso. Configura tu nueva bicicleta online u obt\u00e9n asesoramiento personal. Puedes encontrar inspiraci\u00f3n en nuestra galer\u00eda de bicicletas personalizadas de clientes. Y si quieres, puedes probar y recoger tu nueva veloheld aqu\u00ed mismo, en Dresde.   <\/p>\n<\/p>\n<p><strong>Bicicletas con car\u00e1cter: para la ciudad, el gravel y la aventura<\/strong><\/p>\n<\/p>\n<p>Ya sea una bicicleta para el d\u00eda a d\u00eda o una compa\u00f1era de bikepacking: las bicicletas veloheld de acero y titanio te llevan a tu destino con estilo y comodidad, d\u00eda tras d\u00eda.<\/p>\n<\/p>\n<p><strong>Materiales del cuadro<\/strong><\/p>\n<\/p>\n<p>Nuestros cuadros est\u00e1n fabricados con acero CrMo reciclable y titanio de alta calidad, materiales conocidos por su durabilidad, sostenibilidad y est\u00e9tica atemporal.<\/p>\n<\/p>\n<p><strong>Bicicletas personalizadas: tan \u00fanicas como t\u00fa<\/strong><\/p>\n<\/p>\n<p>Elige tu propio color de cuadro, equipamiento y componentes. Crea tu bicicleta veloheld personalizada online u obt\u00e9n asesoramiento por tel\u00e9fono. <\/p>\n<\/p>\n<p>[\/et_pb_text][\/et_pb_column][\/et_pb_row][\/et_pb_section][et_pb_section fb_built=&#8221;1&#8243; fullwidth=&#8221;on&#8221; _builder_version=&#8221;4.27.5&#8243; _module_preset=&#8221;default&#8221; global_colors_info=&#8221;{}&#8221;][et_pb_fullwidth_slider _builder_version=&#8221;4.27.5&#8243; _module_preset=&#8221;default&#8221; hover_enabled=&#8221;0&#8243; global_colors_info=&#8221;{}&#8221; sticky_enabled=&#8221;0&#8243;][et_pb_slide heading=&#8221;Descubre los modelos Veloheld.&#8221; button_text=&#8221;Descubre m\u00e1s&#8230;&#8221; _builder_version=&#8221;4.27.5&#8243; _module_preset=&#8221;default&#8221; background_image=&#8221;https:\/\/gravel-bikes.cc\/wp-content\/uploads\/2026\/01\/veloheld-alleyx-tropical-fusion-illusion-17-uai-1125&#215;1125.jpg.webp&#8221; background_enable_image=&#8221;on&#8221; global_colors_info=&#8221;{}&#8221; sticky_transition=&#8221;on&#8221;]<\/p>\n<h4>Ya sea una bicicleta para el d\u00eda a d\u00eda o una compa\u00f1era de bikepacking: las bicicletas veloheld de acero y titanio te llevan a tu destino con estilo y comodidad, d\u00eda tras d\u00eda.<\/h4>\n<p>[\/et_pb_slide][\/et_pb_fullwidth_slider][\/et_pb_section]<\/p>\n","protected":false},"excerpt":{"rendered":"<p>Ya sea una bicicleta para el d\u00eda a d\u00eda o una compa\u00f1era de bikepacking: las bicicletas veloheld de acero y titanio te llevan a tu destino con estilo y comodidad, d\u00eda tras d\u00eda. veloheld &#8211; Bicicletas con cuadros de acero para uso diario, gravel y aventura &nbsp; En veloheld, llevamos desde 2007 construyendo bicicletas duraderas [&hellip;]<\/p>\n","protected":false},"author":1,"featured_media":0,"parent":0,"menu_order":0,"comment_status":"closed","ping_status":"closed","template":"","meta":{"_et_pb_use_builder":"on","_et_pb_old_content":"","_et_gb_content_width":"","footnotes":""},"class_list":["post-4947","page","type-page","status-publish","hentry"],"aioseo_notices":[],"_links":{"self":[{"href":"https:\/\/gravel-bikes.cc\/es\/wp-json\/wp\/v2\/pages\/4947","targetHints":{"allow":["GET"]}}],"collection":[{"href":"https:\/\/gravel-bikes.cc\/es\/wp-json\/wp\/v2\/pages"}],"about":[{"href":"https:\/\/gravel-bikes.cc\/es\/wp-json\/wp\/v2\/types\/page"}],"author":[{"embeddable":true,"href":"https:\/\/gravel-bikes.cc\/es\/wp-json\/wp\/v2\/users\/1"}],"replies":[{"embeddable":true,"href":"https:\/\/gravel-bikes.cc\/es\/wp-json\/wp\/v2\/comments?post=4947"}],"version-history":[{"count":3,"href":"https:\/\/gravel-bikes.cc\/es\/wp-json\/wp\/v2\/pages\/4947\/revisions"}],"predecessor-version":[{"id":9908,"href":"https:\/\/gravel-bikes.cc\/es\/wp-json\/wp\/v2\/pages\/4947\/revisions\/9908"}],"wp:attachment":[{"href":"https:\/\/gravel-bikes.cc\/es\/wp-json\/wp\/v2\/media?parent=4947"}],"curies":[{"name":"wp","href":"https:\/\/api.w.org\/{rel}","templated":true}]}}