{"id":6548,"date":"2026-01-25T15:03:17","date_gmt":"2026-01-25T15:03:17","guid":{"rendered":"https:\/\/gravel-bikes.cc\/leasing-de-bicicletas\/"},"modified":"2026-01-25T15:03:34","modified_gmt":"2026-01-25T15:03:34","slug":"leasing-de-bicicletas","status":"publish","type":"page","link":"https:\/\/gravel-bikes.cc\/es\/leasing-de-bicicletas\/","title":{"rendered":"LEASING DE BICICLETAS"},"content":{"rendered":"\n<h2 class=\"wp-block-heading\">As\u00ed de f\u00e1cil es conseguir tu bicicleta de empresa<\/h2>\n\n<p><strong>\u00a1Genial! Quieres una bicicleta de empresa <\/strong><\/p>\n\n<p>Nos alegramos de que te interese el servicio de Bikeleasing. Ahora vamos a convencer juntos a tu empleador. <\/p>\n\n<p>1<\/p>\n\n<p><strong>Convencer y registrarse<\/strong><\/p>\n\n<p>En cuanto tu empleador se registre como cliente de Bikeleasing, t\u00fa tambi\u00e9n podr\u00e1s registrarte en nuestro portal de Bikeleasing.<\/p>\n\n<p>2<\/p>\n\n<p><strong>Seleccionar la bicicleta deseada<\/strong><\/p>\n\n<p>Selecciona la bicicleta que deseas en la tienda. El distribuidor asociado realiza la solicitud de leasing, que t\u00fa y tu empleador solo ten\u00e9is que aprobar. <\/p>\n\n<p>3<\/p>\n\n<p><strong>Empieza a pedalear con la bicicleta de tus sue\u00f1os<\/strong><\/p>\n\n<p>Tu nueva bicicleta de empresa se puede recoger directamente en la tienda asociada. \u00a1Listo! <\/p>\n\n<p>4<\/p>\n\n<h2 class=\"wp-block-heading\">Ahora, convi\u00e9rtete en ciclista de empresa:<\/h2>\n\n<p><img srcset=\"https:\/\/files.bikeleasing.de\/_processed_\/7\/0\/csm_250709_Bikeleasing_Motiv7_Damenrad_4624_bearbeitet_Ansicht_4fdcf7c350.jpg\" alt=\"Una mujer en bicicleta el&#xE9;ctrica circula por la ciudad\"\/><\/p>\n\n<p><strong>\u00bfTu empleador ya es cliente de Bikeleasing?<\/strong><\/p>\n\n<p><\/p>\n","protected":false},"excerpt":{"rendered":"<p>As\u00ed de f\u00e1cil es conseguir tu bicicleta de empresa \u00a1Genial! Quieres una bicicleta de empresa Nos alegramos de que te interese el servicio de Bikeleasing. Ahora vamos a convencer juntos a tu empleador. 1 Convencer y registrarse En cuanto tu empleador se registre como cliente de Bikeleasing, t\u00fa tambi\u00e9n podr\u00e1s registrarte en nuestro portal de [&hellip;]<\/p>\n","protected":false},"author":1,"featured_media":0,"parent":0,"menu_order":0,"comment_status":"closed","ping_status":"closed","template":"","meta":{"_et_pb_use_builder":"off","_et_pb_old_content":"","_et_gb_content_width":"","om_disable_all_campaigns":false,"_monsterinsights_skip_tracking":false,"_monsterinsights_sitenote_active":false,"_monsterinsights_sitenote_note":"","_monsterinsights_sitenote_category":0,"footnotes":""},"class_list":["post-6548","page","type-page","status-publish","hentry"],"aioseo_notices":[],"_links":{"self":[{"href":"https:\/\/gravel-bikes.cc\/es\/wp-json\/wp\/v2\/pages\/6548","targetHints":{"allow":["GET"]}}],"collection":[{"href":"https:\/\/gravel-bikes.cc\/es\/wp-json\/wp\/v2\/pages"}],"about":[{"href":"https:\/\/gravel-bikes.cc\/es\/wp-json\/wp\/v2\/types\/page"}],"author":[{"embeddable":true,"href":"https:\/\/gravel-bikes.cc\/es\/wp-json\/wp\/v2\/users\/1"}],"replies":[{"embeddable":true,"href":"https:\/\/gravel-bikes.cc\/es\/wp-json\/wp\/v2\/comments?post=6548"}],"version-history":[{"count":1,"href":"https:\/\/gravel-bikes.cc\/es\/wp-json\/wp\/v2\/pages\/6548\/revisions"}],"predecessor-version":[{"id":6549,"href":"https:\/\/gravel-bikes.cc\/es\/wp-json\/wp\/v2\/pages\/6548\/revisions\/6549"}],"wp:attachment":[{"href":"https:\/\/gravel-bikes.cc\/es\/wp-json\/wp\/v2\/media?parent=6548"}],"curies":[{"name":"wp","href":"https:\/\/api.w.org\/{rel}","templated":true}]}}