{"id":6554,"date":"2026-01-25T15:05:02","date_gmt":"2026-01-25T15:05:02","guid":{"rendered":"https:\/\/gravel-bikes.cc\/financia-una-bicicleta\/"},"modified":"2026-01-25T15:07:18","modified_gmt":"2026-01-25T15:07:18","slug":"financia-una-bicicleta","status":"publish","type":"page","link":"https:\/\/gravel-bikes.cc\/es\/financia-una-bicicleta\/","title":{"rendered":"FINANCIA UNA BICICLETA"},"content":{"rendered":"\n<h2 class=\"wp-block-heading\" id=\"heading-697630eb785ec\">Sus ventajas.<\/h2>\n\n<p>\u00bfHa encontrado la bicicleta de sus sue\u00f1os, pero no quiere pagarla de una sola vez? Estaremos encantados de ayudarle: con la financiaci\u00f3n online de bicicletas FINANCE A BIKE, usted determina el plazo y se lleva la bicicleta de sus sue\u00f1os de inmediato. <\/p>\n\n<h3 class=\"wp-block-heading\">Privacidad financiera<\/h3>\n\n<p>Usted realiza el proceso de solicitud de forma independiente y no tiene que comunicar informaci\u00f3n sobre su salario al distribuidor de bicicletas.<\/p>\n\n<h3 class=\"wp-block-heading\">R\u00e1pido y sencillo<\/h3>\n\n<p>Proceso de solicitud totalmente digital sin papeleo. El pago se realiza directamente al distribuidor de bicicletas. Puede llevarse la bicicleta de sus sue\u00f1os el mismo d\u00eda, todo con una sola visita.  <\/p>\n\n<h3 class=\"wp-block-heading\">Cuota constante<\/h3>\n\n<p>Gracias a las atractivas cuotas constantes, es posible la compra de bienes y servicios de alta calidad.<\/p>\n\n<h3 class=\"wp-block-heading\">Flexibilidad total<\/h3>\n\n<p>Reembolso gratuito y amortizaci\u00f3n especial posibles en cualquier momento.<\/p>\n\n<h3 class=\"wp-block-heading\">Portal del cliente<\/h3>\n\n<p>Puede gestionar su contrato de forma totalmente digital.<\/p>\n\n<h3 class=\"wp-block-heading\">Transparente<\/h3>\n\n<p>Sin costes ocultos para ti<img decoding=\"async\" src=\"https:\/\/www.financeabike.de\/wp-content\/uploads\/2021\/05\/Ratenkredit_Ueberblick_Privatkunden_1440x750@2x-scaled.jpg\" alt=\"Una ciclista levanta las piernas de la bicicleta y sonr&#xED;e a la c&#xE1;mara.\"\/><\/p>\n\n<h2 class=\"wp-block-heading\" id=\"heading-697630eb78df8\">El pr\u00e9stamo a plazos en resumen.<\/h2>\n\n<figure class=\"wp-block-image\"><img decoding=\"async\" src=\"https:\/\/www.financeabike.de\/wp-content\/uploads\/2021\/02\/01.svg\" alt=\"\"\/><\/figure>\n\n<p>Reembolso anticipado posible en cualquier momento de forma gratuita<\/p>\n\n<figure class=\"wp-block-image\"><img decoding=\"async\" src=\"https:\/\/www.financeabike.de\/wp-content\/uploads\/2021\/02\/02.svg\" alt=\"\"\/><\/figure>\n\n<p>Importe del cr\u00e9dito<br\/>500\u20136.000 \u20ac<\/p>\n\n<figure class=\"wp-block-image\"><img decoding=\"async\" src=\"https:\/\/www.financeabike.de\/wp-content\/uploads\/2021\/02\/03.svg\" alt=\"\"\/><\/figure>\n\n<p>Plazo de 6, 12, 18, 24, 36 o 48 meses (libre elecci\u00f3n)<\/p>\n\n<figure class=\"wp-block-image\"><img decoding=\"async\" src=\"https:\/\/www.financeabike.de\/wp-content\/uploads\/2021\/02\/04.svg\" alt=\"\"\/><\/figure>\n\n<p>Tipo de inter\u00e9s fijo del 6,99 % nominal anual, 30 d\u00edas sin intereses, por lo tanto, dependiendo del plazo, del 5,12 al 6,91 % efectivo*<\/p>\n\n<p><a href=\"https:\/\/portal.financeabike.de\/#\/onboarding\/main\">Iniciar solicitud de cr\u00e9dito sin compromiso<\/a><\/p>\n\n<p>*Despu\u00e9s de 30 d\u00edas, con un tipo de inter\u00e9s deudor (fijo) del 6,99 % anual, tipo de inter\u00e9s anual efectivo: 6,90 %, importe neto del pr\u00e9stamo: 2.999,00 \u20ac, importe total: 3.426,72 \u20ac, 48 cuotas de 71,39 \u20ac, plazo: 48 meses. Sujeto a solvencia. Estos datos corresponden al ejemplo de c\u00e1lculo seg\u00fan PAngV. Existe un derecho legal de desistimiento para los consumidores. Estado: marzo de 2025<\/p>\n","protected":false},"excerpt":{"rendered":"<p>Sus ventajas. \u00bfHa encontrado la bicicleta de sus sue\u00f1os, pero no quiere pagarla de una sola vez? Estaremos encantados de ayudarle: con la financiaci\u00f3n online de bicicletas FINANCE A BIKE, usted determina el plazo y se lleva la bicicleta de sus sue\u00f1os de inmediato. Privacidad financiera Usted realiza el proceso de solicitud de forma independiente [&hellip;]<\/p>\n","protected":false},"author":1,"featured_media":0,"parent":0,"menu_order":0,"comment_status":"closed","ping_status":"closed","template":"","meta":{"_et_pb_use_builder":"off","_et_pb_old_content":"","_et_gb_content_width":"","om_disable_all_campaigns":false,"_monsterinsights_skip_tracking":false,"_monsterinsights_sitenote_active":false,"_monsterinsights_sitenote_note":"","_monsterinsights_sitenote_category":0,"footnotes":""},"class_list":["post-6554","page","type-page","status-publish","hentry"],"aioseo_notices":[],"_links":{"self":[{"href":"https:\/\/gravel-bikes.cc\/es\/wp-json\/wp\/v2\/pages\/6554","targetHints":{"allow":["GET"]}}],"collection":[{"href":"https:\/\/gravel-bikes.cc\/es\/wp-json\/wp\/v2\/pages"}],"about":[{"href":"https:\/\/gravel-bikes.cc\/es\/wp-json\/wp\/v2\/types\/page"}],"author":[{"embeddable":true,"href":"https:\/\/gravel-bikes.cc\/es\/wp-json\/wp\/v2\/users\/1"}],"replies":[{"embeddable":true,"href":"https:\/\/gravel-bikes.cc\/es\/wp-json\/wp\/v2\/comments?post=6554"}],"version-history":[{"count":2,"href":"https:\/\/gravel-bikes.cc\/es\/wp-json\/wp\/v2\/pages\/6554\/revisions"}],"predecessor-version":[{"id":6559,"href":"https:\/\/gravel-bikes.cc\/es\/wp-json\/wp\/v2\/pages\/6554\/revisions\/6559"}],"wp:attachment":[{"href":"https:\/\/gravel-bikes.cc\/es\/wp-json\/wp\/v2\/media?parent=6554"}],"curies":[{"name":"wp","href":"https:\/\/api.w.org\/{rel}","templated":true}]}}