{"id":9234,"date":"2026-03-12T15:35:15","date_gmt":"2026-03-12T15:35:15","guid":{"rendered":"https:\/\/gravel-bikes.cc\/pearl-adventure-ekar-1x13\/"},"modified":"2026-03-22T12:25:35","modified_gmt":"2026-03-22T12:25:35","slug":"pearl-adventure-ekar-1x13","status":"publish","type":"page","link":"https:\/\/gravel-bikes.cc\/es\/pearl-adventure-ekar-1x13\/","title":{"rendered":"PEARL ADVENTURE EKAR 1&#215;13"},"content":{"rendered":"<p>[et_pb_section fb_built=&#8221;1&#8243; fullwidth=&#8221;on&#8221; _builder_version=&#8221;4.27.6&#8243; _module_preset=&#8221;default&#8221; hover_enabled=&#8221;0&#8243; global_colors_info=&#8221;{}&#8221; sticky_enabled=&#8221;0&#8243;][et_pb_fullwidth_slider _builder_version=&#8221;4.27.6&#8243; _module_preset=&#8221;default&#8221; hover_enabled=&#8221;0&#8243; global_colors_info=&#8221;{}&#8221; sticky_enabled=&#8221;0&#8243;][et_pb_slide heading=&#8221;PEARL ADVENTURE GRX 612&#8243; _builder_version=&#8221;4.27.6&#8243; _module_preset=&#8221;default&#8221; background_image=&#8221;https:\/\/gravel-bikes.cc\/wp-content\/uploads\/2025\/12\/IMG_3721-scaled.jpg&#8221; background_enable_image=&#8221;on&#8221; hover_enabled=&#8221;0&#8243; global_colors_info=&#8221;{}&#8221; sticky_transition=&#8221;on&#8221; title_text=&#8221;IMG_3721&#8243; sticky_enabled=&#8221;0&#8243;]<\/p>\n<h3>Bicicletas gravel premium de Hamburgo. Listas para tu pr\u00f3xima aventura. <\/h3>\n<p>[\/et_pb_slide][\/et_pb_fullwidth_slider][\/et_pb_section][et_pb_section fb_built=&#8221;1&#8243; _builder_version=&#8221;4.27.5&#8243; _module_preset=&#8221;default&#8221; global_colors_info=&#8221;{}&#8221;][et_pb_row column_structure=&#8221;1_2,1_2&#8243; _builder_version=&#8221;4.27.5&#8243; _module_preset=&#8221;default&#8221; global_colors_info=&#8221;{}&#8221;][et_pb_column type=&#8221;1_2&#8243; _builder_version=&#8221;4.27.5&#8243; _module_preset=&#8221;default&#8221; global_colors_info=&#8221;{}&#8221;][et_pb_image src=&#8221;https:\/\/gravel-bikes.cc\/wp-content\/uploads\/2025\/12\/IMG_3722-scaled.jpg&#8221; title_text=&#8221;IMG_3722&#8243; _builder_version=&#8221;4.27.6&#8243; _module_preset=&#8221;default&#8221; hover_enabled=&#8221;0&#8243; global_colors_info=&#8221;{}&#8221; sticky_enabled=&#8221;0&#8243;][\/et_pb_image][\/et_pb_column][et_pb_column type=&#8221;1_2&#8243; _builder_version=&#8221;4.27.5&#8243; _module_preset=&#8221;default&#8221; global_colors_info=&#8221;{}&#8221;][et_pb_text _builder_version=&#8221;4.27.6&#8243; _module_preset=&#8221;default&#8221; hover_enabled=&#8221;0&#8243; global_colors_info=&#8221;{}&#8221; sticky_enabled=&#8221;0&#8243;]<\/p>\n<div class=\"elementor-element elementor-element-157d1f65 elementor-widget elementor-widget-heading\" data-id=\"157d1f65\" data-element_type=\"widget\" data-widget_type=\"heading.default\"><\/div>\n<div class=\"elementor-element elementor-element-157d1f65 elementor-widget elementor-widget-heading\" data-id=\"157d1f65\" data-element_type=\"widget\" data-widget_type=\"heading.default\">\n<div class=\"elementor-widget-container\">\n<h1 class=\"elementor-heading-title elementor-size-default\"><span dir=\"auto\">RENDIMIENTO SIN L\u00cdMITES<\/span><\/h1>\n<p><span dir=\"auto\"><\/span><\/p>\n<\/div>\n<\/div>\n<div class=\"elementor-element elementor-element-51c89f00 elementor-widget elementor-widget-text-editor\" data-id=\"51c89f00\" data-element_type=\"widget\" data-widget_type=\"text-editor.default\">\n<div class=\"elementor-widget-container\">\n<ul>\n<li>Geometr\u00eda Adventure<\/li>\n<li>Fibra de carbono unidireccional<\/li>\n<li>Fiable y ligera, y apta para neum\u00e1ticos de 55 mm.<\/li>\n<li>Los ejes de 12 mm aumentan la rigidez de la rueda en comparaci\u00f3n con el cierre r\u00e1pido normal.<\/li>\n<li>Horquilla aerodin\u00e1mica de base ancha y tubo de direcci\u00f3n que aumentan la rigidez de la parte delantera del cuadro.<\/li>\n<li>Compatible con guardabarros, portabultos y todas las bolsas de bikepacking.<\/li>\n<\/ul>\n<p>&nbsp;<\/p>\n<\/div>\n<\/div>\n<p>[\/et_pb_text][\/et_pb_column][\/et_pb_row][et_pb_row column_structure=&#8221;1_2,1_2&#8243; _builder_version=&#8221;4.27.6&#8243; _module_preset=&#8221;default&#8221; global_colors_info=&#8221;{}&#8221;][et_pb_column type=&#8221;1_2&#8243; _builder_version=&#8221;4.27.5&#8243; _module_preset=&#8221;default&#8221; global_colors_info=&#8221;{}&#8221;][et_pb_accordion _builder_version=&#8221;4.27.6&#8243; _module_preset=&#8221;default&#8221; global_colors_info=&#8221;{}&#8221;][et_pb_accordion_item title=&#8221;GEOMETR\u00cdA ADVENTURE&#8221; open=&#8221;on&#8221; _builder_version=&#8221;4.27.6&#8243; _module_preset=&#8221;default&#8221; global_colors_info=&#8221;{}&#8221;]<\/p>\n<p>Geometr\u00eda Adventure ligeramente erguida y con m\u00e1s comodidad.<\/p>\n<p>[\/et_pb_accordion_item][et_pb_accordion_item title=&#8221;PASO DE RUEDA DE 55 mm&#8221; _builder_version=&#8221;4.27.6&#8243; _module_preset=&#8221;default&#8221; global_colors_info=&#8221;{}&#8221; open=&#8221;off&#8221;]<\/p>\n<p>Nuestros modelos Adventure ahora admiten hasta 55 mm. M\u00e1s comodidad y m\u00e1s agarre para el gravel m\u00e1s exigente. <\/p>\n<p>[\/et_pb_accordion_item][et_pb_accordion_item title=&#8221;CARBONO TORAY 1000&#8243; _builder_version=&#8221;4.27.6&#8243; _module_preset=&#8221;default&#8221; global_colors_info=&#8221;{}&#8221; open=&#8221;off&#8221;]<\/p>\n<p>Los cuadros Pearl est\u00e1n fabricados con las mejores y m\u00e1s duraderas fibras prepeg del mercado.<\/p>\n<p>[\/et_pb_accordion_item][et_pb_accordion_item title=&#8221;SHIMANO GRX&#8221; _builder_version=&#8221;4.27.6&#8243; _module_preset=&#8221;default&#8221; global_colors_info=&#8221;{}&#8221; open=&#8221;off&#8221;]<\/p>\n<p>Shimano GRX ofrece un cambio preciso y frenos hidr\u00e1ulicos fiables.<\/p>\n<p>[\/et_pb_accordion_item][et_pb_accordion_item title=&#8221;RUEDAS FULCRUM&#8221; _builder_version=&#8221;4.27.6&#8243; _module_preset=&#8221;default&#8221; global_colors_info=&#8221;{}&#8221; open=&#8221;off&#8221;]<\/p>\n<p>Ruedas italianas fiables e indestructibles. Listas para tubeless. <\/p>\n<p>[\/et_pb_accordion_item][\/et_pb_accordion][\/et_pb_column][et_pb_column type=&#8221;1_2&#8243; _builder_version=&#8221;4.27.6&#8243; _module_preset=&#8221;default&#8221; global_colors_info=&#8221;{}&#8221;][et_pb_image src=&#8221;https:\/\/gravel-bikes.cc\/wp-content\/uploads\/2025\/12\/IMG_3723-scaled.jpg&#8221; title_text=&#8221;IMG_3723&#8243; _builder_version=&#8221;4.27.6&#8243; _module_preset=&#8221;default&#8221; hover_enabled=&#8221;0&#8243; global_colors_info=&#8221;{}&#8221; sticky_enabled=&#8221;0&#8243;][\/et_pb_image][\/et_pb_column][\/et_pb_row][\/et_pb_section][et_pb_section fb_built=&#8221;1&#8243; fullwidth=&#8221;on&#8221; _builder_version=&#8221;4.27.5&#8243; _module_preset=&#8221;default&#8221; global_colors_info=&#8221;{}&#8221;][et_pb_fullwidth_slider _builder_version=&#8221;4.27.6&#8243; _module_preset=&#8221;default&#8221; hover_enabled=&#8221;0&#8243; global_colors_info=&#8221;{}&#8221; sticky_enabled=&#8221;0&#8243;][et_pb_slide heading=&#8221;PEARL ADVENTURE CAMPAGNOLO EKAR&#8221; button_text=&#8221;Descubre m\u00e1s&#8230;&#8221; _builder_version=&#8221;4.27.6&#8243; _module_preset=&#8221;default&#8221; background_image=&#8221;https:\/\/gravel-bikes.cc\/wp-content\/uploads\/2026\/03\/83913141_10221126398854004_3039832076623806464_n.jpg&#8221; background_enable_image=&#8221;on&#8221; hover_enabled=&#8221;0&#8243; global_colors_info=&#8221;{}&#8221; sticky_transition=&#8221;on&#8221; sticky_enabled=&#8221;0&#8243;][\/et_pb_slide][\/et_pb_fullwidth_slider][\/et_pb_section][et_pb_section fb_built=&#8221;1&#8243; _builder_version=&#8221;4.27.5&#8243; _module_preset=&#8221;default&#8221; global_colors_info=&#8221;{}&#8221;][\/et_pb_section][et_pb_section fb_built=&#8221;1&#8243; _builder_version=&#8221;4.27.5&#8243; _module_preset=&#8221;default&#8221; custom_padding=&#8221;54px|||||&#8221; global_colors_info=&#8221;{}&#8221;][et_pb_row column_structure=&#8221;1_2,1_2&#8243; _builder_version=&#8221;4.27.5&#8243; _module_preset=&#8221;default&#8221; global_colors_info=&#8221;{}&#8221;][et_pb_column type=&#8221;1_2&#8243; _builder_version=&#8221;4.27.5&#8243; _module_preset=&#8221;default&#8221; global_colors_info=&#8221;{}&#8221;][et_pb_image src=&#8221;https:\/\/gravel-bikes.cc\/wp-content\/uploads\/2026\/03\/83913141_10221126398854004_3039832076623806464_n.jpg&#8221; title_text=&#8221;83913141_10221126398854004_3039832076623806464_n&#8221; _builder_version=&#8221;4.27.6&#8243; _module_preset=&#8221;default&#8221; global_colors_info=&#8221;{}&#8221;][\/et_pb_image][\/et_pb_column][et_pb_column type=&#8221;1_2&#8243; _builder_version=&#8221;4.27.5&#8243; _module_preset=&#8221;default&#8221; global_colors_info=&#8221;{}&#8221;][et_pb_text _builder_version=&#8221;4.27.6&#8243; _module_preset=&#8221;default&#8221; global_colors_info=&#8221;{}&#8221;]<\/p>\n<div class=\"elementor-element elementor-element-238b939a elementor-hidden-tablet elementor-hidden-mobile elementor-widget elementor-widget-heading\" data-id=\"238b939a\" data-element_type=\"widget\" data-widget_type=\"heading.default\">\n<div class=\"elementor-widget-container\">\n<h2 class=\"elementor-heading-title elementor-size-default\"><span dir=\"auto\">GRAVEL SIN CABLES:<\/span><br \/><span dir=\"auto\">LA MANTO FLUYE SIN OBST\u00c1CULOS<\/span><\/h2>\n<p><span dir=\"auto\"><\/span><\/p>\n<p><span dir=\"auto\"><\/span><\/p>\n<p><span dir=\"auto\"><\/span><\/p>\n<\/div>\n<\/div>\n<div class=\"elementor-element elementor-element-69fffdd elementor-hidden-tablet elementor-hidden-mobile elementor-widget elementor-widget-text-editor\" data-id=\"69fffdd\" data-element_type=\"widget\" data-widget_type=\"text-editor.default\">\n<div class=\"elementor-widget-container\">\n<p><span dir=\"auto\">La parte delantera de la MANTO destaca por su sutil combinaci\u00f3n de perfiles aerodin\u00e1micos en el tubo de direcci\u00f3n y el tubo diagonal que se integran en la corona de la horquilla sobredimensionada. M\u00e1s all\u00e1 de esa forma aerodin\u00e1micamente eficiente, el tubo de direcci\u00f3n tambi\u00e9n gu\u00eda los latiguillos de freno de forma limpia y sencilla a trav\u00e9s del rodamiento de direcci\u00f3n de 1,5&#8243;, para no exponer nada al viento y mantenerlo todo ordenado. Esta soluci\u00f3n tambi\u00e9n es limpia y \u00fatil cuando se utilizan bolsas de manillar, para que los cables no interfieran con las correas.  <\/span><\/p>\n<\/div>\n<\/div>\n<p>[\/et_pb_text][\/et_pb_column][\/et_pb_row][\/et_pb_section][et_pb_section fb_built=&#8221;1&#8243; _builder_version=&#8221;4.27.6&#8243; _module_preset=&#8221;default&#8221; global_colors_info=&#8221;{}&#8221;][et_pb_row _builder_version=&#8221;4.27.6&#8243; _module_preset=&#8221;default&#8221; global_colors_info=&#8221;{}&#8221;][et_pb_column type=&#8221;4_4&#8243; _builder_version=&#8221;4.27.6&#8243; _module_preset=&#8221;default&#8221; global_colors_info=&#8221;{}&#8221;][et_pb_text _builder_version=&#8221;4.27.6&#8243; _module_preset=&#8221;default&#8221; global_colors_info=&#8221;{}&#8221;]<\/p>\n<h3 style=\"text-align: center;\"><strong>GEOMETR\u00cdA<\/strong><\/h3>\n<p>[\/et_pb_text][\/et_pb_column][\/et_pb_row][\/et_pb_section][et_pb_section fb_built=&#8221;1&#8243; _builder_version=&#8221;4.27.5&#8243; _module_preset=&#8221;default&#8221; global_colors_info=&#8221;{}&#8221;][et_pb_row column_structure=&#8221;1_2,1_2&#8243; _builder_version=&#8221;4.27.5&#8243; _module_preset=&#8221;default&#8221; width=&#8221;100%&#8221; max_width=&#8221;1803px&#8221; custom_padding=&#8221;14px|||||&#8221; global_colors_info=&#8221;{}&#8221;][et_pb_column type=&#8221;1_2&#8243; _builder_version=&#8221;4.27.5&#8243; _module_preset=&#8221;default&#8221; global_colors_info=&#8221;{}&#8221;][et_pb_text _builder_version=&#8221;4.27.5&#8243; _module_preset=&#8221;default&#8221; global_colors_info=&#8221;{}&#8221;]<\/p>\n<table class=\"size_guide\">\n<tbody>\n<tr>\n<th><span dir=\"auto\">Talla<\/span><\/th>\n<th><span dir=\"auto\">48<\/span><\/th>\n<th><span dir=\"auto\">51<\/span><\/th>\n<th><span dir=\"auto\">54<\/span><\/th>\n<th><span dir=\"auto\">56<\/span><\/th>\n<th><span dir=\"auto\">58<\/span><\/th>\n<\/tr>\n<tr>\n<td> <\/td>\n<td><span dir=\"auto\">152-163 cm<\/span><\/td>\n<td><span dir=\"auto\">161-170 cm<\/span><\/td>\n<td><span dir=\"auto\">170-177 cm<\/span><\/td>\n<td><span dir=\"auto\">175-181 cm<\/span><\/td>\n<td><span dir=\"auto\">180-188 cm<\/span><\/td>\n<\/tr>\n<tr>\n<td><span dir=\"auto\">A. Stack (altura vertical)<\/span><\/td>\n<td><span dir=\"auto\">505<\/span><\/td>\n<td><span dir=\"auto\">525<\/span><\/td>\n<td><span dir=\"auto\">545<\/span><\/td>\n<td><span dir=\"auto\">567<\/span><\/td>\n<td><span dir=\"auto\">589<\/span><\/td>\n<\/tr>\n<tr>\n<td><span dir=\"auto\">B. Reach (alcance horizontal)<\/span><\/td>\n<td><span dir=\"auto\">370<\/span><\/td>\n<td><span dir=\"auto\">376<\/span><\/td>\n<td><span dir=\"auto\">384<\/span><\/td>\n<td><span dir=\"auto\">392<\/span><\/td>\n<td><span dir=\"auto\">400<\/span><\/td>\n<\/tr>\n<tr>\n<td><span dir=\"auto\">C. \u00c1ngulo del tubo del sill\u00edn<\/span><\/td>\n<td><span dir=\"auto\">74<\/span><\/td>\n<td><span dir=\"auto\">73<\/span><\/td>\n<td><span dir=\"auto\">73<\/span><\/td>\n<td><span dir=\"auto\">73<\/span><\/td>\n<td><span dir=\"auto\">73<\/span><\/td>\n<\/tr>\n<tr>\n<td><span dir=\"auto\">D. Tubo superior<\/span><\/td>\n<td><span dir=\"auto\">515<\/span><\/td>\n<td><span dir=\"auto\">536<\/span><\/td>\n<td><span dir=\"auto\">551<\/span><\/td>\n<td><span dir=\"auto\">565<\/span><\/td>\n<td><span dir=\"auto\">580<\/span><\/td>\n<\/tr>\n<tr>\n<td><span dir=\"auto\">E. \u00c1ngulo del tubo de direcci\u00f3n<\/span><\/td>\n<td><span dir=\"auto\">71.8<\/span><\/td>\n<td><span dir=\"auto\">71.6<\/span><\/td>\n<td><span dir=\"auto\">73<\/span><\/td>\n<td><span dir=\"auto\">73<\/span><\/td>\n<td><span dir=\"auto\">73<\/span><\/td>\n<\/tr>\n<tr>\n<td><span dir=\"auto\">F. Avance de la horquilla<\/span><\/td>\n<td><span dir=\"auto\">50<\/span><\/td>\n<td><span dir=\"auto\">50<\/span><\/td>\n<td><span dir=\"auto\">44<\/span><\/td>\n<td><span dir=\"auto\">44<\/span><\/td>\n<td><span dir=\"auto\">44<\/span><\/td>\n<\/tr>\n<tr>\n<td><span dir=\"auto\">G. Lanzamiento de la horquilla<\/span><\/td>\n<td><span dir=\"auto\">60<\/span><\/td>\n<td><span dir=\"auto\">60<\/span><\/td>\n<td><span dir=\"auto\">59<\/span><\/td>\n<td><span dir=\"auto\">59<\/span><\/td>\n<td><span dir=\"auto\">59<\/span><\/td>\n<\/tr>\n<tr>\n<td><span dir=\"auto\">H. Longitud del tubo del sill\u00edn<\/span><\/td>\n<td><span dir=\"auto\">453<\/span><\/td>\n<td><span dir=\"auto\">480<\/span><\/td>\n<td><span dir=\"auto\">504<\/span><\/td>\n<td><span dir=\"auto\">526<\/span><\/td>\n<td><span dir=\"auto\">547<\/span><\/td>\n<\/tr>\n<tr>\n<td><span dir=\"auto\">I. Ca\u00edda del pedalier<\/span><\/td>\n<td><span dir=\"auto\">74<\/span><\/td>\n<td><span dir=\"auto\">71<\/span><\/td>\n<td><span dir=\"auto\">71<\/span><\/td>\n<td><span dir=\"auto\">71<\/span><\/td>\n<td><span dir=\"auto\">71<\/span><\/td>\n<\/tr>\n<tr>\n<td><span dir=\"auto\">J. Centro delantero<\/span><\/td>\n<td><span dir=\"auto\">570<\/span><\/td>\n<td><span dir=\"auto\">584<\/span><\/td>\n<td><span dir=\"auto\">580<\/span><\/td>\n<td><span dir=\"auto\">594<\/span><\/td>\n<td><span dir=\"auto\">608<\/span><\/td>\n<\/tr>\n<tr>\n<td><span dir=\"auto\">K. Longitud de la vaina<\/span><\/td>\n<td><span dir=\"auto\">407<\/span><\/td>\n<td><span dir=\"auto\">407<\/span><\/td>\n<td><span dir=\"auto\">410<\/span><\/td>\n<td><span dir=\"auto\">410<\/span><\/td>\n<td><span dir=\"auto\">410<\/span><\/td>\n<\/tr>\n<tr>\n<td><span dir=\"auto\">L. Distancia entre ejes<\/span><\/td>\n<td><span dir=\"auto\">965<\/span><\/td>\n<td><span dir=\"auto\">980<\/span><\/td>\n<td><span dir=\"auto\">979<\/span><\/td>\n<td><span dir=\"auto\">993<\/span><\/td>\n<td><span dir=\"auto\">1008<\/span><\/td>\n<\/tr>\n<tr>\n<td><span dir=\"auto\">M. Altura de entrepierna<\/span><\/td>\n<td><span dir=\"auto\">728<\/span><\/td>\n<td><span dir=\"auto\">750<\/span><\/td>\n<td><span dir=\"auto\">782<\/span><\/td>\n<td><span dir=\"auto\">803<\/span><\/td>\n<td><span dir=\"auto\">826<\/span><\/td>\n<\/tr>\n<tr>\n<td><span dir=\"auto\">N. Longitud del tubo de direcci\u00f3n<\/span><\/td>\n<td><span dir=\"auto\">102<\/span><\/td>\n<td><span dir=\"auto\">127<\/span><\/td>\n<td><span dir=\"auto\">143<\/span><\/td>\n<td><span dir=\"auto\">166<\/span><\/td>\n<td><span dir=\"auto\">189<\/span><\/td>\n<\/tr>\n<tr>\n<td><span dir=\"auto\">O. Longitud de la horquilla<\/span><\/td>\n<td><span dir=\"auto\">367<\/span><\/td>\n<td><span dir=\"auto\">367<\/span><\/td>\n<td><span dir=\"auto\">365<\/span><\/td>\n<td><span dir=\"auto\">365<\/span><\/td>\n<td><span dir=\"auto\">365<\/span><\/td>\n<\/tr>\n<\/tbody>\n<\/table>\n<p>[\/et_pb_text][\/et_pb_column][et_pb_column type=&#8221;1_2&#8243; _builder_version=&#8221;4.27.5&#8243; _module_preset=&#8221;default&#8221; global_colors_info=&#8221;{}&#8221;][et_pb_image src=&#8221;https:\/\/gravel-bikes.cc\/wp-content\/uploads\/2026\/01\/size_Guide_manto_alt.png.webp&#8221; title_text=&#8221;size_Guide_manto_alt.png&#8221; _builder_version=&#8221;4.27.6&#8243; _module_preset=&#8221;default&#8221; background_color=&#8221;#000000&#8243; global_colors_info=&#8221;{}&#8221;][\/et_pb_image][\/et_pb_column][\/et_pb_row][\/et_pb_section][et_pb_section fb_built=&#8221;1&#8243; _builder_version=&#8221;4.27.6&#8243; _module_preset=&#8221;default&#8221; global_colors_info=&#8221;{}&#8221;][et_pb_row column_structure=&#8221;1_2,1_2&#8243; _builder_version=&#8221;4.27.6&#8243; _module_preset=&#8221;default&#8221; global_colors_info=&#8221;{}&#8221;][et_pb_column type=&#8221;1_2&#8243; _builder_version=&#8221;4.27.6&#8243; _module_preset=&#8221;default&#8221; global_colors_info=&#8221;{}&#8221;][et_pb_image src=&#8221;https:\/\/gravel-bikes.cc\/wp-content\/uploads\/2025\/12\/IMG_3722-scaled.jpg&#8221; title_text=&#8221;IMG_3722&#8243; _builder_version=&#8221;4.27.6&#8243; _module_preset=&#8221;default&#8221; hover_enabled=&#8221;0&#8243; global_colors_info=&#8221;{}&#8221; sticky_enabled=&#8221;0&#8243;][\/et_pb_image][\/et_pb_column][et_pb_column type=&#8221;1_2&#8243; _builder_version=&#8221;4.27.6&#8243; _module_preset=&#8221;default&#8221; global_colors_info=&#8221;{}&#8221;][\/et_pb_column][\/et_pb_row][\/et_pb_section][et_pb_section fb_built=&#8221;1&#8243; _builder_version=&#8221;4.27.6&#8243; _module_preset=&#8221;default&#8221; global_colors_info=&#8221;{}&#8221;][et_pb_row column_structure=&#8221;1_3,1_3,1_3&#8243; _builder_version=&#8221;4.27.6&#8243; _module_preset=&#8221;default&#8221; global_colors_info=&#8221;{}&#8221;][et_pb_column type=&#8221;1_3&#8243; _builder_version=&#8221;4.27.6&#8243; _module_preset=&#8221;default&#8221; global_colors_info=&#8221;{}&#8221;][et_pb_text _builder_version=&#8221;4.27.6&#8243; _module_preset=&#8221;default&#8221; global_colors_info=&#8221;{}&#8221;]<\/p>\n<h2><strong>SERVICIO<\/strong><\/h2>\n<p>[\/et_pb_text][et_pb_text _builder_version=&#8221;4.27.6&#8243; _module_preset=&#8221;default&#8221; global_colors_info=&#8221;{}&#8221;]<\/p>\n<p>Visita nuestra p\u00e1gina de servicio para saber c\u00f3mo cuidar tu bicicleta, c\u00f3mo podemos ayudarte y encontrar repuestos sencillos que puedes pedir f\u00e1cilmente online.<\/p>\n<p>[\/et_pb_text][et_pb_button button_url=&#8221;https:\/\/gravel-bikes.cc\/es\/precios-y-citas-del-taller\/&#8221; button_text=&#8221;Descubre m\u00e1s&#8230;&#8221; _builder_version=&#8221;4.27.6&#8243; _module_preset=&#8221;default&#8221; global_colors_info=&#8221;{}&#8221;][\/et_pb_button][\/et_pb_column][et_pb_column type=&#8221;1_3&#8243; _builder_version=&#8221;4.27.6&#8243; _module_preset=&#8221;default&#8221; global_colors_info=&#8221;{}&#8221;][et_pb_text _builder_version=&#8221;4.27.6&#8243; _module_preset=&#8221;default&#8221; global_colors_info=&#8221;{}&#8221;]<\/p>\n<h2><strong>GARANT\u00cdA<\/strong><\/h2>\n<p>[\/et_pb_text][et_pb_text _builder_version=&#8221;4.27.6&#8243; _module_preset=&#8221;default&#8221; global_colors_info=&#8221;{}&#8221;]<\/p>\n<p><span>Ofrecemos dos a\u00f1os de garant\u00eda en la pintura y diez a\u00f1os en el cuadro y la horquilla. Solo gestionaremos problemas de garant\u00eda de cuadros que hayan sido registrados online y hayan pasado una revisi\u00f3n dos veces al a\u00f1o. <\/span><\/p>\n<p>[\/et_pb_text][et_pb_button button_text=&#8221;Descubre m\u00e1s&#8230;&#8221; _builder_version=&#8221;4.27.6&#8243; _module_preset=&#8221;default&#8221; global_colors_info=&#8221;{}&#8221;][\/et_pb_button][\/et_pb_column][et_pb_column type=&#8221;1_3&#8243; _builder_version=&#8221;4.27.6&#8243; _module_preset=&#8221;default&#8221; global_colors_info=&#8221;{}&#8221;][et_pb_text _builder_version=&#8221;4.27.6&#8243; _module_preset=&#8221;default&#8221; global_colors_info=&#8221;{}&#8221;]<\/p>\n<h2><strong>FINANCIACI\u00d3N<\/strong><\/h2>\n<p>[\/et_pb_text][et_pb_text _builder_version=&#8221;4.27.6&#8243; _module_preset=&#8221;default&#8221; global_colors_info=&#8221;{}&#8221;]<\/p>\n<p><span>Ofrecemos varias opciones de financiaci\u00f3n y leasing de bicicletas. Ponte en contacto con nosotros si tienes alguna duda o haz clic en el bot\u00f3n de abajo para revisar las opciones. <\/span><\/p>\n<p>[\/et_pb_text][et_pb_button button_text=&#8221;Descubre m\u00e1s&#8230;&#8221; _builder_version=&#8221;4.27.6&#8243; _module_preset=&#8221;default&#8221; global_colors_info=&#8221;{}&#8221;][\/et_pb_button][\/et_pb_column][\/et_pb_row][\/et_pb_section][et_pb_section fb_built=&#8221;1&#8243; _builder_version=&#8221;4.27.6&#8243; _module_preset=&#8221;default&#8221; global_colors_info=&#8221;{}&#8221;][et_pb_row column_structure=&#8221;1_2,1_2&#8243; _builder_version=&#8221;4.27.6&#8243; _module_preset=&#8221;default&#8221; global_colors_info=&#8221;{}&#8221;][et_pb_column type=&#8221;1_2&#8243; _builder_version=&#8221;4.27.6&#8243; _module_preset=&#8221;default&#8221; global_colors_info=&#8221;{}&#8221;][et_pb_text _builder_version=&#8221;4.27.6&#8243; _module_preset=&#8221;default&#8221; global_colors_info=&#8221;{}&#8221;]<\/p>\n<h2>COMPRAR TODAS LAS BICICLETAS PEARL ADVENTURE<\/h2>\n<p>[\/et_pb_text][\/et_pb_column][et_pb_column type=&#8221;1_2&#8243; _builder_version=&#8221;4.27.6&#8243; _module_preset=&#8221;default&#8221; global_colors_info=&#8221;{}&#8221;][et_pb_button button_url=&#8221;https:\/\/gravel-bikes.cc\/es\/?post_type=product&amp;p=4429&#8243; button_text=&#8221;Compra online&#8230;&#8221; _builder_version=&#8221;4.27.6&#8243; _module_preset=&#8221;default&#8221; global_colors_info=&#8221;{}&#8221;][\/et_pb_button][\/et_pb_column][\/et_pb_row][\/et_pb_section]<\/p>\n","protected":false},"excerpt":{"rendered":"<p>Bicicletas gravel premium de Hamburgo. Listas para tu pr\u00f3xima aventura. RENDIMIENTO SIN L\u00cdMITES Geometr\u00eda Adventure Fibra de carbono unidireccional Fiable y ligera, y apta para neum\u00e1ticos de 55 mm. Los ejes de 12 mm aumentan la rigidez de la rueda en comparaci\u00f3n con el cierre r\u00e1pido normal. Horquilla aerodin\u00e1mica de base ancha y tubo de [&hellip;]<\/p>\n","protected":false},"author":1,"featured_media":0,"parent":0,"menu_order":0,"comment_status":"closed","ping_status":"closed","template":"","meta":{"_et_pb_use_builder":"on","_et_pb_old_content":"","_et_gb_content_width":"","footnotes":""},"class_list":["post-9234","page","type-page","status-publish","hentry"],"aioseo_notices":[],"_links":{"self":[{"href":"https:\/\/gravel-bikes.cc\/es\/wp-json\/wp\/v2\/pages\/9234","targetHints":{"allow":["GET"]}}],"collection":[{"href":"https:\/\/gravel-bikes.cc\/es\/wp-json\/wp\/v2\/pages"}],"about":[{"href":"https:\/\/gravel-bikes.cc\/es\/wp-json\/wp\/v2\/types\/page"}],"author":[{"embeddable":true,"href":"https:\/\/gravel-bikes.cc\/es\/wp-json\/wp\/v2\/users\/1"}],"replies":[{"embeddable":true,"href":"https:\/\/gravel-bikes.cc\/es\/wp-json\/wp\/v2\/comments?post=9234"}],"version-history":[{"count":2,"href":"https:\/\/gravel-bikes.cc\/es\/wp-json\/wp\/v2\/pages\/9234\/revisions"}],"predecessor-version":[{"id":9238,"href":"https:\/\/gravel-bikes.cc\/es\/wp-json\/wp\/v2\/pages\/9234\/revisions\/9238"}],"wp:attachment":[{"href":"https:\/\/gravel-bikes.cc\/es\/wp-json\/wp\/v2\/media?parent=9234"}],"curies":[{"name":"wp","href":"https:\/\/api.w.org\/{rel}","templated":true}]}}