{"id":11735,"date":"2026-04-29T05:56:13","date_gmt":"2026-04-29T05:56:13","guid":{"rendered":"https:\/\/gravel-bikes.cc\/produkt\/abus-bordo-one-6000\/"},"modified":"2026-04-29T05:56:13","modified_gmt":"2026-04-29T05:56:13","slug":"abus-bordo-one-6000","status":"publish","type":"product","link":"https:\/\/gravel-bikes.cc\/es\/produkt\/abus-bordo-one-6000\/","title":{"rendered":"ABUS BORDO One 6000"},"content":{"rendered":"<h1 class=\"hyphenate\">BORDO\u2122 One 6000A<\/h1>\n<p>El inteligente BORDO\u2122 One 6000A ofrece todo lo que distingue a su probado hermano mayor 6500A: la combinaci\u00f3n de tecnolog\u00eda innovadora con la m\u00e1xima flexibilidad y seguridad mec\u00e1nica.<\/p>\n","protected":false},"excerpt":{"rendered":"<h3 class=\"like-h2\">LO INTELIGENTE ES SEGURO<\/h3>\n<div class=\"copy\"><span class=\"copy--bold\">Disfruta de las ventajas de la innovadora tecnolog\u00eda SmartX y convierte tu smartphone en una llave: siempre contigo, f\u00e1cil de encontrar y sencilla de usar.<\/span><\/div>\n<div class=\"copy\">Gracias a la integraci\u00f3n con la app ABUS One y la probada tecnolog\u00eda Bluetooth ABUS SmartX\u2122, el uso del candado para bicicleta es totalmente sin llave.<\/div>\n<div class=\"copy\">Combinado con la alarma de 100 dB para disuadir a los ladrones de bicicletas, te ofrece un alto nivel de seguridad para e-bikes y bicicletas de carga de alto valor.<\/div>\n<div class=\"copy\">Para quienes quieren algo menos inteligente pero igual de c\u00f3modo, el BORDO\u2122 One 6000A puede manejarse opcionalmente con el mando a distancia. En la variante RC (RC = Remote Control), este se incluye en el contenido del env\u00edo; para las dem\u00e1s variantes, el mando a distancia est\u00e1 disponible por separado. <\/div>\n","protected":false},"featured_media":11736,"template":"","meta":{"_et_pb_use_builder":"","_et_pb_old_content":"","_et_gb_content_width":"","om_disable_all_campaigns":false,"_monsterinsights_skip_tracking":false,"_monsterinsights_sitenote_active":false,"_monsterinsights_sitenote_note":"","_monsterinsights_sitenote_category":0},"pwb-brand":[],"product_brand":[],"product_cat":[617,451],"product_tag":[969],"class_list":{"0":"post-11735","1":"product","2":"type-product","3":"status-publish","4":"has-post-thumbnail","6":"product_cat-candados-abus","7":"product_cat-sin-categorizar","8":"product_tag-candado-abus","10":"first","11":"instock","12":"taxable","13":"shipping-taxable","14":"product-type-simple"},"aioseo_notices":[],"df_price":"","df_sale_price":"","df_regular_price":"","df_image_link":"https:\/\/gravel-bikes.cc\/wp-content\/uploads\/2026\/04\/97338_BORDO_6000A_SMART-X_FOOTPRINT_abus_640-114x300.png","brands":[],"_links":{"self":[{"href":"https:\/\/gravel-bikes.cc\/es\/wp-json\/wp\/v2\/product\/11735","targetHints":{"allow":["GET"]}}],"collection":[{"href":"https:\/\/gravel-bikes.cc\/es\/wp-json\/wp\/v2\/product"}],"about":[{"href":"https:\/\/gravel-bikes.cc\/es\/wp-json\/wp\/v2\/types\/product"}],"wp:featuredmedia":[{"embeddable":true,"href":"https:\/\/gravel-bikes.cc\/es\/wp-json\/wp\/v2\/media\/11736"}],"wp:attachment":[{"href":"https:\/\/gravel-bikes.cc\/es\/wp-json\/wp\/v2\/media?parent=11735"}],"wp:term":[{"taxonomy":"pwb-brand","embeddable":true,"href":"https:\/\/gravel-bikes.cc\/es\/wp-json\/wp\/v2\/pwb-brand?post=11735"},{"taxonomy":"product_brand","embeddable":true,"href":"https:\/\/gravel-bikes.cc\/es\/wp-json\/wp\/v2\/product_brand?post=11735"},{"taxonomy":"product_cat","embeddable":true,"href":"https:\/\/gravel-bikes.cc\/es\/wp-json\/wp\/v2\/product_cat?post=11735"},{"taxonomy":"product_tag","embeddable":true,"href":"https:\/\/gravel-bikes.cc\/es\/wp-json\/wp\/v2\/product_tag?post=11735"}],"curies":[{"name":"wp","href":"https:\/\/api.w.org\/{rel}","templated":true}]}}