{"id":11742,"date":"2026-04-29T05:59:28","date_gmt":"2026-04-29T05:59:28","guid":{"rendered":"https:\/\/gravel-bikes.cc\/produkt\/abus-bordo-6200k-2\/"},"modified":"2026-04-29T05:59:28","modified_gmt":"2026-04-29T05:59:28","slug":"abus-bordo-6200k-2","status":"publish","type":"product","link":"https:\/\/gravel-bikes.cc\/es\/produkt\/abus-bordo-6200k-2\/","title":{"rendered":"ABUS BORDO 6200K"},"content":{"rendered":"<h3 class=\"like-h2\"><span class=\"top-line\">BORDO\u2122 6200K<\/span>SEGURO, PR\u00c1CTICO, FLEXIBLE<\/h3>\n<div class=\"copy\"><span class=\"copy--bold\">Asegura tu bici de valor no solo de forma segura, sino tambi\u00e9n c\u00f3moda: con el BORDO 6200K, puedes encontrar r\u00e1pidamente un lugar adecuado para atar tu bici; incluso se pueden usar objetos voluminosos.<\/span><\/div>\n<div class=\"copy\">Una raz\u00f3n es el gran per\u00edmetro de cierre de 94 cm, o incluso 127 cm, seg\u00fan la variante. Otra raz\u00f3n es la flexibilidad de este candado plegable, gracias al cuerpo del candado giratorio. Esto te permite girar la abertura para la barra de cierre hasta donde la necesites.  <\/div>\n<div class=\"copy\">Para transportar el candado, pli\u00e9galo como un metro plegable hasta un tama\u00f1o compacto. Luego gu\u00e1rdalo en el soporte incluido, que se puede montar f\u00e1cilmente en el cuadro de la bici. Como detalle especialmente pr\u00e1ctico, el soporte incluye un compartimento para guardar la llave, y el candado se encaja f\u00e1cilmente en el soporte aplicando presi\u00f3n sobre las barras: r\u00e1pido y sin pillarte los dedos. El soporte del Bordo 6200K\/120 tambi\u00e9n tiene un compartimento para un AirTag* o SmartTag**. Esto permite rastrear el candado o la bici.    <\/div>\n<div class=\"copy\">El 6200K\/120 tambi\u00e9n tiene una posici\u00f3n de transporte y una posici\u00f3n de cierre. Esto significa que hay dos opciones de inserci\u00f3n en el cuerpo del candado: la exterior solo es adecuada para el transporte, mientras que la interior es para cerrar el candado. <\/div>\n<div class=\"copy\">El cilindro ABUS XPlus y las robustas barras de acero endurecido con perfilado adicional garantizan la alta seguridad del BORDO 6200K, fabricado en Alemania. Los discos de acero protegen los remaches frente a ataques con sierras. Las barras est\u00e1n recubiertas para proteger la rueda de da\u00f1os en la pintura.  <\/div>\n","protected":false},"excerpt":{"rendered":"<h1 class=\"hyphenate\">BORDO\u2122 6200K<\/h1>\n<p>Descubre lo flexible que puede ser la seguridad: el robusto cuerpo de este candado plegable puede girar 360\u00b0. Esto permite un rango de movimiento especialmente amplio al atar la bici a un objeto. <\/p>\n","protected":false},"featured_media":0,"template":"","meta":{"_et_pb_use_builder":"","_et_pb_old_content":"","_et_gb_content_width":"","om_disable_all_campaigns":false,"_monsterinsights_skip_tracking":false,"_monsterinsights_sitenote_active":false,"_monsterinsights_sitenote_note":"","_monsterinsights_sitenote_category":0},"pwb-brand":[],"product_brand":[],"product_cat":[617],"product_tag":[],"class_list":{"0":"post-11742","1":"product","2":"type-product","3":"status-publish","5":"product_cat-candados-abus","7":"first","8":"instock","9":"taxable","10":"shipping-taxable","11":"product-type-simple"},"aioseo_notices":[],"df_price":"","df_sale_price":"","df_regular_price":"","df_image_link":"https:\/\/gravel-bikes.cc\/wp-content\/uploads\/woocommerce-placeholder-300x300.webp","brands":[],"_links":{"self":[{"href":"https:\/\/gravel-bikes.cc\/es\/wp-json\/wp\/v2\/product\/11742","targetHints":{"allow":["GET"]}}],"collection":[{"href":"https:\/\/gravel-bikes.cc\/es\/wp-json\/wp\/v2\/product"}],"about":[{"href":"https:\/\/gravel-bikes.cc\/es\/wp-json\/wp\/v2\/types\/product"}],"wp:attachment":[{"href":"https:\/\/gravel-bikes.cc\/es\/wp-json\/wp\/v2\/media?parent=11742"}],"wp:term":[{"taxonomy":"pwb-brand","embeddable":true,"href":"https:\/\/gravel-bikes.cc\/es\/wp-json\/wp\/v2\/pwb-brand?post=11742"},{"taxonomy":"product_brand","embeddable":true,"href":"https:\/\/gravel-bikes.cc\/es\/wp-json\/wp\/v2\/product_brand?post=11742"},{"taxonomy":"product_cat","embeddable":true,"href":"https:\/\/gravel-bikes.cc\/es\/wp-json\/wp\/v2\/product_cat?post=11742"},{"taxonomy":"product_tag","embeddable":true,"href":"https:\/\/gravel-bikes.cc\/es\/wp-json\/wp\/v2\/product_tag?post=11742"}],"curies":[{"name":"wp","href":"https:\/\/api.w.org\/{rel}","templated":true}]}}