{"id":12092,"date":"2026-05-03T18:51:43","date_gmt":"2026-05-03T18:51:43","guid":{"rendered":"https:\/\/gravel-bikes.cc\/?post_type=product&#038;p=12092"},"modified":"2026-05-03T19:05:17","modified_gmt":"2026-05-03T19:05:17","slug":"cervelo-asperio-bicicleta-de-gravel-shimano-grx-612-copy","status":"publish","type":"product","link":"https:\/\/gravel-bikes.cc\/es\/produkt\/cervelo-asperio-bicicleta-de-gravel-shimano-grx-612-copy\/","title":{"rendered":"3T Ultra 2"},"content":{"rendered":"<p>[et_pb_section fb_built=&#8221;1&#8243; _builder_version=&#8221;4.27.5&#8243; _module_preset=&#8221;default&#8221; global_colors_info=&#8221;{}&#8221;][et_pb_row _builder_version=&#8221;4.27.6&#8243; _module_preset=&#8221;default&#8221; global_colors_info=&#8221;{}&#8221;][et_pb_column type=&#8221;4_4&#8243; _builder_version=&#8221;4.27.5&#8243; _module_preset=&#8221;default&#8221; global_colors_info=&#8221;{}&#8221;][et_pb_image src=&#8221;https:\/\/gravel-bikes.cc\/wp-content\/uploads\/2026\/05\/b42ac3b3-a3d5-4654-8fc8-54bcac8ff064_1906x1882.webp&#8221; title_text=&#8221;b42ac3b3-a3d5-4654-8fc8-54bcac8ff064_1906x1882&#8243; _builder_version=&#8221;4.27.6&#8243; _module_preset=&#8221;default&#8221; global_colors_info=&#8221;{}&#8221;][\/et_pb_image][\/et_pb_column][\/et_pb_row][\/et_pb_section][et_pb_section fb_built=&#8221;1&#8243; _builder_version=&#8221;4.27.6&#8243; custom_padding=&#8221;0px||||false|false&#8221; global_colors_info=&#8221;{}&#8221;][et_pb_row _builder_version=&#8221;4.27.6&#8243; background_size=&#8221;initial&#8221; background_position=&#8221;top_left&#8221; background_repeat=&#8221;repeat&#8221; width=&#8221;100%&#8221; custom_padding=&#8221;0px||0px||false|false&#8221; global_colors_info=&#8221;{}&#8221;][et_pb_column type=&#8221;4_4&#8243; _builder_version=&#8221;4.27.6&#8243; custom_padding=&#8221;|||&#8221; global_colors_info=&#8221;{}&#8221; custom_padding__hover=&#8221;|||&#8221;][et_pb_wc_breadcrumb _builder_version=&#8221;4.16&#8243; global_colors_info=&#8221;{}&#8221;][\/et_pb_wc_breadcrumb][et_pb_wc_cart_notice _builder_version=&#8221;4.16&#8243; global_colors_info=&#8221;{}&#8221;][\/et_pb_wc_cart_notice][\/et_pb_column][\/et_pb_row][et_pb_row column_structure=&#8221;1_2,1_2&#8243; _builder_version=&#8221;4.16&#8243; background_size=&#8221;initial&#8221; background_position=&#8221;top_left&#8221; background_repeat=&#8221;repeat&#8221; width=&#8221;100%&#8221; custom_padding=&#8221;0px||||false|false&#8221; global_colors_info=&#8221;{}&#8221;][et_pb_column type=&#8221;1_2&#8243; _builder_version=&#8221;4.16&#8243; custom_padding=&#8221;|||&#8221; global_colors_info=&#8221;{}&#8221; custom_padding__hover=&#8221;|||&#8221;][et_pb_wc_images _builder_version=&#8221;4.16&#8243; global_colors_info=&#8221;{}&#8221;][\/et_pb_wc_images][et_pb_image src=&#8221;https:\/\/gravel-bikes.cc\/wp-content\/uploads\/2026\/05\/3T-Ultra-2-Glicine-19.jpg&#8221; title_text=&#8221;3T-Ultra-2-Glicine-19&#8243; _builder_version=&#8221;4.27.6&#8243; _module_preset=&#8221;default&#8221; global_colors_info=&#8221;{}&#8221;][\/et_pb_image][\/et_pb_column][et_pb_column type=&#8221;1_2&#8243; _builder_version=&#8221;4.16&#8243; custom_padding=&#8221;|||&#8221; global_colors_info=&#8221;{}&#8221; custom_padding__hover=&#8221;|||&#8221;][et_pb_wc_title _builder_version=&#8221;4.16&#8243; global_colors_info=&#8221;{}&#8221;][\/et_pb_wc_title][et_pb_wc_rating _builder_version=&#8221;4.16&#8243; global_colors_info=&#8221;{}&#8221;][\/et_pb_wc_rating][et_pb_wc_price _builder_version=&#8221;4.16&#8243; global_colors_info=&#8221;{}&#8221;][\/et_pb_wc_price][et_pb_wc_description _builder_version=&#8221;4.16&#8243; global_colors_info=&#8221;{}&#8221;][\/et_pb_wc_description][et_pb_wc_add_to_cart _builder_version=&#8221;4.16&#8243; global_colors_info=&#8221;{}&#8221;][\/et_pb_wc_add_to_cart][et_pb_wc_meta _builder_version=&#8221;4.16&#8243; global_colors_info=&#8221;{}&#8221;][\/et_pb_wc_meta][\/et_pb_column][\/et_pb_row][et_pb_row column_structure=&#8221;1_3,1_3,1_3&#8243; _builder_version=&#8221;4.27.5&#8243; _module_preset=&#8221;default&#8221; global_colors_info=&#8221;{}&#8221;][et_pb_column type=&#8221;1_3&#8243; _builder_version=&#8221;4.27.5&#8243; _module_preset=&#8221;default&#8221; global_colors_info=&#8221;{}&#8221;][et_pb_button button_text=&#8221;LEASING DE BICICLETAS&#8221; _builder_version=&#8221;4.27.5&#8243; _module_preset=&#8221;default&#8221; global_colors_info=&#8221;{}&#8221;][\/et_pb_button][\/et_pb_column][et_pb_column type=&#8221;1_3&#8243; _builder_version=&#8221;4.27.5&#8243; _module_preset=&#8221;default&#8221; global_colors_info=&#8221;{}&#8221;][et_pb_button button_text=&#8221;FINANCIACI\u00d3N&#8221; _builder_version=&#8221;4.27.5&#8243; _module_preset=&#8221;default&#8221; global_colors_info=&#8221;{}&#8221;][\/et_pb_button][\/et_pb_column][et_pb_column type=&#8221;1_3&#8243; _builder_version=&#8221;4.27.5&#8243; _module_preset=&#8221;default&#8221; global_colors_info=&#8221;{}&#8221;][et_pb_button button_text=&#8221;SEGURO&#8221; _builder_version=&#8221;4.27.5&#8243; _module_preset=&#8221;default&#8221; global_colors_info=&#8221;{}&#8221;][\/et_pb_button][\/et_pb_column][\/et_pb_row][et_pb_row _builder_version=&#8221;4.16&#8243; background_size=&#8221;initial&#8221; background_position=&#8221;top_left&#8221; background_repeat=&#8221;repeat&#8221; width=&#8221;100%&#8221; global_colors_info=&#8221;{}&#8221;][et_pb_column type=&#8221;4_4&#8243; _builder_version=&#8221;4.16&#8243; custom_padding=&#8221;|||&#8221; global_colors_info=&#8221;{}&#8221; custom_padding__hover=&#8221;|||&#8221;][et_pb_wc_tabs _builder_version=&#8221;4.16&#8243; global_colors_info=&#8221;{}&#8221;] [\/et_pb_wc_tabs][et_pb_wc_upsells _builder_version=&#8221;4.16&#8243; global_colors_info=&#8221;{}&#8221;][\/et_pb_wc_upsells][et_pb_wc_related_products _builder_version=&#8221;4.16&#8243; global_colors_info=&#8221;{}&#8221;][\/et_pb_wc_related_products][\/et_pb_column][\/et_pb_row][\/et_pb_section]<\/p>\n","protected":false},"excerpt":{"rendered":"<p>En 2019, la \u00c1spero revolucion\u00f3 el mundo del gravel, anunciando una \u00abnueva era de velocidad en el gravel\u00bb. Divertida, pero a toda pastilla. La nueva \u00c1spero se mantiene fiel a su concepto original, pero con algunas mejoras: un pedalier roscado, un guiado de cables m\u00e1s limpio y una patilla de cambio compatible con UDH para quienes quieran usar transmisiones SRAM Transmission. Y es m\u00e1s aero, por supuesto. En el caso de la \u00c1spero, el rendimiento aerodin\u00e1mico no se trata tanto de la velocidad pura por la reducci\u00f3n de la resistencia, sino del ahorro de energ\u00eda. Tras un largo d\u00eda con viento en contra, los tres vatios ahorrados respecto a la \u00c1spero anterior podr\u00edan traducirse en un gel energ\u00e9tico menos que tu est\u00f3mago tenga que digerir: VALE LA PENA.     <\/p>\n<p><strong> <\/strong><\/p>\n<p><strong> <\/strong><\/p>\n<p><strong> <\/strong><\/p>\n<p>&nbsp;<\/p>\n","protected":false},"featured_media":12104,"template":"","meta":{"_et_pb_use_builder":"on","_et_pb_old_content":"<h3 class=\"micro-title\">ULTRA 2 ITALIA ~ GRX Di2 1x12<\/h3>\n<dl>\n \t<dt>CUADRO Ultra\u00b2 ITALIA (UDH)<\/dt>\n \t<dt>MATERIAL DEL CUADRO FUSION CARBON: Una construcci\u00f3n h\u00edbrida que combina las tecnolog\u00edas propias de 3T de bobinado de filamentos y moldeo por transferencia de resina (RTM) con elementos seleccionados de la fabricaci\u00f3n tradicional de carbono<\/dt>\n \t<dt>HORQUILLA 3T Fango Ultra\u00b2<\/dt>\n \t<dt>DIRECCI\u00d3N Cartucho sellado 52\/40 (45\u00b0)<\/dt>\n \t<dt>EJE PASANTE 100x12 delantero - 142x12 (espec\u00edfico para puntera 3T UDH)<\/dt>\n \t<dt>MANILLAR 3T Superghiaia Integrale LTD (S y M: 40 cm - L y XL: 42 cm)<\/dt>\n \t<dt>CINTA DE MANILLAR 3T Prendo Tough<\/dt>\n \t<dt>POTENCIA 3T More\u00b2 - (S: 80 mm - M: 90 mm - L: 100 mm - XL: 110 mm)<\/dt>\n \t<dt>PORTABID\u00d3N 3T CARBON SIDE LOAD (DERECHO) PORTABID\u00d3N<\/dt>\n \t<dt>CAMBIO TRASERO<\/dt>\n \t<dt>Shimano GRX Di2 RD-RX827 12s<\/dt>\n \t<dt>MANDOS DE CAMBIO\/FRENO Shimano GRX Di2 BL-RX820(L) + ST-RX825(R) 12v<\/dt>\n \t<dt>FRENOS Shimano GRX BR-RX820 con discos Shimano RT-CL800 160 mm<\/dt>\n \t<dt>BIELAS Shimano GRX FC-RX820-1 40T (S: 165 mm, M: 170 mm - L y XL: 172,5 mm)<\/dt>\n \t<dt>CASSETTE Shimano Deore XT CS-M8200-12 10-51T<\/dt>\n \t<dt>RUEDAS Fulcrum Lite GR<\/dt>\n \t<dt>NEUM\u00c1TICOS Continental RaceKing\/Dubnital o Terra Adventure*<\/dt>\n \t<dt>TIJA DE SILL\u00cdN 3T Carbon 27,2 redonda - Offset cero<\/dt>\n \t<dt>Fizik VENTO Argo X5 140 mm<\/dt>\n<\/dl>","_et_gb_content_width":"","om_disable_all_campaigns":false,"_monsterinsights_skip_tracking":false,"_monsterinsights_sitenote_active":false,"_monsterinsights_sitenote_note":"","_monsterinsights_sitenote_category":0},"pwb-brand":[],"product_brand":[],"product_cat":[947,147],"product_tag":[948],"class_list":{"0":"post-12092","1":"product","2":"type-product","3":"status-publish","4":"has-post-thumbnail","6":"product_cat-cervelo-gravel","7":"product_cat-oferta","8":"product_tag-cervelo-gravel","10":"first","11":"instock","12":"taxable","13":"shipping-taxable","14":"purchasable","15":"product-type-variable"},"aioseo_notices":[],"df_price":2390,"df_sale_price":"","df_regular_price":2390,"df_image_link":"https:\/\/gravel-bikes.cc\/wp-content\/uploads\/2026\/05\/3T-ULTRA-2-ITALIA-GRX-DI2-2026-GLICINE_0e9bcbac-1b16-41c3-b405-b28c3b37b399-300x300.webp","brands":[],"_links":{"self":[{"href":"https:\/\/gravel-bikes.cc\/es\/wp-json\/wp\/v2\/product\/12092","targetHints":{"allow":["GET"]}}],"collection":[{"href":"https:\/\/gravel-bikes.cc\/es\/wp-json\/wp\/v2\/product"}],"about":[{"href":"https:\/\/gravel-bikes.cc\/es\/wp-json\/wp\/v2\/types\/product"}],"wp:featuredmedia":[{"embeddable":true,"href":"https:\/\/gravel-bikes.cc\/es\/wp-json\/wp\/v2\/media\/12104"}],"wp:attachment":[{"href":"https:\/\/gravel-bikes.cc\/es\/wp-json\/wp\/v2\/media?parent=12092"}],"wp:term":[{"taxonomy":"pwb-brand","embeddable":true,"href":"https:\/\/gravel-bikes.cc\/es\/wp-json\/wp\/v2\/pwb-brand?post=12092"},{"taxonomy":"product_brand","embeddable":true,"href":"https:\/\/gravel-bikes.cc\/es\/wp-json\/wp\/v2\/product_brand?post=12092"},{"taxonomy":"product_cat","embeddable":true,"href":"https:\/\/gravel-bikes.cc\/es\/wp-json\/wp\/v2\/product_cat?post=12092"},{"taxonomy":"product_tag","embeddable":true,"href":"https:\/\/gravel-bikes.cc\/es\/wp-json\/wp\/v2\/product_tag?post=12092"}],"curies":[{"name":"wp","href":"https:\/\/api.w.org\/{rel}","templated":true}]}}