{"id":1581,"date":"2025-12-13T17:45:00","date_gmt":"2025-12-13T17:45:00","guid":{"rendered":"https:\/\/gravel-bikes.cc\/produkt\/cambio-trasero-campagnolo-ekar-13-velocidades\/"},"modified":"2025-12-13T17:45:00","modified_gmt":"2025-12-13T17:45:00","slug":"cambio-trasero-campagnolo-ekar-13-velocidades","status":"publish","type":"product","link":"https:\/\/gravel-bikes.cc\/es\/produkt\/cambio-trasero-campagnolo-ekar-13-velocidades\/","title":{"rendered":"Cambio trasero Campagnolo Ekar 13 velocidades"},"content":{"rendered":"","protected":false},"excerpt":{"rendered":"<p><strong>Cambio trasero CAMPAGNOLO Ekar 13 velocidades<\/strong><\/p>\n<p>El cambio trasero Ekar es un desarrollo completamente nuevo para el grupo de gravel de Campagnolo. La geometr\u00eda del cambio trasero se dise\u00f1\u00f3 de tal manera que el cambio trasero con su jaula de longitud media funciona perfectamente con los 3 cassettes Ekar disponibles. Los rodillos del cambio trasero agrandados con 12 y 14 dientes, junto con un amortiguador de vibraciones, garantizan un recorrido de la cadena suave y seguro en todo momento. Para un cambio de rueda f\u00e1cil, el cambio trasero se puede desacoplar de la tensi\u00f3n del resorte a trav\u00e9s de un bloqueo de jaula en posici\u00f3n vertical. El complejo cambio trasero consta de un total de 70 piezas individuales hechas de aluminio 7075, aluminio 6082 y compuesto de carbono. Para los tornillos del cambio trasero, Campagnolo utiliza acero inoxidable para una m\u00e1xima durabilidad.     <\/p>\n","protected":false},"featured_media":741,"template":"","meta":{"_et_pb_use_builder":"","_et_pb_old_content":"","_et_gb_content_width":"","om_disable_all_campaigns":false,"_monsterinsights_skip_tracking":false,"_monsterinsights_sitenote_active":false,"_monsterinsights_sitenote_note":"","_monsterinsights_sitenote_category":0},"pwb-brand":[],"product_brand":[59],"product_cat":[181],"product_tag":[],"class_list":{"0":"post-1581","1":"product","2":"type-product","3":"status-publish","4":"has-post-thumbnail","6":"product_brand-campagnolo","7":"product_cat-cambio-trasero-campagnolo","8":"product_shipping_class-piezas-pequenas","10":"first","11":"instock","12":"sale","13":"taxable","14":"shipping-taxable","15":"purchasable","16":"product-type-simple"},"aioseo_notices":[],"brands":[],"_links":{"self":[{"href":"https:\/\/gravel-bikes.cc\/es\/wp-json\/wp\/v2\/product\/1581","targetHints":{"allow":["GET"]}}],"collection":[{"href":"https:\/\/gravel-bikes.cc\/es\/wp-json\/wp\/v2\/product"}],"about":[{"href":"https:\/\/gravel-bikes.cc\/es\/wp-json\/wp\/v2\/types\/product"}],"wp:featuredmedia":[{"embeddable":true,"href":"https:\/\/gravel-bikes.cc\/es\/wp-json\/wp\/v2\/media\/741"}],"wp:attachment":[{"href":"https:\/\/gravel-bikes.cc\/es\/wp-json\/wp\/v2\/media?parent=1581"}],"wp:term":[{"taxonomy":"pwb-brand","embeddable":true,"href":"https:\/\/gravel-bikes.cc\/es\/wp-json\/wp\/v2\/pwb-brand?post=1581"},{"taxonomy":"product_brand","embeddable":true,"href":"https:\/\/gravel-bikes.cc\/es\/wp-json\/wp\/v2\/product_brand?post=1581"},{"taxonomy":"product_cat","embeddable":true,"href":"https:\/\/gravel-bikes.cc\/es\/wp-json\/wp\/v2\/product_cat?post=1581"},{"taxonomy":"product_tag","embeddable":true,"href":"https:\/\/gravel-bikes.cc\/es\/wp-json\/wp\/v2\/product_tag?post=1581"}],"curies":[{"name":"wp","href":"https:\/\/api.w.org\/{rel}","templated":true}]}}