{"id":1616,"date":"2025-12-13T17:56:32","date_gmt":"2025-12-13T17:56:32","guid":{"rendered":"https:\/\/gravel-bikes.cc\/produkt\/bateria-interna-shimano-di2\/"},"modified":"2025-12-13T17:56:32","modified_gmt":"2025-12-13T17:56:32","slug":"bateria-interna-shimano-di2","status":"publish","type":"product","link":"https:\/\/gravel-bikes.cc\/es\/produkt\/bateria-interna-shimano-di2\/","title":{"rendered":"Bater\u00eda interna Shimano Di2"},"content":{"rendered":"","protected":false},"excerpt":{"rendered":"<p><strong>HIMANO Akku Lithium-Ion f\u00fcr Di2 | BT-DN300 intern | E-Tube Project<\/strong><\/p>\n<p>La bater\u00eda DN300 tiene las mismas dimensiones y m\u00e9todo de fijaci\u00f3n que su modelo anterior. Nuevos son los conectores SD300 para los cables Shimano E-Tube de \u00faltima generaci\u00f3n. A trav\u00e9s de estos, la bater\u00eda alimenta el desviador delantero y el cambio trasero de los grupos Dura-Ace 9200 y Ultegra 8100. Adem\u00e1s de las dos conexiones para el desviador delantero y el cambio trasero, se puede utilizar una tercera conexi\u00f3n para el funcionamiento totalmente cableado de los nuevos grupos Di2.<\/p>\n","protected":false},"featured_media":749,"template":"","meta":{"_et_pb_use_builder":"","_et_pb_old_content":"","_et_gb_content_width":""},"pwb-brand":[],"product_brand":[57],"product_cat":[204],"product_tag":[205],"class_list":{"0":"post-1616","1":"product","2":"type-product","3":"status-publish","4":"has-post-thumbnail","6":"product_brand-shimamo","7":"product_cat-shimamo-di2","8":"product_tag-bateria-shimano-di2","9":"product_shipping_class-piezas-pequenas","11":"first","12":"instock","13":"sale","14":"taxable","15":"shipping-taxable","16":"purchasable","17":"product-type-simple"},"aioseo_notices":[],"brands":[],"_links":{"self":[{"href":"https:\/\/gravel-bikes.cc\/es\/wp-json\/wp\/v2\/product\/1616","targetHints":{"allow":["GET"]}}],"collection":[{"href":"https:\/\/gravel-bikes.cc\/es\/wp-json\/wp\/v2\/product"}],"about":[{"href":"https:\/\/gravel-bikes.cc\/es\/wp-json\/wp\/v2\/types\/product"}],"wp:featuredmedia":[{"embeddable":true,"href":"https:\/\/gravel-bikes.cc\/es\/wp-json\/wp\/v2\/media\/749"}],"wp:attachment":[{"href":"https:\/\/gravel-bikes.cc\/es\/wp-json\/wp\/v2\/media?parent=1616"}],"wp:term":[{"taxonomy":"pwb-brand","embeddable":true,"href":"https:\/\/gravel-bikes.cc\/es\/wp-json\/wp\/v2\/pwb-brand?post=1616"},{"taxonomy":"product_brand","embeddable":true,"href":"https:\/\/gravel-bikes.cc\/es\/wp-json\/wp\/v2\/product_brand?post=1616"},{"taxonomy":"product_cat","embeddable":true,"href":"https:\/\/gravel-bikes.cc\/es\/wp-json\/wp\/v2\/product_cat?post=1616"},{"taxonomy":"product_tag","embeddable":true,"href":"https:\/\/gravel-bikes.cc\/es\/wp-json\/wp\/v2\/product_tag?post=1616"}],"curies":[{"name":"wp","href":"https:\/\/api.w.org\/{rel}","templated":true}]}}