{"id":1726,"date":"2025-12-14T15:58:37","date_gmt":"2025-12-14T15:58:37","guid":{"rendered":"https:\/\/gravel-bikes.cc\/produkt\/3t-primo-wpnt-grx-812\/"},"modified":"2025-12-22T17:09:58","modified_gmt":"2025-12-22T17:09:58","slug":"3t-primo-wpnt-grx-812","status":"publish","type":"product","link":"https:\/\/gravel-bikes.cc\/es\/produkt\/3t-primo-wpnt-grx-812\/","title":{"rendered":"3T Primo WPNT GRX 812"},"content":{"rendered":"<p>[et_pb_section fb_built=&#8221;1&#8243; _builder_version=&#8221;4.27.5&#8243; _module_preset=&#8221;default&#8221; global_colors_info=&#8221;{}&#8221;][et_pb_row _builder_version=&#8221;4.27.5&#8243; _module_preset=&#8221;default&#8221; global_colors_info=&#8221;{}&#8221;][et_pb_column type=&#8221;4_4&#8243; _builder_version=&#8221;4.27.5&#8243; _module_preset=&#8221;default&#8221; global_colors_info=&#8221;{}&#8221;][et_pb_image src=&#8221;https:\/\/gravel-bikes.cc\/wp-content\/uploads\/2025\/12\/3T_PRIMO2_Fumo_DSCF9102.webp&#8221; title_text=&#8221;3T_PRIMO2_Fumo_DSCF9102&#8243; _builder_version=&#8221;4.27.5&#8243; _module_preset=&#8221;default&#8221; global_colors_info=&#8221;{}&#8221;][\/et_pb_image][\/et_pb_column][\/et_pb_row][\/et_pb_section][et_pb_section fb_built=&#8221;1&#8243; _builder_version=&#8221;4.16&#8243; custom_padding=&#8221;0px||||false|false&#8221; global_colors_info=&#8221;{}&#8221;][et_pb_row _builder_version=&#8221;4.16&#8243; background_size=&#8221;initial&#8221; background_position=&#8221;top_left&#8221; background_repeat=&#8221;repeat&#8221; width=&#8221;100%&#8221; custom_padding=&#8221;0px||0px||false|false&#8221; global_colors_info=&#8221;{}&#8221;][et_pb_column type=&#8221;4_4&#8243; _builder_version=&#8221;4.16&#8243; custom_padding=&#8221;|||&#8221; global_colors_info=&#8221;{}&#8221; custom_padding__hover=&#8221;|||&#8221;][et_pb_wc_breadcrumb _builder_version=&#8221;4.16&#8243; global_colors_info=&#8221;{}&#8221;][\/et_pb_wc_breadcrumb][et_pb_wc_cart_notice _builder_version=&#8221;4.16&#8243; global_colors_info=&#8221;{}&#8221;][\/et_pb_wc_cart_notice][\/et_pb_column][\/et_pb_row][et_pb_row column_structure=&#8221;1_2,1_2&#8243; _builder_version=&#8221;4.16&#8243; background_size=&#8221;initial&#8221; background_position=&#8221;top_left&#8221; background_repeat=&#8221;repeat&#8221; width=&#8221;100%&#8221; custom_padding=&#8221;0px||||false|false&#8221; global_colors_info=&#8221;{}&#8221;][et_pb_column type=&#8221;1_2&#8243; _builder_version=&#8221;4.16&#8243; custom_padding=&#8221;|||&#8221; global_colors_info=&#8221;{}&#8221; custom_padding__hover=&#8221;|||&#8221;][et_pb_wc_images _builder_version=&#8221;4.16&#8243; global_colors_info=&#8221;{}&#8221;][\/et_pb_wc_images][et_pb_image title_text=&#8221;3T_Primo2_WPNT_Complete_bike_GRX_Mech_Salvia_e63496e7-6b29-45ba-9984-a24ebf6059b0&#8243; _builder_version=&#8221;4.27.5&#8243; _module_preset=&#8221;default&#8221; hover_enabled=&#8221;0&#8243; global_colors_info=&#8221;{}&#8221; src=&#8221;https:\/\/gravel-bikes.cc\/wp-content\/uploads\/2025\/12\/3T_Primo2_WPNT_Complete_bike_GRX_Mech_Salvia_e63496e7-6b29-45ba-9984-a24ebf6059b0.webp&#8221; sticky_enabled=&#8221;0&#8243;][\/et_pb_image][\/et_pb_column][et_pb_column type=&#8221;1_2&#8243; _builder_version=&#8221;4.16&#8243; custom_padding=&#8221;|||&#8221; global_colors_info=&#8221;{}&#8221; custom_padding__hover=&#8221;|||&#8221;][et_pb_wc_title _builder_version=&#8221;4.16&#8243; global_colors_info=&#8221;{}&#8221;][\/et_pb_wc_title][et_pb_wc_rating _builder_version=&#8221;4.16&#8243; global_colors_info=&#8221;{}&#8221;][\/et_pb_wc_rating][et_pb_wc_price _builder_version=&#8221;4.16&#8243; global_colors_info=&#8221;{}&#8221;][\/et_pb_wc_price][et_pb_wc_description _builder_version=&#8221;4.16&#8243; global_colors_info=&#8221;{}&#8221;][\/et_pb_wc_description][et_pb_wc_add_to_cart _builder_version=&#8221;4.16&#8243; global_colors_info=&#8221;{}&#8221;][\/et_pb_wc_add_to_cart][et_pb_wc_meta _builder_version=&#8221;4.16&#8243; global_colors_info=&#8221;{}&#8221;][\/et_pb_wc_meta][\/et_pb_column][\/et_pb_row][et_pb_row column_structure=&#8221;1_3,1_3,1_3&#8243; _builder_version=&#8221;4.27.5&#8243; _module_preset=&#8221;default&#8221; global_colors_info=&#8221;{}&#8221;][et_pb_column type=&#8221;1_3&#8243; _builder_version=&#8221;4.27.5&#8243; _module_preset=&#8221;default&#8221; global_colors_info=&#8221;{}&#8221;][et_pb_button button_text=&#8221;LEASING DE BICICLETAS&#8221; _builder_version=&#8221;4.27.5&#8243; _module_preset=&#8221;default&#8221; global_colors_info=&#8221;{}&#8221;][\/et_pb_button][\/et_pb_column][et_pb_column type=&#8221;1_3&#8243; _builder_version=&#8221;4.27.5&#8243; _module_preset=&#8221;default&#8221; global_colors_info=&#8221;{}&#8221;][et_pb_button button_text=&#8221;FINANCIACI\u00d3N&#8221; _builder_version=&#8221;4.27.5&#8243; _module_preset=&#8221;default&#8221; global_colors_info=&#8221;{}&#8221;][\/et_pb_button][\/et_pb_column][et_pb_column type=&#8221;1_3&#8243; _builder_version=&#8221;4.27.5&#8243; _module_preset=&#8221;default&#8221; global_colors_info=&#8221;{}&#8221;][et_pb_button button_text=&#8221;SEGURO&#8221; _builder_version=&#8221;4.27.5&#8243; _module_preset=&#8221;default&#8221; global_colors_info=&#8221;{}&#8221;][\/et_pb_button][\/et_pb_column][\/et_pb_row][et_pb_row column_structure=&#8221;1_3,1_3,1_3&#8243; _builder_version=&#8221;4.27.5&#8243; _module_preset=&#8221;default&#8221; global_colors_info=&#8221;{}&#8221;][et_pb_column type=&#8221;1_3&#8243; _builder_version=&#8221;4.27.5&#8243; _module_preset=&#8221;default&#8221; global_colors_info=&#8221;{}&#8221;][et_pb_image src=&#8221;https:\/\/gravel-bikes.cc\/wp-content\/uploads\/2025\/12\/3T_Primo2_WPNT_Complete_bike_GRX_Mech_Salvia_e63496e7-6b29-45ba-9984-a24ebf6059b0.webp&#8221; title_text=&#8221;3T_Primo2_WPNT_Complete_bike_GRX_Mech_Salvia_e63496e7-6b29-45ba-9984-a24ebf6059b0&#8243; _builder_version=&#8221;4.27.5&#8243; _module_preset=&#8221;default&#8221; hover_enabled=&#8221;0&#8243; global_colors_info=&#8221;{}&#8221; sticky_enabled=&#8221;0&#8243;][\/et_pb_image][\/et_pb_column][et_pb_column type=&#8221;1_3&#8243; _builder_version=&#8221;4.27.5&#8243; _module_preset=&#8221;default&#8221; global_colors_info=&#8221;{}&#8221;][et_pb_image src=&#8221;https:\/\/gravel-bikes.cc\/wp-content\/uploads\/2025\/12\/3T_Primo2_WPNT_Complete_bike_GRX_Mech_Orchidea_b0ae996d-b1d7-4d2a-88ca-90f80ef40b4e_900x-1.webp&#8221; title_text=&#8221;3T_Primo2_WPNT_Complete_bike_GRX_Mech_Orchidea_b0ae996d-b1d7-4d2a-88ca-90f80ef40b4e_900x&#8221; _builder_version=&#8221;4.27.5&#8243; _module_preset=&#8221;default&#8221; hover_enabled=&#8221;0&#8243; global_colors_info=&#8221;{}&#8221; sticky_enabled=&#8221;0&#8243;][\/et_pb_image][\/et_pb_column][et_pb_column type=&#8221;1_3&#8243; _builder_version=&#8221;4.27.5&#8243; _module_preset=&#8221;default&#8221; global_colors_info=&#8221;{}&#8221;][et_pb_image src=&#8221;https:\/\/gravel-bikes.cc\/wp-content\/uploads\/2025\/12\/IMG_4304-scaled.jpg&#8221; title_text=&#8221;IMG_4304&#8243; _builder_version=&#8221;4.27.5&#8243; _module_preset=&#8221;default&#8221; global_colors_info=&#8221;{}&#8221;][\/et_pb_image][\/et_pb_column][\/et_pb_row][et_pb_row _builder_version=&#8221;4.16&#8243; background_size=&#8221;initial&#8221; background_position=&#8221;top_left&#8221; background_repeat=&#8221;repeat&#8221; width=&#8221;100%&#8221; global_colors_info=&#8221;{}&#8221;][et_pb_column type=&#8221;4_4&#8243; _builder_version=&#8221;4.16&#8243; custom_padding=&#8221;|||&#8221; global_colors_info=&#8221;{}&#8221; custom_padding__hover=&#8221;|||&#8221;][et_pb_wc_tabs _builder_version=&#8221;4.16&#8243; global_colors_info=&#8221;{}&#8221;] [\/et_pb_wc_tabs][et_pb_wc_upsells _builder_version=&#8221;4.16&#8243; global_colors_info=&#8221;{}&#8221;][\/et_pb_wc_upsells][et_pb_wc_related_products _builder_version=&#8221;4.16&#8243; global_colors_info=&#8221;{}&#8221;][\/et_pb_wc_related_products][\/et_pb_column][\/et_pb_row][\/et_pb_section]<\/p>\n","protected":false},"excerpt":{"rendered":"","protected":false},"featured_media":948,"template":"","meta":{"_et_pb_use_builder":"on","_et_pb_old_content":"<h2 class=\"small-title\">Especificaciones<\/h2>\n<div class=\"spec-group\">\n<h3 class=\"micro-title\">PRIMO2 WPNT ~ GRX 1X12<\/h3>\n<dl>\n \t<dt>CUADRO Primo2 UDH - pintado en Italia<\/dt>\n \t<dt>MATERIAL DEL CUADRO - Carbono preimpregnado unidireccional, laminado de alto m\u00f3dulo\/alta resistencia<\/dt>\n \t<dt>HORQUILLA - 3T Fango Primo2<\/dt>\n \t<dt>DIRECCI\u00d3N - Cartucho sellado 52\/40 (45 grados)<\/dt>\n \t<dt>EJE PASANTE - 100x12 delantero - 142x12 trasero (espec\u00edfico para puntera 3T UDH)<\/dt>\n \t<dt>MANILLAR - 3T Superergo PRO (S&M: 40 cm \u2013 L&XL: 42 cm)<\/dt>\n \t<dt>CINTA DE MANILLAR - 3T Prendo Tough<\/dt>\n \t<dt>POTENCIA - 3T Apto con kit espaciador semi-Integrale (S: 80 mm \u2013 M: 90 mm \u2013 L: 100 mm \u2013 XL: 110 mm)<\/dt>\n \t<dt>PORTABID\u00d3N - Portabid\u00f3n de nailon 3T de carga frontal<\/dt>\n \t<dt>CAMBIO TRASERO - Shimano GRX 1\u00d712 \u2013 Cambio trasero RD-RX822-SGS<\/dt>\n \t<dt>MANETAS DE CAMBIO\/FRENO - Shimano GRX ST-RX610 12s<\/dt>\n \t<dt>FRENOS - Shimano GRX BR-RX400 con rotores Shimano SM-RT64 de 160 mm<\/dt>\n \t<dt>BIELAS - Shimano FC-RX610-1 40T 12s (S&M: 170 mm, L&XL: 172,5)<\/dt>\n \t<dt>CASSETE - Shimano Deore CS-M6100-12 10-51T<\/dt>\n \t<dt>RUEDAS - Fulcrum Rapid RED 900 700c o Fulcrum Racing 600 700c seg\u00fan disponibilidad<\/dt>\n \t<dt>NEUM\u00c1TICOS - Pirelli Cinturato Adventure 700\u00d745 o Vittoria Terreno T30 Sport 700x40 seg\u00fan disponibilidad<\/dt>\n \t<dt>TIJA DE SILL\u00cdN - Tija de sill\u00edn 3T Primo para abrazadera Ritchey<\/dt>\n \t<dt>SILL\u00cdN - Fizik VENTO Argo X5 140 mm<\/dt>\n<\/dl>\n<\/div>","_et_gb_content_width":"","om_disable_all_campaigns":false,"_monsterinsights_skip_tracking":false,"_monsterinsights_sitenote_active":false,"_monsterinsights_sitenote_note":"","_monsterinsights_sitenote_category":0},"pwb-brand":[],"product_brand":[],"product_cat":[232],"product_tag":[234,233],"class_list":{"0":"post-1726","1":"product","2":"type-product","3":"status-publish","4":"has-post-thumbnail","6":"product_cat-3t","7":"product_tag-3t","8":"product_tag-hamburg-gravel","10":"first","11":"instock","12":"sale","13":"taxable","14":"shipping-taxable","15":"purchasable","16":"product-type-variable"},"aioseo_notices":[],"df_price":2890,"df_sale_price":"","df_regular_price":2890,"df_image_link":"https:\/\/gravel-bikes.cc\/wp-content\/uploads\/2025\/12\/3T_Primo2_WPNT_Complete_bike_GRX_Mech_Orchidea_b0ae996d-b1d7-4d2a-88ca-90f80ef40b4e_900x-300x225.webp","brands":[],"_links":{"self":[{"href":"https:\/\/gravel-bikes.cc\/es\/wp-json\/wp\/v2\/product\/1726","targetHints":{"allow":["GET"]}}],"collection":[{"href":"https:\/\/gravel-bikes.cc\/es\/wp-json\/wp\/v2\/product"}],"about":[{"href":"https:\/\/gravel-bikes.cc\/es\/wp-json\/wp\/v2\/types\/product"}],"wp:featuredmedia":[{"embeddable":true,"href":"https:\/\/gravel-bikes.cc\/es\/wp-json\/wp\/v2\/media\/948"}],"wp:attachment":[{"href":"https:\/\/gravel-bikes.cc\/es\/wp-json\/wp\/v2\/media?parent=1726"}],"wp:term":[{"taxonomy":"pwb-brand","embeddable":true,"href":"https:\/\/gravel-bikes.cc\/es\/wp-json\/wp\/v2\/pwb-brand?post=1726"},{"taxonomy":"product_brand","embeddable":true,"href":"https:\/\/gravel-bikes.cc\/es\/wp-json\/wp\/v2\/product_brand?post=1726"},{"taxonomy":"product_cat","embeddable":true,"href":"https:\/\/gravel-bikes.cc\/es\/wp-json\/wp\/v2\/product_cat?post=1726"},{"taxonomy":"product_tag","embeddable":true,"href":"https:\/\/gravel-bikes.cc\/es\/wp-json\/wp\/v2\/product_tag?post=1726"}],"curies":[{"name":"wp","href":"https:\/\/api.w.org\/{rel}","templated":true}]}}