{"id":1771,"date":"2025-12-15T10:59:36","date_gmt":"2025-12-15T10:59:36","guid":{"rendered":"https:\/\/gravel-bikes.cc\/produkt\/rotor-pedalier-ubb4630-386-acero\/"},"modified":"2025-12-15T10:59:36","modified_gmt":"2025-12-15T10:59:36","slug":"rotor-pedalier-ubb4630-386-acero","status":"publish","type":"product","link":"https:\/\/gravel-bikes.cc\/es\/produkt\/rotor-pedalier-ubb4630-386-acero\/","title":{"rendered":"Rotor Pedalier UBB4630 386 Acero"},"content":{"rendered":"","protected":false},"excerpt":{"rendered":"<p><strong>Rotor UBB4630 386 BB Acero<\/strong>. T\u00fa, o m\u00e1s concretamente, tu elecci\u00f3n de cuadro, nos motiv\u00f3 a abordar los desaf\u00edos relacionados con la instalaci\u00f3n y la durabilidad del pedalier; gracias. Aceptamos la tarea de mejorar los llamados est\u00e1ndares de pedalier para ofrecerte el UBB4630. Fabricado con aleaci\u00f3n de aluminio de la serie 7000, el UBB4630 utiliza un manguito roscado para fijar ambas cazoletas en su lugar, sin que todo el esfuerzo de bloqueo dependa de la carcasa de ajuste a presi\u00f3n, lo que proporciona un giro uniforme y evita ruidos no deseados. El ajuste a ras en la regi\u00f3n de ajuste a presi\u00f3n evita la sobrecarga de los rodamientos y tambi\u00e9n mejora la alineaci\u00f3n de los rodamientos para una mayor vida \u00fatil. La ubicaci\u00f3n externa de los rodamientos permite un giro m\u00e1s suave y una mayor rigidez de la carcasa del pedalier para los est\u00e1ndares PF30 y BBright. El manguito interno tambi\u00e9n evita que las gu\u00edas de cable rocen contra las piezas giratorias      <\/p>\n<p>Compatibilidad<\/p>\n<p>https:\/\/rotorbike.com\/ge-de\/mwdownloads\/download\/link\/id\/104<\/p>\n","protected":false},"featured_media":1067,"template":"","meta":{"_et_pb_use_builder":"","_et_pb_old_content":"","_et_gb_content_width":"","om_disable_all_campaigns":false,"_monsterinsights_skip_tracking":false,"_monsterinsights_sitenote_active":false,"_monsterinsights_sitenote_note":"","_monsterinsights_sitenote_category":0},"pwb-brand":[],"product_brand":[],"product_cat":[279],"product_tag":[280],"class_list":{"0":"post-1771","1":"product","2":"type-product","3":"status-publish","4":"has-post-thumbnail","6":"product_cat-pedaliers","7":"product_tag-pedaliers","9":"first","10":"instock","11":"sale","12":"taxable","13":"shipping-taxable","14":"purchasable","15":"product-type-simple"},"aioseo_notices":[],"brands":[],"_links":{"self":[{"href":"https:\/\/gravel-bikes.cc\/es\/wp-json\/wp\/v2\/product\/1771","targetHints":{"allow":["GET"]}}],"collection":[{"href":"https:\/\/gravel-bikes.cc\/es\/wp-json\/wp\/v2\/product"}],"about":[{"href":"https:\/\/gravel-bikes.cc\/es\/wp-json\/wp\/v2\/types\/product"}],"wp:featuredmedia":[{"embeddable":true,"href":"https:\/\/gravel-bikes.cc\/es\/wp-json\/wp\/v2\/media\/1067"}],"wp:attachment":[{"href":"https:\/\/gravel-bikes.cc\/es\/wp-json\/wp\/v2\/media?parent=1771"}],"wp:term":[{"taxonomy":"pwb-brand","embeddable":true,"href":"https:\/\/gravel-bikes.cc\/es\/wp-json\/wp\/v2\/pwb-brand?post=1771"},{"taxonomy":"product_brand","embeddable":true,"href":"https:\/\/gravel-bikes.cc\/es\/wp-json\/wp\/v2\/product_brand?post=1771"},{"taxonomy":"product_cat","embeddable":true,"href":"https:\/\/gravel-bikes.cc\/es\/wp-json\/wp\/v2\/product_cat?post=1771"},{"taxonomy":"product_tag","embeddable":true,"href":"https:\/\/gravel-bikes.cc\/es\/wp-json\/wp\/v2\/product_tag?post=1771"}],"curies":[{"name":"wp","href":"https:\/\/api.w.org\/{rel}","templated":true}]}}