{"id":1785,"date":"2025-12-15T09:11:47","date_gmt":"2025-12-15T09:11:47","guid":{"rendered":"https:\/\/gravel-bikes.cc\/produkt\/ultra-dynamico-carva-42-mm\/"},"modified":"2025-12-15T09:11:47","modified_gmt":"2025-12-15T09:11:47","slug":"ultra-dynamico-carva-42-mm","status":"publish","type":"product","link":"https:\/\/gravel-bikes.cc\/es\/produkt\/ultra-dynamico-carva-42-mm\/","title":{"rendered":"Ultra Dynamico Carva 42 mm"},"content":{"rendered":"","protected":false},"excerpt":{"rendered":"<p>Nuestro cava catal\u00e1n es un vino excelente. Un neum\u00e1tico minimalista para aquellos que desean la velocidad libre de un slick de gran volumen, pero necesitan un neum\u00e1tico que sea m\u00e1s predecible en curvas sueltas. <\/p>\n<p>-La banda de rodadura de lima de diamante 3D <i>masajea<\/i> el terreno granular para obtener entre un 20 y un 30 % m\u00e1s de tracci\u00f3n perceptible que un slick<\/p>\n<p>-Deltas aeron\u00e1uticos continuos de espacio oscuro negativo en el centro para una VELOCIDAD embriagadora pura<\/p>\n<p>-Ligeramente m\u00e1s volumen que el ROS\u00e9, lo que le da el mismo di\u00e1metro exterior efectivo, dejando la geometr\u00eda sin cambios al combinarlo con ROS\u00e9 en la parte delantera.<\/p>\n<p>-Menos susceptible a los cortes en la banda de rodadura que un slick verdadero<\/p>\n<p>-Cero protecci\u00f3n en la pared lateral y sin protecci\u00f3n contra pinchazos en la parte superior para una calidad de conducci\u00f3n de masaje de terreno superior. Si eres un ciclista agresivo que pincha a menudo, no los compres. Considere nuestro <a href=\"https:\/\/ultradynamico.com\/products\/cava-robusto\" target=\"_blank\" rel=\"noopener\"><em>Robusto<\/em><\/a>  <\/p>\n<p>&#8211;<strong><em>JFF<\/em><\/strong> significa <em><strong>J<\/strong>ust <strong>F<\/strong>or <strong>F<\/strong>un<\/em>, pero no solo por diversi\u00f3n: estos neum\u00e1ticos est\u00e1n igualmente equipados para largos d\u00edas encerrados en la mazmorra del dolor como para un recorrido dominical por las tiendas de donuts veganos de Portland.<\/p>\n<p>-Compatible con tubeless<\/p>\n<p>-Neum\u00e1ticos empaquetados en cart\u00f3n reciclable FSC agradable y se venden individualmente<\/p>\n","protected":false},"featured_media":1031,"template":"","meta":{"_et_pb_use_builder":"","_et_pb_old_content":"","_et_gb_content_width":"","om_disable_all_campaigns":false,"_monsterinsights_skip_tracking":false,"_monsterinsights_sitenote_active":false,"_monsterinsights_sitenote_note":"","_monsterinsights_sitenote_category":0},"pwb-brand":[],"product_brand":[],"product_cat":[236],"product_tag":[286],"class_list":{"0":"post-1785","1":"product","2":"type-product","3":"status-publish","4":"has-post-thumbnail","6":"product_cat-neumaticos","7":"product_tag-ultradynamico","8":"product_shipping_class-piezas-pequenas","10":"first","11":"instock","12":"sale","13":"taxable","14":"shipping-taxable","15":"purchasable","16":"product-type-simple"},"aioseo_notices":[],"brands":[],"_links":{"self":[{"href":"https:\/\/gravel-bikes.cc\/es\/wp-json\/wp\/v2\/product\/1785","targetHints":{"allow":["GET"]}}],"collection":[{"href":"https:\/\/gravel-bikes.cc\/es\/wp-json\/wp\/v2\/product"}],"about":[{"href":"https:\/\/gravel-bikes.cc\/es\/wp-json\/wp\/v2\/types\/product"}],"wp:featuredmedia":[{"embeddable":true,"href":"https:\/\/gravel-bikes.cc\/es\/wp-json\/wp\/v2\/media\/1031"}],"wp:attachment":[{"href":"https:\/\/gravel-bikes.cc\/es\/wp-json\/wp\/v2\/media?parent=1785"}],"wp:term":[{"taxonomy":"pwb-brand","embeddable":true,"href":"https:\/\/gravel-bikes.cc\/es\/wp-json\/wp\/v2\/pwb-brand?post=1785"},{"taxonomy":"product_brand","embeddable":true,"href":"https:\/\/gravel-bikes.cc\/es\/wp-json\/wp\/v2\/product_brand?post=1785"},{"taxonomy":"product_cat","embeddable":true,"href":"https:\/\/gravel-bikes.cc\/es\/wp-json\/wp\/v2\/product_cat?post=1785"},{"taxonomy":"product_tag","embeddable":true,"href":"https:\/\/gravel-bikes.cc\/es\/wp-json\/wp\/v2\/product_tag?post=1785"}],"curies":[{"name":"wp","href":"https:\/\/api.w.org\/{rel}","templated":true}]}}