{"id":1873,"date":"2025-12-16T18:04:29","date_gmt":"2025-12-16T18:04:29","guid":{"rendered":"https:\/\/gravel-bikes.cc\/produkt\/gafas-avventure-stelvio\/"},"modified":"2026-01-02T16:41:45","modified_gmt":"2026-01-02T16:41:45","slug":"gafas-avventure-stelvio","status":"publish","type":"product","link":"https:\/\/gravel-bikes.cc\/es\/produkt\/gafas-avventure-stelvio\/","title":{"rendered":"AVVENTURE Stelvio Gafas NOIR"},"content":{"rendered":"<p><strong>CARACTER\u00cdSTICAS<\/strong><\/p>\n<p>Montura de acetato de celulosa italiano de 8 mm<br \/>\nProtector lateral de acetato en contraste<br \/>\nHecho a mano en Italia<\/p>\n<p><strong>ALMOHADILLAS DE SUJECI\u00d3N EN NARIZ Y PATILLAS<\/strong><br \/>\nAlmohadillas suaves e hipoalerg\u00e9nicas para mayor comodidad<br \/>\nAlto grado de agarre para garantizar una sujeci\u00f3n segura incluso cuando est\u00e1n mojadas por la lluvia o la transpiraci\u00f3n<\/p>\n<p><strong>LENTE DE VISI\u00d3N AVANZADA | TINTE DE RENDIMIENTO MARR\u00d3N<\/strong><br \/>\nMejora la visibilidad en entornos variables y con luz brillante<br \/>\nMejora el contraste y resalta los detalles, facilitando la percepci\u00f3n del relieve y los peligros que se avecinan<br \/>\nReduce el deslumbramiento al tiempo que deja visibles los peligros como el hielo negro, el agua y el aceite<br \/>\nEl revestimiento antirreflectante reduce los reflejos desde atr\u00e1s<br \/>\nLa optimizaci\u00f3n LCD permite una f\u00e1cil lectura de los dispositivos en condiciones de mucha luz<br \/>\nEl revestimiento hidrof\u00f3bico repelente al agua mantiene la lente libre de sudor y lluvia<br \/>\nUn revestimiento oleof\u00f3bico resistente a las manchas ayuda a evitar que las huellas dactilares y el polvo obstruyan la visi\u00f3n<br \/>\nUna superficie antiara\u00f1azos evita que las lentes se marquen por el uso y desgaste ligero<br \/>\n100 % de protecci\u00f3n contra la luz UV da\u00f1ina<\/p>\n<p><strong>TAMA\u00d1O<\/strong><br \/>\nLongitud de la patilla: 145 mm<br \/>\nAncho total de la montura: 144 mm<br \/>\nAncho de la lente: 58 mm<br \/>\nAltura de la lente: 55 mm<br \/>\nPuente: 16 mm<\/p>\n","protected":false},"excerpt":{"rendered":"<p>CARACTER\u00cdSTICAS Montura de acetato de celulosa italiano de 8 mm Protector lateral de acetato en contraste Hecho a mano en Italia ALMOHADILLAS DE SUJECI\u00d3N EN NARIZ Y PATILLAS Almohadillas suaves e hipoalerg\u00e9nicas para mayor comodidad Alto grado de agarre para garantizar una sujeci\u00f3n segura incluso cuando est\u00e1n mojadas por la lluvia o la transpiraci\u00f3n LENTE [&hellip;]<\/p>\n","protected":false},"featured_media":1876,"template":"","meta":{"_et_pb_use_builder":"","_et_pb_old_content":"","_et_gb_content_width":"","om_disable_all_campaigns":false,"_monsterinsights_skip_tracking":false,"_monsterinsights_sitenote_active":false,"_monsterinsights_sitenote_note":"","_monsterinsights_sitenote_category":0},"pwb-brand":[],"product_brand":[],"product_cat":[314],"product_tag":[],"class_list":{"0":"post-1873","1":"product","2":"type-product","3":"status-publish","4":"has-post-thumbnail","6":"product_cat-avventure","8":"first","9":"instock","10":"taxable","11":"shipping-taxable","12":"purchasable","13":"product-type-simple"},"aioseo_notices":[],"brands":[],"_links":{"self":[{"href":"https:\/\/gravel-bikes.cc\/es\/wp-json\/wp\/v2\/product\/1873","targetHints":{"allow":["GET"]}}],"collection":[{"href":"https:\/\/gravel-bikes.cc\/es\/wp-json\/wp\/v2\/product"}],"about":[{"href":"https:\/\/gravel-bikes.cc\/es\/wp-json\/wp\/v2\/types\/product"}],"wp:featuredmedia":[{"embeddable":true,"href":"https:\/\/gravel-bikes.cc\/es\/wp-json\/wp\/v2\/media\/1876"}],"wp:attachment":[{"href":"https:\/\/gravel-bikes.cc\/es\/wp-json\/wp\/v2\/media?parent=1873"}],"wp:term":[{"taxonomy":"pwb-brand","embeddable":true,"href":"https:\/\/gravel-bikes.cc\/es\/wp-json\/wp\/v2\/pwb-brand?post=1873"},{"taxonomy":"product_brand","embeddable":true,"href":"https:\/\/gravel-bikes.cc\/es\/wp-json\/wp\/v2\/product_brand?post=1873"},{"taxonomy":"product_cat","embeddable":true,"href":"https:\/\/gravel-bikes.cc\/es\/wp-json\/wp\/v2\/product_cat?post=1873"},{"taxonomy":"product_tag","embeddable":true,"href":"https:\/\/gravel-bikes.cc\/es\/wp-json\/wp\/v2\/product_tag?post=1873"}],"curies":[{"name":"wp","href":"https:\/\/api.w.org\/{rel}","templated":true}]}}