{"id":1969,"date":"2025-12-15T10:21:56","date_gmt":"2025-12-15T10:21:56","guid":{"rendered":"https:\/\/gravel-bikes.cc\/produkt\/maneta-izquierda-shimano-grx-di2-2-x-11\/"},"modified":"2025-12-15T10:21:56","modified_gmt":"2025-12-15T10:21:56","slug":"maneta-izquierda-shimano-grx-di2-2-x-11","status":"publish","type":"product","link":"https:\/\/gravel-bikes.cc\/es\/produkt\/maneta-izquierda-shimano-grx-di2-2-x-11\/","title":{"rendered":"Maneta izquierda Shimano GRX Di2 2 x 11"},"content":{"rendered":"","protected":false},"excerpt":{"rendered":"<p>Las bicicletas de gravel son cada vez m\u00e1s populares entre los ciclistas. Las ventajas son evidentes: tienen una geometr\u00eda m\u00e1s c\u00f3moda que las bicicletas de carreras, tambi\u00e9n son excelentes fuera de las carreteras asfaltadas y son adecuadas para un viaje m\u00e1s largo. Sin embargo, los componentes convencionales de las bicicletas de carreras alcanzan sus l\u00edmites con estas ruedas. Por lo tanto, Shimano ha desarrollado sus propios grupos de cambio especialmente para este tipo de bicicletas.    <\/p>\n","protected":false},"featured_media":1054,"template":"","meta":{"_et_pb_use_builder":"","_et_pb_old_content":"","_et_gb_content_width":"","om_disable_all_campaigns":false,"_monsterinsights_skip_tracking":false,"_monsterinsights_sitenote_active":false,"_monsterinsights_sitenote_note":"","_monsterinsights_sitenote_category":0},"pwb-brand":[],"product_brand":[],"product_cat":[204],"product_tag":[],"class_list":{"0":"post-1969","1":"product","2":"type-product","3":"status-publish","4":"has-post-thumbnail","6":"product_cat-shimamo-di2","7":"product_shipping_class-piezas-pequenas","9":"first","10":"instock","11":"sale","12":"taxable","13":"shipping-taxable","14":"purchasable","15":"product-type-simple"},"aioseo_notices":[],"brands":[],"_links":{"self":[{"href":"https:\/\/gravel-bikes.cc\/es\/wp-json\/wp\/v2\/product\/1969","targetHints":{"allow":["GET"]}}],"collection":[{"href":"https:\/\/gravel-bikes.cc\/es\/wp-json\/wp\/v2\/product"}],"about":[{"href":"https:\/\/gravel-bikes.cc\/es\/wp-json\/wp\/v2\/types\/product"}],"wp:featuredmedia":[{"embeddable":true,"href":"https:\/\/gravel-bikes.cc\/es\/wp-json\/wp\/v2\/media\/1054"}],"wp:attachment":[{"href":"https:\/\/gravel-bikes.cc\/es\/wp-json\/wp\/v2\/media?parent=1969"}],"wp:term":[{"taxonomy":"pwb-brand","embeddable":true,"href":"https:\/\/gravel-bikes.cc\/es\/wp-json\/wp\/v2\/pwb-brand?post=1969"},{"taxonomy":"product_brand","embeddable":true,"href":"https:\/\/gravel-bikes.cc\/es\/wp-json\/wp\/v2\/product_brand?post=1969"},{"taxonomy":"product_cat","embeddable":true,"href":"https:\/\/gravel-bikes.cc\/es\/wp-json\/wp\/v2\/product_cat?post=1969"},{"taxonomy":"product_tag","embeddable":true,"href":"https:\/\/gravel-bikes.cc\/es\/wp-json\/wp\/v2\/product_tag?post=1969"}],"curies":[{"name":"wp","href":"https:\/\/api.w.org\/{rel}","templated":true}]}}