{"id":1972,"date":"2025-12-15T10:15:16","date_gmt":"2025-12-15T10:15:16","guid":{"rendered":"https:\/\/gravel-bikes.cc\/produkt\/pedales-shimano-pd-rs-500\/"},"modified":"2025-12-15T10:15:16","modified_gmt":"2025-12-15T10:15:16","slug":"pedales-shimano-pd-rs-500","status":"publish","type":"product","link":"https:\/\/gravel-bikes.cc\/es\/produkt\/pedales-shimano-pd-rs-500\/","title":{"rendered":"Pedales Shimano PD-RS 500"},"content":{"rendered":"","protected":false},"excerpt":{"rendered":"<p>Los pedales PD-RS500 son especialmente adecuados como pedales autom\u00e1ticos de nivel b\u00e1sico. Su menor tensi\u00f3n de resorte y una zona de entrada ampliada garantizan una entrada y salida particularmente f\u00e1ciles. La tensi\u00f3n del resorte se puede ajustar mediante un tornillo de ajuste. El dise\u00f1o se basa en los modelos tope de gama de Shimano. La superficie de contacto extra ancha del PD-RS500 ofrece una transmisi\u00f3n de potencia \u00f3ptima. Adem\u00e1s, los cuerpos de los pedales extra anchos garantizan una alta rigidez torsional y durabilidad. Las inserciones de acero inoxidable en la superficie de contacto evitan el desgaste de los cuerpos de los pedales.      <\/p>\n<p>incluye calas<\/p>\n","protected":false},"featured_media":1136,"template":"","meta":{"_et_pb_use_builder":"","_et_pb_old_content":"","_et_gb_content_width":"","om_disable_all_campaigns":false,"_monsterinsights_skip_tracking":false,"_monsterinsights_sitenote_active":false,"_monsterinsights_sitenote_note":"","_monsterinsights_sitenote_category":0},"pwb-brand":[],"product_brand":[],"product_cat":[175],"product_tag":[342],"class_list":{"0":"post-1972","1":"product","2":"type-product","3":"status-publish","4":"has-post-thumbnail","6":"product_cat-pedales","7":"product_tag-pedales-shimano","8":"product_shipping_class-piezas-pequenas","10":"first","11":"instock","12":"sale","13":"taxable","14":"shipping-taxable","15":"purchasable","16":"product-type-simple"},"aioseo_notices":[],"df_price":44.9,"df_sale_price":44.9,"df_regular_price":70.9,"df_image_link":"https:\/\/gravel-bikes.cc\/wp-content\/uploads\/2025\/12\/ceb2a511-feca-4d19-bee8-6bce79dba759-300x225.jpg","brands":[],"_links":{"self":[{"href":"https:\/\/gravel-bikes.cc\/es\/wp-json\/wp\/v2\/product\/1972","targetHints":{"allow":["GET"]}}],"collection":[{"href":"https:\/\/gravel-bikes.cc\/es\/wp-json\/wp\/v2\/product"}],"about":[{"href":"https:\/\/gravel-bikes.cc\/es\/wp-json\/wp\/v2\/types\/product"}],"wp:featuredmedia":[{"embeddable":true,"href":"https:\/\/gravel-bikes.cc\/es\/wp-json\/wp\/v2\/media\/1136"}],"wp:attachment":[{"href":"https:\/\/gravel-bikes.cc\/es\/wp-json\/wp\/v2\/media?parent=1972"}],"wp:term":[{"taxonomy":"pwb-brand","embeddable":true,"href":"https:\/\/gravel-bikes.cc\/es\/wp-json\/wp\/v2\/pwb-brand?post=1972"},{"taxonomy":"product_brand","embeddable":true,"href":"https:\/\/gravel-bikes.cc\/es\/wp-json\/wp\/v2\/product_brand?post=1972"},{"taxonomy":"product_cat","embeddable":true,"href":"https:\/\/gravel-bikes.cc\/es\/wp-json\/wp\/v2\/product_cat?post=1972"},{"taxonomy":"product_tag","embeddable":true,"href":"https:\/\/gravel-bikes.cc\/es\/wp-json\/wp\/v2\/product_tag?post=1972"}],"curies":[{"name":"wp","href":"https:\/\/api.w.org\/{rel}","templated":true}]}}