{"id":2093,"date":"2025-12-12T19:49:45","date_gmt":"2025-12-12T19:49:45","guid":{"rendered":"https:\/\/gravel-bikes.cc\/produkt\/maillot-termico-de-manga-larga-para-mujer-maap-training-negro\/"},"modified":"2025-12-12T19:49:45","modified_gmt":"2025-12-12T19:49:45","slug":"maillot-termico-de-manga-larga-para-mujer-maap-training-negro","status":"publish","type":"product","link":"https:\/\/gravel-bikes.cc\/es\/produkt\/maillot-termico-de-manga-larga-para-mujer-maap-training-negro\/","title":{"rendered":"Maillot t\u00e9rmico de manga larga para mujer MAAP Training, negro"},"content":{"rendered":"","protected":false},"excerpt":{"rendered":"<p>El maillot t\u00e9rmico de manga larga para mujer Training est\u00e1 dise\u00f1ado para ofrecer comodidad y durabilidad, manteni\u00e9ndote concentrada en el entrenamiento sin distracciones. Dise\u00f1ado con nuestro corte Team-Fit caracter\u00edstico, presenta un corte cl\u00e1sico con paneles confeccionados relajados para un estilo c\u00f3modo. Adem\u00e1s, el tejido t\u00e9rmico italiano de primera calidad proporciona transpirabilidad, retenci\u00f3n t\u00e9rmica y una sensaci\u00f3n supersuave en la piel. Los tres bolsillos traseros, m\u00e1s un bolsillo oculto con cremallera, ofrecen mucho espacio de almacenamiento para los d\u00edas largos sobre el sill\u00edn. Los llamativos logotipos reflectantes en los hombros, el brazo y el pecho te ayudan a destacar, ya sea que te levantes antes del amanecer o persigas la puesta de sol de vuelta a casa.    <\/p>\n","protected":false},"featured_media":606,"template":"","meta":{"_et_pb_use_builder":"","_et_pb_old_content":"","_et_gb_content_width":"","om_disable_all_campaigns":false,"_monsterinsights_skip_tracking":false,"_monsterinsights_sitenote_active":false,"_monsterinsights_sitenote_note":"","_monsterinsights_sitenote_category":0},"pwb-brand":[],"product_brand":[83],"product_cat":[240],"product_tag":[364],"class_list":{"0":"post-2093","1":"product","2":"type-product","3":"status-publish","4":"has-post-thumbnail","6":"product_brand-maap","7":"product_cat-maap","8":"product_tag-maap","10":"first","11":"instock","12":"taxable","13":"shipping-taxable","14":"purchasable","15":"product-type-simple"},"aioseo_notices":[],"brands":[],"_links":{"self":[{"href":"https:\/\/gravel-bikes.cc\/es\/wp-json\/wp\/v2\/product\/2093","targetHints":{"allow":["GET"]}}],"collection":[{"href":"https:\/\/gravel-bikes.cc\/es\/wp-json\/wp\/v2\/product"}],"about":[{"href":"https:\/\/gravel-bikes.cc\/es\/wp-json\/wp\/v2\/types\/product"}],"wp:featuredmedia":[{"embeddable":true,"href":"https:\/\/gravel-bikes.cc\/es\/wp-json\/wp\/v2\/media\/606"}],"wp:attachment":[{"href":"https:\/\/gravel-bikes.cc\/es\/wp-json\/wp\/v2\/media?parent=2093"}],"wp:term":[{"taxonomy":"pwb-brand","embeddable":true,"href":"https:\/\/gravel-bikes.cc\/es\/wp-json\/wp\/v2\/pwb-brand?post=2093"},{"taxonomy":"product_brand","embeddable":true,"href":"https:\/\/gravel-bikes.cc\/es\/wp-json\/wp\/v2\/product_brand?post=2093"},{"taxonomy":"product_cat","embeddable":true,"href":"https:\/\/gravel-bikes.cc\/es\/wp-json\/wp\/v2\/product_cat?post=2093"},{"taxonomy":"product_tag","embeddable":true,"href":"https:\/\/gravel-bikes.cc\/es\/wp-json\/wp\/v2\/product_tag?post=2093"}],"curies":[{"name":"wp","href":"https:\/\/api.w.org\/{rel}","templated":true}]}}