{"id":2939,"date":"2025-12-24T19:27:44","date_gmt":"2025-12-24T19:27:44","guid":{"rendered":"https:\/\/gravel-bikes.cc\/?post_type=product&#038;p=2939"},"modified":"2025-12-25T09:31:44","modified_gmt":"2025-12-25T09:31:44","slug":"tacos-de-billar-pearl-gravel-adventure-copy","status":"publish","type":"product","link":"https:\/\/gravel-bikes.cc\/es\/produkt\/tacos-de-billar-pearl-gravel-adventure-copy\/","title":{"rendered":"Tacos de billar Pearl GRAVEL Adventure (Copy)"},"content":{"rendered":"<p>[et_pb_section fb_built=&#8221;1&#8243; _builder_version=&#8221;4.16&#8243; custom_padding=&#8221;0px||||false|false&#8221; global_colors_info=&#8221;{}&#8221;][et_pb_row _builder_version=&#8221;4.16&#8243; background_size=&#8221;initial&#8221; background_position=&#8221;top_left&#8221; background_repeat=&#8221;repeat&#8221; width=&#8221;100%&#8221; custom_padding=&#8221;0px||0px||false|false&#8221; global_colors_info=&#8221;{}&#8221;][et_pb_column type=&#8221;4_4&#8243; _builder_version=&#8221;4.16&#8243; custom_padding=&#8221;|||&#8221; global_colors_info=&#8221;{}&#8221; custom_padding__hover=&#8221;|||&#8221;][et_pb_wc_breadcrumb _builder_version=&#8221;4.16&#8243; global_colors_info=&#8221;{}&#8221;][\/et_pb_wc_breadcrumb][et_pb_wc_cart_notice _builder_version=&#8221;4.16&#8243; global_colors_info=&#8221;{}&#8221;][\/et_pb_wc_cart_notice][\/et_pb_column][\/et_pb_row][et_pb_row column_structure=&#8221;1_2,1_2&#8243; _builder_version=&#8221;4.16&#8243; background_size=&#8221;initial&#8221; background_position=&#8221;top_left&#8221; background_repeat=&#8221;repeat&#8221; width=&#8221;100%&#8221; custom_padding=&#8221;0px||||false|false&#8221; global_colors_info=&#8221;{}&#8221;][et_pb_column type=&#8221;1_2&#8243; _builder_version=&#8221;4.16&#8243; custom_padding=&#8221;|||&#8221; global_colors_info=&#8221;{}&#8221; custom_padding__hover=&#8221;|||&#8221;][et_pb_wc_images _builder_version=&#8221;4.16&#8243; global_colors_info=&#8221;{}&#8221;][\/et_pb_wc_images][et_pb_image src=&#8221;https:\/\/gravel-bikes.cc\/wp-content\/uploads\/2025\/11\/IMG_3838-scaled-2.jpg&#8221; title_text=&#8221;IMG_3838-scaled&#8221; _builder_version=&#8221;4.27.5&#8243; _module_preset=&#8221;default&#8221; global_colors_info=&#8221;{}&#8221;][\/et_pb_image][\/et_pb_column][et_pb_column type=&#8221;1_2&#8243; _builder_version=&#8221;4.16&#8243; custom_padding=&#8221;|||&#8221; global_colors_info=&#8221;{}&#8221; custom_padding__hover=&#8221;|||&#8221;][et_pb_wc_title _builder_version=&#8221;4.16&#8243; global_colors_info=&#8221;{}&#8221;][\/et_pb_wc_title][et_pb_wc_rating _builder_version=&#8221;4.16&#8243; global_colors_info=&#8221;{}&#8221;][\/et_pb_wc_rating][et_pb_wc_price _builder_version=&#8221;4.16&#8243; global_colors_info=&#8221;{}&#8221;][\/et_pb_wc_price][et_pb_wc_description _builder_version=&#8221;4.16&#8243; global_colors_info=&#8221;{}&#8221;][\/et_pb_wc_description][et_pb_wc_add_to_cart _builder_version=&#8221;4.16&#8243; global_colors_info=&#8221;{}&#8221;][\/et_pb_wc_add_to_cart][et_pb_wc_meta _builder_version=&#8221;4.16&#8243; global_colors_info=&#8221;{}&#8221;][\/et_pb_wc_meta][\/et_pb_column][\/et_pb_row][et_pb_row _builder_version=&#8221;4.16&#8243; background_size=&#8221;initial&#8221; background_position=&#8221;top_left&#8221; background_repeat=&#8221;repeat&#8221; width=&#8221;100%&#8221; global_colors_info=&#8221;{}&#8221;][et_pb_column type=&#8221;4_4&#8243; _builder_version=&#8221;4.16&#8243; custom_padding=&#8221;|||&#8221; global_colors_info=&#8221;{}&#8221; custom_padding__hover=&#8221;|||&#8221;][et_pb_wc_tabs _builder_version=&#8221;4.16&#8243; global_colors_info=&#8221;{}&#8221;] [\/et_pb_wc_tabs][et_pb_wc_upsells _builder_version=&#8221;4.16&#8243; global_colors_info=&#8221;{}&#8221;][\/et_pb_wc_upsells][et_pb_wc_related_products _builder_version=&#8221;4.16&#8243; global_colors_info=&#8221;{}&#8221;][\/et_pb_wc_related_products][\/et_pb_column][\/et_pb_row][\/et_pb_section]<\/p>\n","protected":false},"excerpt":{"rendered":"<p><strong>GRAVEL Adventure<\/strong><\/p>\n<p><strong>&#8220;una bicicleta gravel de carbono adecuada para tu pr\u00f3xima aventura&#8221;<\/strong><\/p>\n<h4>Diversi\u00f3n sin fin en gravel&#8230; Bienvenido a nuestra gama de bicicletas gravel a medida. Ofrecemos cuadros de aleaci\u00f3n y de carbono que se pueden adaptar para satisfacer tus necesidades espec\u00edficas. Nuestros cuadros gravel son compatibles con neum\u00e1ticos de 650b y 700c. Tambi\u00e9n se pueden montar guardabarros y portabultos para cualquier aventura de mochilero. Elige un color y ponte en contacto con nosotros o con un distribuidor local y recibe tu bicicleta gravel personalizada en la puerta de tu casa.<\/h4>\n<p><strong> <\/strong><\/p>\n<p><strong> <\/strong><\/p>\n<p><strong> <\/strong><\/p>\n<ul>\n<li>Geometr\u00eda Adventure<\/li>\n<li>Fibra de carbono unidireccional<\/li>\n<li>Fiable y ligera, y apta para neum\u00e1ticos de 55 mm.<\/li>\n<li>Los ejes de 12 mm aumentan la rigidez de la rueda en comparaci\u00f3n con el cierre r\u00e1pido normal.<\/li>\n<li>Horquilla aerodin\u00e1mica de base ancha y tubo de direcci\u00f3n que aumentan la rigidez de la parte delantera del cuadro.<\/li>\n<li>Compatible con guardabarros, portabultos y todas las bolsas de bikepacking.<\/li>\n<\/ul>\n","protected":false},"featured_media":0,"template":"","meta":{"_et_pb_use_builder":"on","_et_pb_old_content":"<ul>\r\n \t<li>Adventure Geometry<\/li>\r\n \t<li>Unidirectional carbon fibre<\/li>\r\n \t<li>Reliable and lightweight and fits 55 mm tyres.<\/li>\r\n \t<li>12mm axles increase the stiffness of the wheel in comparison to regular quick release.<\/li>\r\n \t<li>Wide stance aero fork and steering tube that increases the stiffness of the front part of the frame.<\/li>\r\n \t<li>Fits fenders, carriers and all bike packing bags.<\/li>\r\n<\/ul>\r\n&nbsp;\r\n\r\n<strong>Wheels <\/strong>\r\n<ul>\r\n \t<li>Fulcrum DB 900<\/li>\r\n \t<li>Made in Italy<\/li>\r\n \t<li>Tubeless Ready<\/li>\r\n \t<li>Indestructible and weather resistant industrial bearings<\/li>\r\n<\/ul>\r\n<strong>Shifting<\/strong>\r\n<ul>\r\n \t<li>Shimano GRX mechanical Gears<\/li>\r\n \t<li>Shimano Hydraulic disc brakes<\/li>\r\n<\/ul>","_et_gb_content_width":"","om_disable_all_campaigns":false,"_monsterinsights_skip_tracking":false,"_monsterinsights_sitenote_active":false,"_monsterinsights_sitenote_note":"","_monsterinsights_sitenote_category":0},"pwb-brand":[],"product_brand":[],"product_cat":[147,137],"product_tag":[138],"class_list":{"0":"post-2939","1":"product","2":"type-product","3":"status-publish","5":"product_cat-oferta","6":"product_cat-pearl-gravel","7":"product_tag-peal-adventure-grave","9":"first","10":"instock","11":"sale","12":"taxable","13":"shipping-taxable","14":"purchasable","15":"product-type-variable"},"aioseo_notices":[],"brands":[],"_links":{"self":[{"href":"https:\/\/gravel-bikes.cc\/es\/wp-json\/wp\/v2\/product\/2939","targetHints":{"allow":["GET"]}}],"collection":[{"href":"https:\/\/gravel-bikes.cc\/es\/wp-json\/wp\/v2\/product"}],"about":[{"href":"https:\/\/gravel-bikes.cc\/es\/wp-json\/wp\/v2\/types\/product"}],"wp:attachment":[{"href":"https:\/\/gravel-bikes.cc\/es\/wp-json\/wp\/v2\/media?parent=2939"}],"wp:term":[{"taxonomy":"pwb-brand","embeddable":true,"href":"https:\/\/gravel-bikes.cc\/es\/wp-json\/wp\/v2\/pwb-brand?post=2939"},{"taxonomy":"product_brand","embeddable":true,"href":"https:\/\/gravel-bikes.cc\/es\/wp-json\/wp\/v2\/product_brand?post=2939"},{"taxonomy":"product_cat","embeddable":true,"href":"https:\/\/gravel-bikes.cc\/es\/wp-json\/wp\/v2\/product_cat?post=2939"},{"taxonomy":"product_tag","embeddable":true,"href":"https:\/\/gravel-bikes.cc\/es\/wp-json\/wp\/v2\/product_tag?post=2939"}],"curies":[{"name":"wp","href":"https:\/\/api.w.org\/{rel}","templated":true}]}}