{"id":3684,"date":"2025-12-13T17:29:46","date_gmt":"2025-12-13T17:29:46","guid":{"rendered":"https:\/\/gravel-bikes.cc\/produkt\/cambio-trasero-shimano-slx-rd-m7000-gs-de-11-velocidades\/"},"modified":"2025-12-13T17:29:46","modified_gmt":"2025-12-13T17:29:46","slug":"cambio-trasero-shimano-slx-rd-m7000-gs-de-11-velocidades","status":"publish","type":"product","link":"https:\/\/gravel-bikes.cc\/es\/produkt\/cambio-trasero-shimano-slx-rd-m7000-gs-de-11-velocidades\/","title":{"rendered":"Cambio trasero Shimano SLX RD-M7000-GS de 11 velocidades"},"content":{"rendered":"","protected":false},"excerpt":{"rendered":"<p><strong>Cambio trasero SHIMANO SLX RD-M7000-11 GS Shadow + caja de longitud media <\/strong><\/p>\n<p>El cambio trasero SLX de 11 velocidades no es en absoluto inferior al cambio trasero XT en t\u00e9rminos de funci\u00f3n y rendimiento de cambio, solo el peso ligeramente superior podr\u00eda considerarse un punto negativo.<br \/>\nAl igual que su hermano mayor de la gama alta de Shimano, siempre ofrece cambios de marcha r\u00e1pidos y suaves. Con la tecnolog\u00eda Shadow + revisada, la pretensi\u00f3n de la cadena se puede ajustar en dos etapas utilizando una peque\u00f1a palanca en el cambio trasero. As\u00ed, puedes decidir si la cadena debe funcionar m\u00e1s suavemente con menos tensi\u00f3n de la cadena, o si debe tensarse para terrenos accidentados. La construcci\u00f3n Shadow reduce el voladizo lateral del cambio trasero y, por lo tanto, reduce el riesgo de que el cambio trasero quede atrapado en palos y piedras.<br \/>\n\u00a1Las poleas utilizadas con rodamientos sellados funcionan de forma muy limpia y garantizan una larga vida \u00fatil!   <\/p>\n","protected":false},"featured_media":735,"template":"","meta":{"_et_pb_use_builder":"","_et_pb_old_content":"","_et_gb_content_width":"","om_disable_all_campaigns":false,"_monsterinsights_skip_tracking":false,"_monsterinsights_sitenote_active":false,"_monsterinsights_sitenote_note":"","_monsterinsights_sitenote_category":0},"pwb-brand":[],"product_brand":[],"product_cat":[254],"product_tag":[],"class_list":{"0":"post-3684","1":"product","2":"type-product","3":"status-publish","4":"has-post-thumbnail","6":"product_cat-cambio-trasero-shimano","7":"product_shipping_class-piezas-pequenas","9":"first","10":"instock","11":"sale","12":"taxable","13":"shipping-taxable","14":"purchasable","15":"product-type-simple"},"aioseo_notices":[],"df_price":45,"df_sale_price":45,"df_regular_price":89,"df_image_link":"https:\/\/gravel-bikes.cc\/wp-content\/uploads\/2025\/12\/154994-250x300.jpg","brands":[],"_links":{"self":[{"href":"https:\/\/gravel-bikes.cc\/es\/wp-json\/wp\/v2\/product\/3684","targetHints":{"allow":["GET"]}}],"collection":[{"href":"https:\/\/gravel-bikes.cc\/es\/wp-json\/wp\/v2\/product"}],"about":[{"href":"https:\/\/gravel-bikes.cc\/es\/wp-json\/wp\/v2\/types\/product"}],"wp:featuredmedia":[{"embeddable":true,"href":"https:\/\/gravel-bikes.cc\/es\/wp-json\/wp\/v2\/media\/735"}],"wp:attachment":[{"href":"https:\/\/gravel-bikes.cc\/es\/wp-json\/wp\/v2\/media?parent=3684"}],"wp:term":[{"taxonomy":"pwb-brand","embeddable":true,"href":"https:\/\/gravel-bikes.cc\/es\/wp-json\/wp\/v2\/pwb-brand?post=3684"},{"taxonomy":"product_brand","embeddable":true,"href":"https:\/\/gravel-bikes.cc\/es\/wp-json\/wp\/v2\/product_brand?post=3684"},{"taxonomy":"product_cat","embeddable":true,"href":"https:\/\/gravel-bikes.cc\/es\/wp-json\/wp\/v2\/product_cat?post=3684"},{"taxonomy":"product_tag","embeddable":true,"href":"https:\/\/gravel-bikes.cc\/es\/wp-json\/wp\/v2\/product_tag?post=3684"}],"curies":[{"name":"wp","href":"https:\/\/api.w.org\/{rel}","templated":true}]}}