{"id":3689,"date":"2025-12-16T10:58:45","date_gmt":"2025-12-16T10:58:45","guid":{"rendered":"https:\/\/gravel-bikes.cc\/produkt\/zapatillas-de-gravel-shimano-rx\/"},"modified":"2026-02-03T11:01:21","modified_gmt":"2026-02-03T11:01:21","slug":"zapatillas-de-gravel-shimano-rx","status":"publish","type":"product","link":"https:\/\/gravel-bikes.cc\/es\/produkt\/zapatillas-de-gravel-shimano-rx\/","title":{"rendered":"Zapatillas de gravel Shimano RX 6"},"content":{"rendered":"","protected":false},"excerpt":{"rendered":"<h2><span id=\"js-descripcion\" class=\"title-page\">Descripci\u00f3n del producto de las zapatillas de gravel anchas Shimano RX600<\/span><\/h2>\n<div id=\"js-description_summary\" class=\"description_summary\">\n<p class=\"txt-subtitle \">Resumen de la descripci\u00f3n<\/p>\n<p id=\"resume_desc\" class=\"txt-base \">Experimenta el equilibrio perfecto entre rigidez y facilidad para caminar con las zapatillas de gravel anchas SHIMANO RX600. Dise\u00f1adas para rutas largas, la suela reforzada con carbono proporciona rigidez de nivel de competici\u00f3n para una m\u00e1xima eficiencia de pedaleo. Cuando te bajas de la bicicleta, una suela ancha con tacos de TPU garantiza un agarre y una comodidad seguros. La parte superior envolvente y el dial BOA\u00ae L6K r\u00e1pido y preciso ofrecen un ajuste seguro y sin espacios. Ligeras y dise\u00f1adas como sistema con pedales SPD, estas zapatillas son la clave para un rendimiento y una estabilidad duraderos en cualquier aventura de gravel    <\/p>\n<\/div>\n","protected":false},"featured_media":3690,"template":"","meta":{"_et_pb_use_builder":"","_et_pb_old_content":"","_et_gb_content_width":""},"pwb-brand":[],"product_brand":[57],"product_cat":[304],"product_tag":[449],"class_list":{"0":"post-3689","1":"product","2":"type-product","3":"status-publish","4":"has-post-thumbnail","6":"product_brand-shimamo","7":"product_cat-zapatillas-shimano","8":"product_tag-zapatillas-shimano","10":"first","11":"instock","12":"sale","13":"taxable","14":"shipping-taxable","15":"purchasable","16":"product-type-variable"},"aioseo_notices":[],"brands":[],"_links":{"self":[{"href":"https:\/\/gravel-bikes.cc\/es\/wp-json\/wp\/v2\/product\/3689","targetHints":{"allow":["GET"]}}],"collection":[{"href":"https:\/\/gravel-bikes.cc\/es\/wp-json\/wp\/v2\/product"}],"about":[{"href":"https:\/\/gravel-bikes.cc\/es\/wp-json\/wp\/v2\/types\/product"}],"wp:featuredmedia":[{"embeddable":true,"href":"https:\/\/gravel-bikes.cc\/es\/wp-json\/wp\/v2\/media\/3690"}],"wp:attachment":[{"href":"https:\/\/gravel-bikes.cc\/es\/wp-json\/wp\/v2\/media?parent=3689"}],"wp:term":[{"taxonomy":"pwb-brand","embeddable":true,"href":"https:\/\/gravel-bikes.cc\/es\/wp-json\/wp\/v2\/pwb-brand?post=3689"},{"taxonomy":"product_brand","embeddable":true,"href":"https:\/\/gravel-bikes.cc\/es\/wp-json\/wp\/v2\/product_brand?post=3689"},{"taxonomy":"product_cat","embeddable":true,"href":"https:\/\/gravel-bikes.cc\/es\/wp-json\/wp\/v2\/product_cat?post=3689"},{"taxonomy":"product_tag","embeddable":true,"href":"https:\/\/gravel-bikes.cc\/es\/wp-json\/wp\/v2\/product_tag?post=3689"}],"curies":[{"name":"wp","href":"https:\/\/api.w.org\/{rel}","templated":true}]}}