{"id":3712,"date":"2025-12-23T19:44:32","date_gmt":"2025-12-23T19:44:32","guid":{"rendered":"https:\/\/gravel-bikes.cc\/produkt\/enve-manillares-gravel-ses\/"},"modified":"2025-12-26T18:20:23","modified_gmt":"2025-12-26T18:20:23","slug":"enve-manillares-gravel-ses","status":"publish","type":"product","link":"https:\/\/gravel-bikes.cc\/es\/produkt\/enve-manillares-gravel-ses\/","title":{"rendered":"ENVE MANILLARES GRAVEL SES"},"content":{"rendered":"","protected":false},"excerpt":{"rendered":"<p>Uno de los manillares m\u00e1s populares de la gama ENVE ahora est\u00e1 m\u00e1s disponible. El manillar combinado SES AR a\u00fana curvas compuestas, una forma ergon\u00f3mica, un perfil aerodin\u00e1mico y compatibilidad con el sistema IN-ROUTE de ENVE. Es una elecci\u00f3n esencial para ciclistas de carretera y gravel. El SES AR One-Piece es compatible con los modelos ENVE Melee, Fray, MOG, Custom Road y una amplia gama de cuadros de alta gama equipados con el sistema IN-ROUTE de ENVE. ENVE tambi\u00e9n ha desarrollado tapas para ampliar la compatibilidad con las principales marcas, lo que lo convierte en la mejor mejora para los manillares combinados.    <\/p>\n<p>La potencia combinada SES AR viene con el soporte para ordenador UL Carbon con accesorio, as\u00ed como con inserciones Garmin y Wahoo.<\/p>\n<p>Disponible en 20 combinaciones de tama\u00f1o, con longitudes de potencia que van de 90 a 130 mm y anchuras de manillar que van de 38 a 44 cm. Las tapas de cojinetes IN-ROUTE est\u00e1n disponibles para compatibilidad con Cervelo, Trek, Specialized y muchas otras bicicletas. <\/p>\n","protected":false},"featured_media":2446,"template":"","meta":{"_et_pb_use_builder":"","_et_pb_old_content":"","_et_gb_content_width":"","om_disable_all_campaigns":false,"_monsterinsights_skip_tracking":false,"_monsterinsights_sitenote_active":false,"_monsterinsights_sitenote_note":"","_monsterinsights_sitenote_category":0},"pwb-brand":[],"product_brand":[],"product_cat":[197],"product_tag":[453],"class_list":{"0":"post-3712","1":"product","2":"type-product","3":"status-publish","4":"has-post-thumbnail","6":"product_cat-manillares","7":"product_tag-enve-manillar-gravel","9":"first","10":"instock","11":"sale","12":"taxable","13":"shipping-taxable","14":"purchasable","15":"product-type-variable"},"aioseo_notices":[],"brands":[],"_links":{"self":[{"href":"https:\/\/gravel-bikes.cc\/es\/wp-json\/wp\/v2\/product\/3712","targetHints":{"allow":["GET"]}}],"collection":[{"href":"https:\/\/gravel-bikes.cc\/es\/wp-json\/wp\/v2\/product"}],"about":[{"href":"https:\/\/gravel-bikes.cc\/es\/wp-json\/wp\/v2\/types\/product"}],"wp:featuredmedia":[{"embeddable":true,"href":"https:\/\/gravel-bikes.cc\/es\/wp-json\/wp\/v2\/media\/2446"}],"wp:attachment":[{"href":"https:\/\/gravel-bikes.cc\/es\/wp-json\/wp\/v2\/media?parent=3712"}],"wp:term":[{"taxonomy":"pwb-brand","embeddable":true,"href":"https:\/\/gravel-bikes.cc\/es\/wp-json\/wp\/v2\/pwb-brand?post=3712"},{"taxonomy":"product_brand","embeddable":true,"href":"https:\/\/gravel-bikes.cc\/es\/wp-json\/wp\/v2\/product_brand?post=3712"},{"taxonomy":"product_cat","embeddable":true,"href":"https:\/\/gravel-bikes.cc\/es\/wp-json\/wp\/v2\/product_cat?post=3712"},{"taxonomy":"product_tag","embeddable":true,"href":"https:\/\/gravel-bikes.cc\/es\/wp-json\/wp\/v2\/product_tag?post=3712"}],"curies":[{"name":"wp","href":"https:\/\/api.w.org\/{rel}","templated":true}]}}