{"id":3741,"date":"2025-12-14T15:37:40","date_gmt":"2025-12-14T15:37:40","guid":{"rendered":"https:\/\/gravel-bikes.cc\/produkt\/bolsas-de-manillar-c-nut-2\/"},"modified":"2025-12-26T18:19:53","modified_gmt":"2025-12-26T18:19:53","slug":"bolsas-de-manillar-c-nut-2","status":"publish","type":"product","link":"https:\/\/gravel-bikes.cc\/es\/produkt\/bolsas-de-manillar-c-nut-2\/","title":{"rendered":"Bolsas de manillar C NUT"},"content":{"rendered":"<div class=\"OtfKGl QfrfFD cell\">\n<section class=\"Va_ZoC\" data-hook=\"description-wrapper\">\n<div class=\"LvOu6J\">\n<div class=\"vaI0UH\" data-hook=\"content-wrapper\">\n<p>Bolsas CNUT amarillas, con detalles rojos y blancos<\/p>\n<p>Medidas: aprox. 20 x 11 cm <\/p>\n<p>Material:<\/p>\n<p>&#8211; Cordura 1000<\/p>\n<p>&#8211; Cremallera YKK-Aquaguard<\/p>\n<p>&#8211; Cinta de algod\u00f3n org\u00e1nico<\/p>\n<p>&#8211; Parche de cuero con logo; curtido vegetal en Allg\u00e4u<\/p>\n<p>&#8211; Incluye dos correas de cinta roja <\/p>\n<p>&nbsp;<\/p>\n<p>&nbsp;<\/p>\n<\/div>\n<\/div>\n<\/section>\n<\/div>\n<div class=\"QfrfFD cell\">\n<div id=\"TPAMultiSection_ii8l6294.product-page-details-4\" class=\"\" data-hook=\"slot-placeholder-TPAMultiSection_ii8l6294.product-page-details-4\"><\/div>\n<\/div>\n<div class=\"QfrfFD cell\">\n<div id=\"TPAMultiSection_ii8l6294.product-page-details-8\" class=\"\" data-hook=\"slot-placeholder-TPAMultiSection_ii8l6294.product-page-details-8\"><\/div>\n<\/div>\n<div>\n<div class=\"c9oxsT QfrfFD cell\">\n<div dir=\"ltr\">\n<ul class=\"wEn8Wy\" data-hook=\"stacked-info-section\">\n<li class=\"De1MzN\" data-hook=\"stacked-info-item\">\n<div class=\"nIrkeO QfrfFD cell\">\n<h2 class=\"sAQWlbr opy4bC1---typography-11-runningText opy4bC1---priority-7-primary _HOcyB D0x9d0 sxbtulv ftb6e2\" aria-hidden=\"false\" data-hook=\"info-section-title\">Contenido del env\u00edo<\/h2>\n<div class=\"zp8uy2\" data-hook=\"info-section-description\">\n<p>&#8211; Bolsa CNUT en el color elegido<br \/>\n&#8211; dos correas de fijaci\u00f3n de cinta de cintur\u00f3n de seguridad<br \/>\n&#8211; un velcro<\/p>\n<\/div>\n<\/div>\n<\/li>\n<\/ul>\n<\/div>\n<\/div>\n<\/div>\n","protected":false},"excerpt":{"rendered":"<p>Bolsas CNUT amarillas, con detalles rojos y blancos Medidas: aprox. 20 x 11 cm Material: &#8211; Cordura 1000 &#8211; Cremallera YKK-Aquaguard &#8211; Cinta de algod\u00f3n org\u00e1nico &#8211; Parche de cuero con logo; curtido vegetal en Allg\u00e4u &#8211; Incluye dos correas de cinta roja &nbsp; &nbsp; Contenido del env\u00edo &#8211; Bolsa CNUT en el color elegido [&hellip;]<\/p>\n","protected":false},"featured_media":924,"template":"","meta":{"_et_pb_use_builder":"","_et_pb_old_content":"","_et_gb_content_width":"","om_disable_all_campaigns":false,"_monsterinsights_skip_tracking":false,"_monsterinsights_sitenote_active":false,"_monsterinsights_sitenote_note":"","_monsterinsights_sitenote_category":0},"pwb-brand":[],"product_brand":[],"product_cat":[256],"product_tag":[257],"class_list":{"0":"post-3741","1":"product","2":"type-product","3":"status-publish","4":"has-post-thumbnail","6":"product_cat-bolsas-para-cicloviaje","7":"product_tag-bolsas-c-nut","8":"product_shipping_class-piezas-pequenas","10":"first","11":"instock","12":"sale","13":"taxable","14":"shipping-taxable","15":"purchasable","16":"product-type-simple"},"aioseo_notices":[],"brands":[],"_links":{"self":[{"href":"https:\/\/gravel-bikes.cc\/es\/wp-json\/wp\/v2\/product\/3741","targetHints":{"allow":["GET"]}}],"collection":[{"href":"https:\/\/gravel-bikes.cc\/es\/wp-json\/wp\/v2\/product"}],"about":[{"href":"https:\/\/gravel-bikes.cc\/es\/wp-json\/wp\/v2\/types\/product"}],"wp:featuredmedia":[{"embeddable":true,"href":"https:\/\/gravel-bikes.cc\/es\/wp-json\/wp\/v2\/media\/924"}],"wp:attachment":[{"href":"https:\/\/gravel-bikes.cc\/es\/wp-json\/wp\/v2\/media?parent=3741"}],"wp:term":[{"taxonomy":"pwb-brand","embeddable":true,"href":"https:\/\/gravel-bikes.cc\/es\/wp-json\/wp\/v2\/pwb-brand?post=3741"},{"taxonomy":"product_brand","embeddable":true,"href":"https:\/\/gravel-bikes.cc\/es\/wp-json\/wp\/v2\/product_brand?post=3741"},{"taxonomy":"product_cat","embeddable":true,"href":"https:\/\/gravel-bikes.cc\/es\/wp-json\/wp\/v2\/product_cat?post=3741"},{"taxonomy":"product_tag","embeddable":true,"href":"https:\/\/gravel-bikes.cc\/es\/wp-json\/wp\/v2\/product_tag?post=3741"}],"curies":[{"name":"wp","href":"https:\/\/api.w.org\/{rel}","templated":true}]}}