{"id":3799,"date":"2025-12-23T15:56:56","date_gmt":"2025-12-23T15:56:56","guid":{"rendered":"https:\/\/gravel-bikes.cc\/produkt\/manillares-de-gravel-enve\/"},"modified":"2025-12-23T15:56:56","modified_gmt":"2025-12-23T15:56:56","slug":"manillares-de-gravel-enve","status":"publish","type":"product","link":"https:\/\/gravel-bikes.cc\/es\/produkt\/manillares-de-gravel-enve\/","title":{"rendered":"MANILLARES DE GRAVEL ENVE"},"content":{"rendered":"<h4 class=\"title_block\">MANILLAR COMPACTO<\/h4>\n<div class=\"block_content\">\n<table border=\"0\" width=\"100%\" frame=\"VOID\" rules=\"NONE\" cellspacing=\"0\">\n<tbody>\n<tr>\n<td align=\"LEFT\" height=\"19\"><b>Material<\/b><\/td>\n<td align=\"LEFT\">Fibra de carbono<\/td>\n<\/tr>\n<tr>\n<td align=\"LEFT\" height=\"19\"><b>Compatible con Di2<\/b><\/td>\n<td align=\"LEFT\">S\u00ed<\/td>\n<\/tr>\n<tr>\n<td align=\"LEFT\" valign=\"MIDDLE\" height=\"19\"><b>Ancho C a C en las manetas<\/b><\/td>\n<td align=\"LEFT\" valign=\"MIDDLE\">38 cm, 40 cm, 42 cm, 44 cm, 46 cm<\/td>\n<\/tr>\n<tr>\n<td align=\"LEFT\" valign=\"MIDDLE\" height=\"19\"><b>Ancho C a C en la parte baja<\/b><\/td>\n<td align=\"LEFT\" valign=\"MIDDLE\">40 cm, 42 cm, 44 cm, 46 cm, 48 cm<\/td>\n<\/tr>\n<tr>\n<td align=\"LEFT\" valign=\"MIDDLE\" height=\"19\"><b>Alcance<\/b><\/td>\n<td align=\"LEFT\" valign=\"MIDDLE\">79 mm<\/td>\n<\/tr>\n<tr>\n<td align=\"LEFT\" height=\"19\"><b>Ca\u00edda\/Elevaci\u00f3n<\/b><\/td>\n<td align=\"LEFT\">127 mm<\/td>\n<\/tr>\n<tr>\n<td align=\"LEFT\" height=\"19\"><b>Di\u00e1metro de la abrazadera<\/b><\/td>\n<td align=\"LEFT\">31,8<\/td>\n<\/tr>\n<tr>\n<td align=\"LEFT\" height=\"19\"><b>Especificaci\u00f3n de par: Placa frontal<\/b><\/td>\n<td align=\"LEFT\">5,5 Nm<\/td>\n<\/tr>\n<tr>\n<td align=\"LEFT\" height=\"19\"><b>Especificaci\u00f3n de par: Controles<\/b><\/td>\n<td align=\"LEFT\">6 Nm-8 Nm<\/td>\n<\/tr>\n<tr>\n<td align=\"LEFT\" height=\"19\"><b>Peso<\/b><\/td>\n<td align=\"LEFT\">38 cm \u2013 212 g<\/td>\n<\/tr>\n<tr>\n<td align=\"LEFT\" height=\"19\"><\/td>\n<td align=\"LEFT\">40 cm \u2013 216 g<\/td>\n<\/tr>\n<tr>\n<td align=\"LEFT\" height=\"19\"><\/td>\n<td align=\"LEFT\">42 cm \u2013 220 g<\/td>\n<\/tr>\n<tr>\n<td align=\"LEFT\" height=\"19\"><\/td>\n<td align=\"LEFT\">44 cm \u2013 229 g<\/td>\n<\/tr>\n<tr>\n<td align=\"LEFT\" height=\"19\"><\/td>\n<td align=\"LEFT\">47 cm \u2013 230 g<\/td>\n<\/tr>\n<\/tbody>\n<\/table>\n<\/div>\n","protected":false},"excerpt":{"rendered":"<p>Un manillar de carbono dise\u00f1ado espec\u00edficamente para mejorar la experiencia de conducci\u00f3n off-road. Al igual que nuestras ruedas de gravel, vimos la necesidad en el mundo del gravel de un manillar de carbono que no exist\u00eda. Sabemos por nuestra experiencia montando y compitiendo en gravel que la cantidad correcta de apertura en la parte baja puede proporcionar m\u00e1s control y confianza en casi cualquier situaci\u00f3n en la que se prefiera montar en la parte baja. Por nuestra experiencia montando en bicicleta de monta\u00f1a, sabemos que los manillares anchos tambi\u00e9n mejoran el control y la confianza. Por esta raz\u00f3n, el manillar G Series est\u00e1 disponible en anchos que van desde 42 cm hasta 48 cm medidos de centro a centro en las manetas. Nuestra experiencia montando en bicicletas de carretera y desarrollando manillares de carretera para corredores del World Tour nos ha ayudado a crear un manillar de gravel que es ergon\u00f3micamente c\u00f3modo para largas horas sobre el sill\u00edn. Nuestra experiencia dise\u00f1ando laminados de fibra de carbono nos ha permitido refinar el manillar G Series para absorber y amortiguar las vibraciones del camino, minimizando la fatiga de la parte superior del cuerpo. El manillar G Series se fabric\u00f3 porque montamos, y como ciclistas, sabemos qu\u00e9 hace que la experiencia de montar en gravel sea mejor.       <\/p>\n<p>Ya sea descendiendo las pendientes pronunciadas y t\u00e9cnicas en el Crusher in the Tushar, encontrando posiciones de mano m\u00e1s c\u00f3modas durante los 320 km a trav\u00e9s de Kansas en el Dirty Kanza, o montando en aventuras en tu propio patio trasero, este manillar de carbono proporciona a los ciclistas de gravel orientados al rendimiento las opciones, la comodidad y el control que necesitan para triturar gravel con confianza.<\/p>\n","protected":false},"featured_media":2431,"template":"","meta":{"_et_pb_use_builder":"","_et_pb_old_content":"","_et_gb_content_width":"","om_disable_all_campaigns":false,"_monsterinsights_skip_tracking":false,"_monsterinsights_sitenote_active":false,"_monsterinsights_sitenote_note":"","_monsterinsights_sitenote_category":0},"pwb-brand":[],"product_brand":[],"product_cat":[197],"product_tag":[453],"class_list":{"0":"post-3799","1":"product","2":"type-product","3":"status-publish","4":"has-post-thumbnail","6":"product_cat-manillares","7":"product_tag-enve-manillar-gravel","9":"first","10":"instock","11":"sale","12":"taxable","13":"shipping-taxable","14":"purchasable","15":"product-type-variable"},"aioseo_notices":[],"brands":[],"_links":{"self":[{"href":"https:\/\/gravel-bikes.cc\/es\/wp-json\/wp\/v2\/product\/3799","targetHints":{"allow":["GET"]}}],"collection":[{"href":"https:\/\/gravel-bikes.cc\/es\/wp-json\/wp\/v2\/product"}],"about":[{"href":"https:\/\/gravel-bikes.cc\/es\/wp-json\/wp\/v2\/types\/product"}],"wp:featuredmedia":[{"embeddable":true,"href":"https:\/\/gravel-bikes.cc\/es\/wp-json\/wp\/v2\/media\/2431"}],"wp:attachment":[{"href":"https:\/\/gravel-bikes.cc\/es\/wp-json\/wp\/v2\/media?parent=3799"}],"wp:term":[{"taxonomy":"pwb-brand","embeddable":true,"href":"https:\/\/gravel-bikes.cc\/es\/wp-json\/wp\/v2\/pwb-brand?post=3799"},{"taxonomy":"product_brand","embeddable":true,"href":"https:\/\/gravel-bikes.cc\/es\/wp-json\/wp\/v2\/product_brand?post=3799"},{"taxonomy":"product_cat","embeddable":true,"href":"https:\/\/gravel-bikes.cc\/es\/wp-json\/wp\/v2\/product_cat?post=3799"},{"taxonomy":"product_tag","embeddable":true,"href":"https:\/\/gravel-bikes.cc\/es\/wp-json\/wp\/v2\/product_tag?post=3799"}],"curies":[{"name":"wp","href":"https:\/\/api.w.org\/{rel}","templated":true}]}}