{"id":3941,"date":"2025-12-13T17:14:38","date_gmt":"2025-12-13T17:14:38","guid":{"rendered":"https:\/\/gravel-bikes.cc\/produkt\/teravail-cannonball-700c-47-mm\/"},"modified":"2025-12-13T17:14:38","modified_gmt":"2025-12-13T17:14:38","slug":"teravail-cannonball-700c-47-mm","status":"publish","type":"product","link":"https:\/\/gravel-bikes.cc\/es\/produkt\/teravail-cannonball-700c-47-mm\/","title":{"rendered":"Teravail Cannonball 700c\/47 mm"},"content":{"rendered":"<p>Teravail, de Mine\u00e1polis, son especialistas en neum\u00e1ticos de gravel. Como su nombre indica, Teravail quiere ofrecer a los ciclistas posibilidades para todo tipo de terrenos. La selecci\u00f3n es sencilla para que no tengas que preocuparte por qu\u00e9 neum\u00e1tico con qu\u00e9 especificaciones es mejor. Menos decisiones = m\u00e1s tiempo en tu bicicleta.   <\/p>\n<p>El Cannonball fue dise\u00f1ado como un neum\u00e1tico de carreras de gravel de primera clase. El patr\u00f3n de la banda de rodadura direccional y de malla cerrada en el centro reduce eficazmente la resistencia a la rodadura, mientras que los tacos laterales aumentan la tracci\u00f3n en las curvas. El patr\u00f3n de diamante de la banda de rodadura central est\u00e1 especialmente optimizado para rodar en grava y elimina los residuos de suciedad y grava.  <\/p>\n<p><em>Compatibilidad con sellante<\/em><br \/>\nTeravail ha probado todos los neum\u00e1ticos para comprobar su compatibilidad con los sellantes Finish Line, Orange Seal, Stans, Slime, Continental y Hutchinson.<\/p>\n<p><em>Ligera y flexible<\/em><br \/>\nCuando no se requiere protecci\u00f3n adicional contra pinchazos, la carcasa ligera y flexible ofrece un peso m\u00e1s ligero y una conducci\u00f3n c\u00f3moda y ultrasuave a presiones m\u00e1s bajas.<\/p>\n<p>datos t\u00e9cnicos:<\/p>\n<p>Tipo de neum\u00e1tico: Neum\u00e1tico plegable<br \/>\nAplicaci\u00f3n: Gravel, Tour, Cross<br \/>\nTama\u00f1o (pulgadas): 28 | 700 x 47C<br \/>\nTama\u00f1o (ETRTO): 47 &#8211; 622<br \/>\nConstrucci\u00f3n: Ligera, Tubeless Ready<br \/>\nCompuesto de goma: ligero y flexible<br \/>\nCarcasa: 60 TPI<br \/>\nCompatible con tubeless: s\u00ed<br \/>\nCompatibilidad con bicicletas el\u00e9ctricas: n\/a<br \/>\nPerfil: neum\u00e1tico de carreras de gravel<br \/>\nPresi\u00f3n de aire recomendada: 2,8 &#8211; 4,8 bares (40 &#8211; 70 PSI)<br \/>\nAncho de llanta recomendado: 17 &#8211; 27 mm<br \/>\nCarga m\u00e1xima (por neum\u00e1tico): sin l\u00edmite<br \/>\nColor: negro<\/p>\n<p>Peso seg\u00fan el fabricante: 645 g<br \/>\nPeso seg\u00fan nuestro pesaje: 619 g<\/p>\n","protected":false},"excerpt":{"rendered":"<p>Teravail, de Mine\u00e1polis, son especialistas en neum\u00e1ticos de gravel. Como su nombre indica, Teravail quiere ofrecer a los ciclistas posibilidades para todo tipo de terrenos. La selecci\u00f3n es sencilla para que no tengas que preocuparte por qu\u00e9 neum\u00e1tico con qu\u00e9 especificaciones es mejor. Menos decisiones = m\u00e1s tiempo en tu bicicleta. El Cannonball fue dise\u00f1ado [&hellip;]<\/p>\n","protected":false},"featured_media":721,"template":"","meta":{"_et_pb_use_builder":"","_et_pb_old_content":"","_et_gb_content_width":"","om_disable_all_campaigns":false,"_monsterinsights_skip_tracking":false,"_monsterinsights_sitenote_active":false,"_monsterinsights_sitenote_note":"","_monsterinsights_sitenote_category":0},"pwb-brand":[],"product_brand":[],"product_cat":[236],"product_tag":[233,467],"class_list":{"0":"post-3941","1":"product","2":"type-product","3":"status-publish","4":"has-post-thumbnail","6":"product_cat-neumaticos","7":"product_tag-hamburg-gravel","8":"product_tag-neumatico-teravail","10":"first","11":"instock","12":"taxable","13":"shipping-taxable","14":"product-type-simple"},"aioseo_notices":[],"df_price":"","df_sale_price":"","df_regular_price":"","df_image_link":"https:\/\/gravel-bikes.cc\/wp-content\/uploads\/2025\/12\/cannonball-300x210.jpg","brands":[],"_links":{"self":[{"href":"https:\/\/gravel-bikes.cc\/es\/wp-json\/wp\/v2\/product\/3941","targetHints":{"allow":["GET"]}}],"collection":[{"href":"https:\/\/gravel-bikes.cc\/es\/wp-json\/wp\/v2\/product"}],"about":[{"href":"https:\/\/gravel-bikes.cc\/es\/wp-json\/wp\/v2\/types\/product"}],"wp:featuredmedia":[{"embeddable":true,"href":"https:\/\/gravel-bikes.cc\/es\/wp-json\/wp\/v2\/media\/721"}],"wp:attachment":[{"href":"https:\/\/gravel-bikes.cc\/es\/wp-json\/wp\/v2\/media?parent=3941"}],"wp:term":[{"taxonomy":"pwb-brand","embeddable":true,"href":"https:\/\/gravel-bikes.cc\/es\/wp-json\/wp\/v2\/pwb-brand?post=3941"},{"taxonomy":"product_brand","embeddable":true,"href":"https:\/\/gravel-bikes.cc\/es\/wp-json\/wp\/v2\/product_brand?post=3941"},{"taxonomy":"product_cat","embeddable":true,"href":"https:\/\/gravel-bikes.cc\/es\/wp-json\/wp\/v2\/product_cat?post=3941"},{"taxonomy":"product_tag","embeddable":true,"href":"https:\/\/gravel-bikes.cc\/es\/wp-json\/wp\/v2\/product_tag?post=3941"}],"curies":[{"name":"wp","href":"https:\/\/api.w.org\/{rel}","templated":true}]}}