{"id":3944,"date":"2025-12-13T17:08:54","date_gmt":"2025-12-13T17:08:54","guid":{"rendered":"https:\/\/gravel-bikes.cc\/produkt\/terravail-rampart-650b-47-mm\/"},"modified":"2025-12-13T17:08:54","modified_gmt":"2025-12-13T17:08:54","slug":"terravail-rampart-650b-47-mm","status":"publish","type":"product","link":"https:\/\/gravel-bikes.cc\/es\/produkt\/terravail-rampart-650b-47-mm\/","title":{"rendered":"Terravail Rampart 650b 47 mm"},"content":{"rendered":"<div id=\"r2-desktop-tabs\" class=\"\">\n<nav class=\"tab-navigation\">\n<div id=\"tab-content-product-tabs\" class=\"tab-content\">\n<div id=\"tab-description\" class=\"tab-pane fade show active\" role=\"tabpanel\" aria-labelledby=\"tab-link-description\">\n<div class=\"desc\">\n<div class=\"mas-desc\">\n<div class=\"desc aw_toggle_content aw_toggle_content_closed\" aria-expanded=\"false\">\n<p><strong>Cubierta TERAVAIL RAMPART 27.5 | 650W x 47 Durable | Flancos color Tan<\/strong><\/p>\n<p>Teravail, de Minneapolis, no solo son especialistas en cubiertas de gravel. La Rampart se inspir\u00f3 y dise\u00f1\u00f3 a partir de experiencias en circuitos de carreras y diferentes terrenos.<br \/>\nDesde calles hasta aceras, colinas onduladas hasta ascensos casi verticales, la Rampart se cre\u00f3 para aquellos que quieren conquistar cualquier camino. La cubierta ofrece mayor tracci\u00f3n y una calidad de conducci\u00f3n extremadamente consistente en pavimentos irregulares (y m\u00e1s all\u00e1).  <\/p>\n<p><em>Compatibilidad con sellante<\/em><br \/>\nTeravail ha probado todos los neum\u00e1ticos para comprobar su compatibilidad con los sellantes Finish Line, Orange Seal, Stans, Slime, Continental y Hutchinson.<\/p>\n<p><em>Durable<\/em><br \/>\nEsta construcci\u00f3n consiste en un robusto refuerzo de nailon tejido dentro de las paredes laterales de la cubierta para evitar desgarros y abrasiones. Adem\u00e1s, una capa protectora de tejido apretado debajo de la banda de rodadura protege contra los pinchazos. <\/p>\n<p>Caracter\u00edsticas<\/p>\n<p>Tipo de cubierta: cubierta plegable<br \/>\nUso previsto: bicicleta de carreras, triatl\u00f3n<br \/>\nTama\u00f1o (pulgadas): 27.5 | 650<br \/>\nTama\u00f1o (ETRTO): 47 &#8211; 650<br \/>\nVersi\u00f3n: Durable, tubeless ready<br \/>\nCompuesto de goma: flanco duradero<br \/>\nCarcasa: 60 TPI<br \/>\nApta para tubeless: s\u00ed<br \/>\nCompatibilidad con bicicletas el\u00e9ctricas: n\/a<br \/>\nPerfil: es suave y rueda r\u00e1pidamente<br \/>\nPresi\u00f3n de aire recomendada: 2,8 &#8211; 4,8 bares (40 &#8211; 70 PSI)<br \/>\nAncho de llanta recomendado: 17 &#8211; 27 mm<br \/>\nCarga m\u00e1xima (por cubierta): sin l\u00edmite<br \/>\nColor: negro<\/p>\n<p>Peso seg\u00fan el fabricante: kA<br \/>\nPeso medido: 635 g<\/p>\n<p><em>Nota:<\/em> \u00a1Los pesos de las cubiertas pueden variar debido a la producci\u00f3n!<\/p>\n<p>Volumen de suministro: 1x cubierta TERAVAIL RAMPART 27.5 | 650W x 47 Durable<\/p>\n<div id=\"uc1765645592300\" class=\"uc-embedding-container uc-embedding-1 \" data-nosnippet=\"true\">\n<p><img decoding=\"async\" src=\"https:\/\/privacy-proxy-server.usercentrics.eu\/video\/youtube\/mQLPN4c72lA-poster-image\" alt=\"Imagen de vista previa del v\u00eddeo de Youtube\"><\/p>\n<div class=\"uc-embedding-wrapper\"><\/div>\n<\/div>\n<\/div>\n<\/div>\n<\/div>\n<\/div>\n<\/div>\n<\/nav>\n<\/div>\n<div class=\"row\">\n<div class=\"col-6\">\n<div class=\"s360-gpsr-manufacturer\">\n<div class=\"s360-gpsr-title\"><\/div>\n<\/div>\n<\/div>\n<\/div>\n","protected":false},"excerpt":{"rendered":"<p>Cubierta TERAVAIL RAMPART 27.5 | 650W x 47 Durable | Flancos color Tan Teravail, de Minneapolis, no solo son especialistas en cubiertas de gravel. La Rampart se inspir\u00f3 y dise\u00f1\u00f3 a partir de experiencias en circuitos de carreras y diferentes terrenos. Desde calles hasta aceras, colinas onduladas hasta ascensos casi verticales, la Rampart se cre\u00f3 [&hellip;]<\/p>\n","protected":false},"featured_media":711,"template":"","meta":{"_et_pb_use_builder":"","_et_pb_old_content":"","_et_gb_content_width":"","om_disable_all_campaigns":false,"_monsterinsights_skip_tracking":false,"_monsterinsights_sitenote_active":false,"_monsterinsights_sitenote_note":"","_monsterinsights_sitenote_category":0},"pwb-brand":[],"product_brand":[49],"product_cat":[236],"product_tag":[468],"class_list":{"0":"post-3944","1":"product","2":"type-product","3":"status-publish","4":"has-post-thumbnail","6":"product_brand-teravail","7":"product_cat-neumaticos","8":"product_tag-cubierta-teravail","10":"first","11":"instock","12":"sale","13":"taxable","14":"shipping-taxable","15":"purchasable","16":"product-type-simple"},"aioseo_notices":[],"brands":[],"_links":{"self":[{"href":"https:\/\/gravel-bikes.cc\/es\/wp-json\/wp\/v2\/product\/3944","targetHints":{"allow":["GET"]}}],"collection":[{"href":"https:\/\/gravel-bikes.cc\/es\/wp-json\/wp\/v2\/product"}],"about":[{"href":"https:\/\/gravel-bikes.cc\/es\/wp-json\/wp\/v2\/types\/product"}],"wp:featuredmedia":[{"embeddable":true,"href":"https:\/\/gravel-bikes.cc\/es\/wp-json\/wp\/v2\/media\/711"}],"wp:attachment":[{"href":"https:\/\/gravel-bikes.cc\/es\/wp-json\/wp\/v2\/media?parent=3944"}],"wp:term":[{"taxonomy":"pwb-brand","embeddable":true,"href":"https:\/\/gravel-bikes.cc\/es\/wp-json\/wp\/v2\/pwb-brand?post=3944"},{"taxonomy":"product_brand","embeddable":true,"href":"https:\/\/gravel-bikes.cc\/es\/wp-json\/wp\/v2\/product_brand?post=3944"},{"taxonomy":"product_cat","embeddable":true,"href":"https:\/\/gravel-bikes.cc\/es\/wp-json\/wp\/v2\/product_cat?post=3944"},{"taxonomy":"product_tag","embeddable":true,"href":"https:\/\/gravel-bikes.cc\/es\/wp-json\/wp\/v2\/product_tag?post=3944"}],"curies":[{"name":"wp","href":"https:\/\/api.w.org\/{rel}","templated":true}]}}