{"id":3990,"date":"2025-12-25T13:13:47","date_gmt":"2025-12-25T13:13:47","guid":{"rendered":"https:\/\/gravel-bikes.cc\/produkt\/pirelli-cinturato-45-mm-tlr\/"},"modified":"2025-12-25T13:13:47","modified_gmt":"2025-12-25T13:13:47","slug":"pirelli-cinturato-45-mm-tlr","status":"publish","type":"product","link":"https:\/\/gravel-bikes.cc\/es\/produkt\/pirelli-cinturato-45-mm-tlr\/","title":{"rendered":"PIRELLI CINTURATO 45 mm TLR"},"content":{"rendered":"","protected":false},"excerpt":{"rendered":"<p>El Cinturato Adventure est\u00e1 dise\u00f1ado para tus aventuras de bikepacking; el dise\u00f1o de la banda de rodadura es m\u00e1s ligero en el centro y m\u00e1s agresivo en el hombro, con tacos derivados del off-road dise\u00f1ados para mejorar el apoyo del ciclista en terrenos variados. El Cinturato Adventure cuenta con la nueva ProWall Gravel, una carcasa tubeless ready de 60 TPI con refuerzo adicional en los flancos para evitar cortes, mientras que el compuesto ProCompound Gravel, formulado con una mezcla de pol\u00edmeros, proporciona un mayor kilometraje. El Cinturato Adventure es un neum\u00e1tico que ofrece tracci\u00f3n y agarre en una variedad de superficies.  <\/p>\n<p>TPI: 60 TPI<br \/>\nCarcasa: ProWall Gravel<br \/>\nCompuesto: Pro Compound<\/p>\n","protected":false},"featured_media":3291,"template":"","meta":{"_et_pb_use_builder":"","_et_pb_old_content":"","_et_gb_content_width":"","om_disable_all_campaigns":false,"_monsterinsights_skip_tracking":false,"_monsterinsights_sitenote_active":false,"_monsterinsights_sitenote_note":"","_monsterinsights_sitenote_category":0},"pwb-brand":[],"product_brand":[],"product_cat":[236],"product_tag":[475],"class_list":{"0":"post-3990","1":"product","2":"type-product","3":"status-publish","4":"has-post-thumbnail","6":"product_cat-neumaticos","7":"product_tag-pinarelli","9":"first","10":"instock","11":"taxable","12":"shipping-taxable","13":"purchasable","14":"product-type-simple"},"aioseo_notices":[],"brands":[],"_links":{"self":[{"href":"https:\/\/gravel-bikes.cc\/es\/wp-json\/wp\/v2\/product\/3990","targetHints":{"allow":["GET"]}}],"collection":[{"href":"https:\/\/gravel-bikes.cc\/es\/wp-json\/wp\/v2\/product"}],"about":[{"href":"https:\/\/gravel-bikes.cc\/es\/wp-json\/wp\/v2\/types\/product"}],"wp:featuredmedia":[{"embeddable":true,"href":"https:\/\/gravel-bikes.cc\/es\/wp-json\/wp\/v2\/media\/3291"}],"wp:attachment":[{"href":"https:\/\/gravel-bikes.cc\/es\/wp-json\/wp\/v2\/media?parent=3990"}],"wp:term":[{"taxonomy":"pwb-brand","embeddable":true,"href":"https:\/\/gravel-bikes.cc\/es\/wp-json\/wp\/v2\/pwb-brand?post=3990"},{"taxonomy":"product_brand","embeddable":true,"href":"https:\/\/gravel-bikes.cc\/es\/wp-json\/wp\/v2\/product_brand?post=3990"},{"taxonomy":"product_cat","embeddable":true,"href":"https:\/\/gravel-bikes.cc\/es\/wp-json\/wp\/v2\/product_cat?post=3990"},{"taxonomy":"product_tag","embeddable":true,"href":"https:\/\/gravel-bikes.cc\/es\/wp-json\/wp\/v2\/product_tag?post=3990"}],"curies":[{"name":"wp","href":"https:\/\/api.w.org\/{rel}","templated":true}]}}