{"id":4003,"date":"2025-12-25T14:28:32","date_gmt":"2025-12-25T14:28:32","guid":{"rendered":"https:\/\/gravel-bikes.cc\/produkt\/sellador-pirelli-250-ml\/"},"modified":"2025-12-25T14:28:32","modified_gmt":"2025-12-25T14:28:32","slug":"sellador-pirelli-250-ml","status":"publish","type":"product","link":"https:\/\/gravel-bikes.cc\/es\/produkt\/sellador-pirelli-250-ml\/","title":{"rendered":"SELLADOR PIRELLI 250 ml"},"content":{"rendered":"","protected":false},"excerpt":{"rendered":"<ul>\n<li><strong>Sin amon\u00edaco: protege la llanta y reduce la corrosi\u00f3n<\/strong><\/li>\n<li><strong>Sin l\u00e1tex ni prote\u00ednas para reducir el riesgo de reacciones al\u00e9rgicas en la piel<\/strong><\/li>\n<li><strong>No deja residuos pegajosos en el neum\u00e1tico<\/strong><\/li>\n<li><strong>Compatible con un amplio rango de temperaturas (de -20 \u00b0C\/68 \u00b0F a 70 \u00b0C\/158 \u00b0F)<\/strong><\/li>\n<li><strong>Compatible con un amplio espectro de presiones de aire (de 1 a 7 bares \/ 15 PSI a 100 PSI)<\/strong><\/li>\n<li><strong>Compatible con reparaciones de emergencia con CO2 sobre el terreno (el CO2 acelera la coagulaci\u00f3n, por lo que el sellante debe renovarse despu\u00e9s) <\/strong><\/li>\n<\/ul>\n","protected":false},"featured_media":3309,"template":"","meta":{"_et_pb_use_builder":"","_et_pb_old_content":"","_et_gb_content_width":"","om_disable_all_campaigns":false,"_monsterinsights_skip_tracking":false,"_monsterinsights_sitenote_active":false,"_monsterinsights_sitenote_note":"","_monsterinsights_sitenote_category":0},"pwb-brand":[],"product_brand":[],"product_cat":[473],"product_tag":[474],"class_list":{"0":"post-4003","1":"product","2":"type-product","3":"status-publish","4":"has-post-thumbnail","6":"product_cat-piezas-tubeless","7":"product_tag-sellante-pirelli","9":"first","10":"instock","11":"taxable","12":"shipping-taxable","13":"purchasable","14":"product-type-simple"},"aioseo_notices":[],"brands":[],"_links":{"self":[{"href":"https:\/\/gravel-bikes.cc\/es\/wp-json\/wp\/v2\/product\/4003","targetHints":{"allow":["GET"]}}],"collection":[{"href":"https:\/\/gravel-bikes.cc\/es\/wp-json\/wp\/v2\/product"}],"about":[{"href":"https:\/\/gravel-bikes.cc\/es\/wp-json\/wp\/v2\/types\/product"}],"wp:featuredmedia":[{"embeddable":true,"href":"https:\/\/gravel-bikes.cc\/es\/wp-json\/wp\/v2\/media\/3309"}],"wp:attachment":[{"href":"https:\/\/gravel-bikes.cc\/es\/wp-json\/wp\/v2\/media?parent=4003"}],"wp:term":[{"taxonomy":"pwb-brand","embeddable":true,"href":"https:\/\/gravel-bikes.cc\/es\/wp-json\/wp\/v2\/pwb-brand?post=4003"},{"taxonomy":"product_brand","embeddable":true,"href":"https:\/\/gravel-bikes.cc\/es\/wp-json\/wp\/v2\/product_brand?post=4003"},{"taxonomy":"product_cat","embeddable":true,"href":"https:\/\/gravel-bikes.cc\/es\/wp-json\/wp\/v2\/product_cat?post=4003"},{"taxonomy":"product_tag","embeddable":true,"href":"https:\/\/gravel-bikes.cc\/es\/wp-json\/wp\/v2\/product_tag?post=4003"}],"curies":[{"name":"wp","href":"https:\/\/api.w.org\/{rel}","templated":true}]}}