{"id":4231,"date":"2025-12-30T20:12:30","date_gmt":"2025-12-30T20:12:30","guid":{"rendered":"https:\/\/gravel-bikes.cc\/produkt\/potencia-deda-zero-1\/"},"modified":"2025-12-30T20:12:30","modified_gmt":"2025-12-30T20:12:30","slug":"potencia-deda-zero-1","status":"publish","type":"product","link":"https:\/\/gravel-bikes.cc\/es\/produkt\/potencia-deda-zero-1\/","title":{"rendered":"POTENCIA DEDA ZERO 1"},"content":{"rendered":"","protected":false},"excerpt":{"rendered":"<p>La potencia Zero1 es la combinaci\u00f3n perfecta de rigidez, ligereza y dise\u00f1o aerodin\u00e1mico. Fabricada en aluminio 6061 mediante un innovador proceso de forjado 3D, la secci\u00f3n superior plana de la potencia Zero1 complementa a la perfecci\u00f3n el dise\u00f1o de las bicicletas de carretera modernas. Desarrollada para los ciclistas m\u00e1s exigentes, ofrece una relaci\u00f3n calidad-precio inigualable. Disponible en longitudes de 70 mm a 130 mm y en un acabado negro sobre negro (BOB).   <\/p>\n<p>Material: Aluminio<br \/>\nTornillos: CrMo negros<br \/>\n\u00c1ngulo: 82\u00b0<br \/>\nDi\u00e1metro de la potencia: 1 1\/8\u201d (28,6 mm)<br \/>\nDi\u00e1metro del manillar: 31,7 mm<\/p>\n","protected":false},"featured_media":4232,"template":"","meta":{"_et_pb_use_builder":"","_et_pb_old_content":"","_et_gb_content_width":""},"pwb-brand":[],"product_brand":[],"product_cat":[134],"product_tag":[],"class_list":{"0":"post-4231","1":"product","2":"type-product","3":"status-publish","4":"has-post-thumbnail","6":"product_cat-uncategorized","8":"first","9":"instock","10":"taxable","11":"shipping-taxable","12":"purchasable","13":"product-type-variable"},"aioseo_notices":[],"brands":[],"_links":{"self":[{"href":"https:\/\/gravel-bikes.cc\/es\/wp-json\/wp\/v2\/product\/4231","targetHints":{"allow":["GET"]}}],"collection":[{"href":"https:\/\/gravel-bikes.cc\/es\/wp-json\/wp\/v2\/product"}],"about":[{"href":"https:\/\/gravel-bikes.cc\/es\/wp-json\/wp\/v2\/types\/product"}],"wp:featuredmedia":[{"embeddable":true,"href":"https:\/\/gravel-bikes.cc\/es\/wp-json\/wp\/v2\/media\/4232"}],"wp:attachment":[{"href":"https:\/\/gravel-bikes.cc\/es\/wp-json\/wp\/v2\/media?parent=4231"}],"wp:term":[{"taxonomy":"pwb-brand","embeddable":true,"href":"https:\/\/gravel-bikes.cc\/es\/wp-json\/wp\/v2\/pwb-brand?post=4231"},{"taxonomy":"product_brand","embeddable":true,"href":"https:\/\/gravel-bikes.cc\/es\/wp-json\/wp\/v2\/product_brand?post=4231"},{"taxonomy":"product_cat","embeddable":true,"href":"https:\/\/gravel-bikes.cc\/es\/wp-json\/wp\/v2\/product_cat?post=4231"},{"taxonomy":"product_tag","embeddable":true,"href":"https:\/\/gravel-bikes.cc\/es\/wp-json\/wp\/v2\/product_tag?post=4231"}],"curies":[{"name":"wp","href":"https:\/\/api.w.org\/{rel}","templated":true}]}}