{"id":4253,"date":"2025-12-30T20:23:51","date_gmt":"2025-12-30T20:23:51","guid":{"rendered":"https:\/\/gravel-bikes.cc\/produkt\/vittoria-terreno-plegable-40-x-622\/"},"modified":"2025-12-30T20:23:51","modified_gmt":"2025-12-30T20:23:51","slug":"vittoria-terreno-plegable-40-x-622","status":"publish","type":"product","link":"https:\/\/gravel-bikes.cc\/es\/produkt\/vittoria-terreno-plegable-40-x-622\/","title":{"rendered":"VITTORIA TERRENO PLEGABLE 40 x 622"},"content":{"rendered":"","protected":false},"excerpt":{"rendered":"<p>El Vittoria Terreno Zero est\u00e1 dise\u00f1ado para superficies pavimentadas y gravel duro, y presenta un patr\u00f3n de banda de rodadura inspirado en Corsa. El centro liso del neum\u00e1tico rueda r\u00e1pidamente, mientras que la banda de rodadura lateral proporciona el agarre necesario en las curvas y durante el frenado. <\/p>\n<p>Caracter\u00edsticas del neum\u00e1tico plegable Vittoria Terreno Zero:<\/p>\n<p>Carcasa TNT de 120 TPI<\/p>\n<p>Compuesto de grafeno 1C<\/p>\n<p>Protecci\u00f3n de la pared lateral y protecci\u00f3n antipinchazos Nylon Breaker<\/p>\n","protected":false},"featured_media":4256,"template":"","meta":{"_et_pb_use_builder":"","_et_pb_old_content":"","_et_gb_content_width":"","om_disable_all_campaigns":false,"_monsterinsights_skip_tracking":false,"_monsterinsights_sitenote_active":false,"_monsterinsights_sitenote_note":"","_monsterinsights_sitenote_category":0},"pwb-brand":[],"product_brand":[],"product_cat":[236],"product_tag":[],"class_list":{"0":"post-4253","1":"product","2":"type-product","3":"status-publish","4":"has-post-thumbnail","6":"product_cat-neumaticos","8":"first","9":"instock","10":"taxable","11":"shipping-taxable","12":"purchasable","13":"product-type-simple"},"aioseo_notices":[],"brands":[],"_links":{"self":[{"href":"https:\/\/gravel-bikes.cc\/es\/wp-json\/wp\/v2\/product\/4253","targetHints":{"allow":["GET"]}}],"collection":[{"href":"https:\/\/gravel-bikes.cc\/es\/wp-json\/wp\/v2\/product"}],"about":[{"href":"https:\/\/gravel-bikes.cc\/es\/wp-json\/wp\/v2\/types\/product"}],"wp:featuredmedia":[{"embeddable":true,"href":"https:\/\/gravel-bikes.cc\/es\/wp-json\/wp\/v2\/media\/4256"}],"wp:attachment":[{"href":"https:\/\/gravel-bikes.cc\/es\/wp-json\/wp\/v2\/media?parent=4253"}],"wp:term":[{"taxonomy":"pwb-brand","embeddable":true,"href":"https:\/\/gravel-bikes.cc\/es\/wp-json\/wp\/v2\/pwb-brand?post=4253"},{"taxonomy":"product_brand","embeddable":true,"href":"https:\/\/gravel-bikes.cc\/es\/wp-json\/wp\/v2\/product_brand?post=4253"},{"taxonomy":"product_cat","embeddable":true,"href":"https:\/\/gravel-bikes.cc\/es\/wp-json\/wp\/v2\/product_cat?post=4253"},{"taxonomy":"product_tag","embeddable":true,"href":"https:\/\/gravel-bikes.cc\/es\/wp-json\/wp\/v2\/product_tag?post=4253"}],"curies":[{"name":"wp","href":"https:\/\/api.w.org\/{rel}","templated":true}]}}