{"id":4363,"date":"2025-12-30T22:15:32","date_gmt":"2025-12-30T22:15:32","guid":{"rendered":"https:\/\/gravel-bikes.cc\/produkt\/platos-wolf-tooth-aero-110-bcd-asymmetric-4-bolt-shimano-grx-800\/"},"modified":"2025-12-30T22:15:32","modified_gmt":"2025-12-30T22:15:32","slug":"platos-wolf-tooth-aero-110-bcd-asymmetric-4-bolt-shimano-grx-800","status":"publish","type":"product","link":"https:\/\/gravel-bikes.cc\/es\/produkt\/platos-wolf-tooth-aero-110-bcd-asymmetric-4-bolt-shimano-grx-800\/","title":{"rendered":"Platos Wolf Tooth Aero 110 BCD Asymmetric 4-Bolt Shimano GRX 800"},"content":{"rendered":"","protected":false},"excerpt":{"rendered":"<h3>Dise\u00f1ados para la competici\u00f3n y para aquellos que buscan optimizar cada detalle en pos de la velocidad, los platos Wolf Tooth Aero son fuertes, ligeros y est\u00e1n perfilados para encajar a la perfecci\u00f3n con tu juego de bielas y ofrecer un aspecto limpio e integrado. Aprovechando los sistemas de transmisi\u00f3n 1x y los cassettes traseros de mayor rango, los platos Aero est\u00e1n disponibles en tama\u00f1os de 46T a 52T para proporcionar un rango general similar a las configuraciones de transmisi\u00f3n 2x est\u00e1ndar. Cuentan con nuestro dise\u00f1o patentado Drop-Stop\u00ae para una mayor vida \u00fatil, retenci\u00f3n de la cadena y limpieza del barro. Drop-Stop ST es espec\u00edfico para la cadena Shimano Hyperglide+ de 12 velocidades, que utiliza GRX de 12 velocidades.   <\/h3>\n","protected":false},"featured_media":4364,"template":"","meta":{"_et_pb_use_builder":"","_et_pb_old_content":"","_et_gb_content_width":"","om_disable_all_campaigns":false,"_monsterinsights_skip_tracking":false,"_monsterinsights_sitenote_active":false,"_monsterinsights_sitenote_note":"","_monsterinsights_sitenote_category":0},"pwb-brand":[],"product_brand":[],"product_cat":[156],"product_tag":[],"class_list":{"0":"post-4363","1":"product","2":"type-product","3":"status-publish","4":"has-post-thumbnail","6":"product_cat-plato","7":"product_shipping_class-piezas-pequenas","9":"first","10":"instock","11":"taxable","12":"shipping-taxable","13":"purchasable","14":"product-type-simple"},"aioseo_notices":[],"brands":[],"_links":{"self":[{"href":"https:\/\/gravel-bikes.cc\/es\/wp-json\/wp\/v2\/product\/4363","targetHints":{"allow":["GET"]}}],"collection":[{"href":"https:\/\/gravel-bikes.cc\/es\/wp-json\/wp\/v2\/product"}],"about":[{"href":"https:\/\/gravel-bikes.cc\/es\/wp-json\/wp\/v2\/types\/product"}],"wp:featuredmedia":[{"embeddable":true,"href":"https:\/\/gravel-bikes.cc\/es\/wp-json\/wp\/v2\/media\/4364"}],"wp:attachment":[{"href":"https:\/\/gravel-bikes.cc\/es\/wp-json\/wp\/v2\/media?parent=4363"}],"wp:term":[{"taxonomy":"pwb-brand","embeddable":true,"href":"https:\/\/gravel-bikes.cc\/es\/wp-json\/wp\/v2\/pwb-brand?post=4363"},{"taxonomy":"product_brand","embeddable":true,"href":"https:\/\/gravel-bikes.cc\/es\/wp-json\/wp\/v2\/product_brand?post=4363"},{"taxonomy":"product_cat","embeddable":true,"href":"https:\/\/gravel-bikes.cc\/es\/wp-json\/wp\/v2\/product_cat?post=4363"},{"taxonomy":"product_tag","embeddable":true,"href":"https:\/\/gravel-bikes.cc\/es\/wp-json\/wp\/v2\/product_tag?post=4363"}],"curies":[{"name":"wp","href":"https:\/\/api.w.org\/{rel}","templated":true}]}}