{"id":4369,"date":"2025-12-30T22:19:05","date_gmt":"2025-12-30T22:19:05","guid":{"rendered":"https:\/\/gravel-bikes.cc\/produkt\/plato-de-montaje-directo-wolf-tooth-aero-para-bielas-de-gravel-carretera-sram-de-8-tornillos\/"},"modified":"2025-12-30T22:19:05","modified_gmt":"2025-12-30T22:19:05","slug":"plato-de-montaje-directo-wolf-tooth-aero-para-bielas-de-gravel-carretera-sram-de-8-tornillos","status":"publish","type":"product","link":"https:\/\/gravel-bikes.cc\/es\/produkt\/plato-de-montaje-directo-wolf-tooth-aero-para-bielas-de-gravel-carretera-sram-de-8-tornillos\/","title":{"rendered":"Plato de montaje directo Wolf Tooth Aero para bielas de gravel\/carretera SRAM de 8 tornillos"},"content":{"rendered":"","protected":false},"excerpt":{"rendered":"<p>Dise\u00f1ados para gravel y carreras de carretera, y para aquellos que buscan optimizar cada detalle en pos de la velocidad, los platos Wolf Tooth Aero son fuertes, ligeros y est\u00e1n perfilados para acoplarse perfectamente a su juego de bielas para una apariencia limpia e integrada. Aprovechando los sistemas de transmisi\u00f3n 1x y los cassettes traseros de rango m\u00e1s amplio, los platos Aero est\u00e1n disponibles en tama\u00f1os de 46T a 52T para proporcionar un rango general similar a las configuraciones de transmisi\u00f3n 2x est\u00e1ndar. Cuentan con nuestro dise\u00f1o patentado Drop-Stop\u00ae para la mejor vida \u00fatil, retenci\u00f3n de la cadena y limpieza del barro. Drop-Stop B est\u00e1 optimizado para cadenas SRAM Eagle y Flattop.   <\/p>\n<p>&nbsp;<\/p>\n<p>Los platos Aero de montaje directo para bielas SRAM de 8 tornillos reemplazan su ara\u00f1a y plato existentes con una pieza de palanquilla mecanizada, limpia, ligera y r\u00edgida.<\/p>\n<p>&nbsp;<\/p>\n<h4>Compatibilidad<\/h4>\n<p>&nbsp;<\/p>\n<p>Estos platos de montaje directo reemplazar\u00e1n su plato y ara\u00f1a existentes o reemplazar\u00e1n el plato de montaje directo para los juegos de bielas SRAM AXS y otras bielas que utilizan el est\u00e1ndar de montaje de 8 tornillos.<\/p>\n<p>Los juegos de bielas de carretera SRAM Direct Mount DUB utilizan el est\u00e1ndar de montaje de 8 tornillos. Cualquiera de esos juegos de bielas con una ara\u00f1a extra\u00edble tambi\u00e9n utiliza el montaje de 8 tornillos. <\/p>\n<p>&nbsp;<\/p>\n","protected":false},"featured_media":4370,"template":"","meta":{"_et_pb_use_builder":"","_et_pb_old_content":"","_et_gb_content_width":"","om_disable_all_campaigns":false,"_monsterinsights_skip_tracking":false,"_monsterinsights_sitenote_active":false,"_monsterinsights_sitenote_note":"","_monsterinsights_sitenote_category":0},"pwb-brand":[],"product_brand":[],"product_cat":[156,524],"product_tag":[],"class_list":{"0":"post-4369","1":"product","2":"type-product","3":"status-publish","4":"has-post-thumbnail","6":"product_cat-plato","7":"product_cat-wolftooth","9":"first","10":"instock","11":"taxable","12":"shipping-taxable","13":"purchasable","14":"product-type-simple"},"aioseo_notices":[],"brands":[],"_links":{"self":[{"href":"https:\/\/gravel-bikes.cc\/es\/wp-json\/wp\/v2\/product\/4369","targetHints":{"allow":["GET"]}}],"collection":[{"href":"https:\/\/gravel-bikes.cc\/es\/wp-json\/wp\/v2\/product"}],"about":[{"href":"https:\/\/gravel-bikes.cc\/es\/wp-json\/wp\/v2\/types\/product"}],"wp:featuredmedia":[{"embeddable":true,"href":"https:\/\/gravel-bikes.cc\/es\/wp-json\/wp\/v2\/media\/4370"}],"wp:attachment":[{"href":"https:\/\/gravel-bikes.cc\/es\/wp-json\/wp\/v2\/media?parent=4369"}],"wp:term":[{"taxonomy":"pwb-brand","embeddable":true,"href":"https:\/\/gravel-bikes.cc\/es\/wp-json\/wp\/v2\/pwb-brand?post=4369"},{"taxonomy":"product_brand","embeddable":true,"href":"https:\/\/gravel-bikes.cc\/es\/wp-json\/wp\/v2\/product_brand?post=4369"},{"taxonomy":"product_cat","embeddable":true,"href":"https:\/\/gravel-bikes.cc\/es\/wp-json\/wp\/v2\/product_cat?post=4369"},{"taxonomy":"product_tag","embeddable":true,"href":"https:\/\/gravel-bikes.cc\/es\/wp-json\/wp\/v2\/product_tag?post=4369"}],"curies":[{"name":"wp","href":"https:\/\/api.w.org\/{rel}","templated":true}]}}