{"id":4531,"date":"2025-12-31T16:10:16","date_gmt":"2025-12-31T16:10:16","guid":{"rendered":"https:\/\/gravel-bikes.cc\/produkt\/soporte-gps-enve\/"},"modified":"2025-12-31T16:33:19","modified_gmt":"2025-12-31T16:33:19","slug":"soporte-gps-enve","status":"publish","type":"product","link":"https:\/\/gravel-bikes.cc\/es\/produkt\/soporte-gps-enve\/","title":{"rendered":"Soporte GPS ENVE"},"content":{"rendered":"","protected":false},"excerpt":{"rendered":"<p>El soporte para ciclocomputador K-Edge, fabricado en EE. UU., incluye inserciones para ciclocomputadores Garmin y Wahoo y est\u00e1 dise\u00f1ado para uso exclusivo con potencias de carretera ENVE Aero, incluidas las potencias que se suministran con la Melee. Adem\u00e1s, el soporte para accesorios incluido permite a los ciclistas a\u00f1adir una c\u00e1mara o luz a la parte delantera de la bicicleta si lo desean. Tambi\u00e9n incluye un perno de montaje para fijarlo a tu potencia ENVE.  <\/p>\n","protected":false},"featured_media":4532,"template":"","meta":{"_et_pb_use_builder":"","_et_pb_old_content":"","_et_gb_content_width":"","om_disable_all_campaigns":false,"_monsterinsights_skip_tracking":false,"_monsterinsights_sitenote_active":false,"_monsterinsights_sitenote_note":"","_monsterinsights_sitenote_category":0},"pwb-brand":[],"product_brand":[],"product_cat":[550],"product_tag":[],"class_list":{"0":"post-4531","1":"product","2":"type-product","3":"status-publish","4":"has-post-thumbnail","6":"product_cat-soporte-gps","7":"product_shipping_class-piezas-pequenas","9":"first","10":"instock","11":"taxable","12":"shipping-taxable","13":"purchasable","14":"product-type-simple"},"aioseo_notices":[],"brands":[],"_links":{"self":[{"href":"https:\/\/gravel-bikes.cc\/es\/wp-json\/wp\/v2\/product\/4531","targetHints":{"allow":["GET"]}}],"collection":[{"href":"https:\/\/gravel-bikes.cc\/es\/wp-json\/wp\/v2\/product"}],"about":[{"href":"https:\/\/gravel-bikes.cc\/es\/wp-json\/wp\/v2\/types\/product"}],"wp:featuredmedia":[{"embeddable":true,"href":"https:\/\/gravel-bikes.cc\/es\/wp-json\/wp\/v2\/media\/4532"}],"wp:attachment":[{"href":"https:\/\/gravel-bikes.cc\/es\/wp-json\/wp\/v2\/media?parent=4531"}],"wp:term":[{"taxonomy":"pwb-brand","embeddable":true,"href":"https:\/\/gravel-bikes.cc\/es\/wp-json\/wp\/v2\/pwb-brand?post=4531"},{"taxonomy":"product_brand","embeddable":true,"href":"https:\/\/gravel-bikes.cc\/es\/wp-json\/wp\/v2\/product_brand?post=4531"},{"taxonomy":"product_cat","embeddable":true,"href":"https:\/\/gravel-bikes.cc\/es\/wp-json\/wp\/v2\/product_cat?post=4531"},{"taxonomy":"product_tag","embeddable":true,"href":"https:\/\/gravel-bikes.cc\/es\/wp-json\/wp\/v2\/product_tag?post=4531"}],"curies":[{"name":"wp","href":"https:\/\/api.w.org\/{rel}","templated":true}]}}