{"id":4538,"date":"2025-12-31T16:13:00","date_gmt":"2025-12-31T16:13:00","guid":{"rendered":"https:\/\/gravel-bikes.cc\/produkt\/bolsa-de-cuadro-geosmina-gravel\/"},"modified":"2025-12-31T16:18:33","modified_gmt":"2025-12-31T16:18:33","slug":"bolsa-de-cuadro-geosmina-gravel","status":"publish","type":"product","link":"https:\/\/gravel-bikes.cc\/es\/produkt\/bolsa-de-cuadro-geosmina-gravel\/","title":{"rendered":"BOLSA DE CUADRO GEOSMINA Gravel"},"content":{"rendered":"","protected":false},"excerpt":{"rendered":"<p class=\"p1\">\u2022 Capa exterior de nailon 600D con laminado interior de TPU impermeable. Estructura soldada de alta frecuencia sin costuras. 100 % impermeable \u2013 Nailon antidesgarros impermeable.  <\/p>\n<p class=\"p1\">\u2022 Nuevo dise\u00f1o para adaptarse mejor a cuadros con tubo de direcci\u00f3n m\u00e1s largo, como los cuadros de Gravel y Carretera. El nuevo dise\u00f1o facilita la instalaci\u00f3n de portabidones en el cuadro. <\/p>\n<p class=\"p1\">\u2022 Bolsillos interiores de nailon 210D 100 % impermeable antidesgarros en amarillo para contrastar y permitirte localizar r\u00e1pidamente tus objetos y llevar tu carga de forma ordenada.<\/p>\n<p class=\"p1\">\u2022 Bolsillo lateral doble con cremallera impermeable YKK con tirador (2 juegos): facilita su uso incluso con guantes.<\/p>\n<p class=\"p1\">\u2022 2 juegos de correas de velcro reforzadas de Hypalon intercambiables para resistencia al peso (6 puntos de fijaci\u00f3n).<\/p>\n<p class=\"p1\">\u2022 Logotipos reflectantes.<\/p>\n<p class=\"p1\">BOLSA DE CUADRO PEQUE\u00d1A<\/p>\n<p class=\"p2\">Peso: 180 gr.<\/p>\n<p class=\"p1\">Extra: 2 juegos de velcro (17 y 27 cm) y 2 juegos de tiradores (rojo y negro)<\/p>\n<p class=\"p2\">Volumen: 1,5 ltr.<\/p>\n<p class=\"p2\">Medidas: 38 x 11 x 4 cm<\/p>\n<p class=\"p1\">BOLSA DE CUADRO MEDIANA<\/p>\n<p class=\"p2\">Peso: 220 gr.<\/p>\n<p class=\"p1\">Extra: 2 juegos de velcro (17 y 27 cm) y 2 juegos de tiradores (rojo y negro)<\/p>\n<p class=\"p2\">Volumen: 3 ltr.<\/p>\n<p class=\"p2\">Medidas: 44 x 14 x 5 cm<\/p>\n<p class=\"p1\">BOLSA DE CUADRO GRANDE<\/p>\n<p class=\"p1\">Peso: 280 gr.<\/p>\n<p class=\"p1\">Extra: 2 juegos de velcro (17 y 27 cm) y 2 juegos de tiradores (rojo y negro)<\/p>\n<p class=\"p2\">Volumen: 5 ltr.<\/p>\n<p class=\"p2\">Medidas: 51 x 17,5 x 5,5 cm<\/p>\n","protected":false},"featured_media":4542,"template":"","meta":{"_et_pb_use_builder":"","_et_pb_old_content":"","_et_gb_content_width":"","om_disable_all_campaigns":false,"_monsterinsights_skip_tracking":false,"_monsterinsights_sitenote_active":false,"_monsterinsights_sitenote_note":"","_monsterinsights_sitenote_category":0},"pwb-brand":[],"product_brand":[],"product_cat":[256],"product_tag":[],"class_list":{"0":"post-4538","1":"product","2":"type-product","3":"status-publish","4":"has-post-thumbnail","6":"product_cat-bolsas-para-cicloviaje","8":"first","9":"outofstock","10":"taxable","11":"shipping-taxable","12":"product-type-variable"},"aioseo_notices":[],"brands":[],"_links":{"self":[{"href":"https:\/\/gravel-bikes.cc\/es\/wp-json\/wp\/v2\/product\/4538","targetHints":{"allow":["GET"]}}],"collection":[{"href":"https:\/\/gravel-bikes.cc\/es\/wp-json\/wp\/v2\/product"}],"about":[{"href":"https:\/\/gravel-bikes.cc\/es\/wp-json\/wp\/v2\/types\/product"}],"wp:featuredmedia":[{"embeddable":true,"href":"https:\/\/gravel-bikes.cc\/es\/wp-json\/wp\/v2\/media\/4542"}],"wp:attachment":[{"href":"https:\/\/gravel-bikes.cc\/es\/wp-json\/wp\/v2\/media?parent=4538"}],"wp:term":[{"taxonomy":"pwb-brand","embeddable":true,"href":"https:\/\/gravel-bikes.cc\/es\/wp-json\/wp\/v2\/pwb-brand?post=4538"},{"taxonomy":"product_brand","embeddable":true,"href":"https:\/\/gravel-bikes.cc\/es\/wp-json\/wp\/v2\/product_brand?post=4538"},{"taxonomy":"product_cat","embeddable":true,"href":"https:\/\/gravel-bikes.cc\/es\/wp-json\/wp\/v2\/product_cat?post=4538"},{"taxonomy":"product_tag","embeddable":true,"href":"https:\/\/gravel-bikes.cc\/es\/wp-json\/wp\/v2\/product_tag?post=4538"}],"curies":[{"name":"wp","href":"https:\/\/api.w.org\/{rel}","templated":true}]}}