{"id":4776,"date":"2026-01-06T13:53:42","date_gmt":"2026-01-06T13:53:42","guid":{"rendered":"https:\/\/gravel-bikes.cc\/produkt\/torbolito-tube-18-32-mm\/"},"modified":"2026-01-06T13:56:12","modified_gmt":"2026-01-06T13:56:12","slug":"torbolito-tube-18-32-mm","status":"publish","type":"product","link":"https:\/\/gravel-bikes.cc\/es\/produkt\/torbolito-tube-18-32-mm\/","title":{"rendered":"Torbolito Tube 18 &#8211; 32 mm"},"content":{"rendered":"<p>&nbsp;<\/p>\n<p>Aprobado para frenos de llanta y de disco<br \/>\nAdecuado para neum\u00e1ticos de bicicleta de carretera con un ancho de 18 mm a 32 mm<br \/>\nReducci\u00f3n de la masa rotatoria: aprox. 70 gramos por rueda<br \/>\nEl doble de resistencia a los pinchazos en comparaci\u00f3n con las c\u00e1maras de aire est\u00e1ndar<br \/>\nDisponible con v\u00e1lvula naranja o negra <\/p>\n","protected":false},"excerpt":{"rendered":"<p>\u00a1Sal a la carretera con Tubolito! Tanto si tienes frenos de llanta como de disco, la Tubo-Road-700C encaja f\u00e1cilmente en todos los neum\u00e1ticos de bicicleta de carretera con un ancho de entre 18 y 32 mm. Ahorra aproximadamente 70 gramos de masa rotatoria por rueda en comparaci\u00f3n con las c\u00e1maras de aire est\u00e1ndar. La resistencia a los pinchazos tambi\u00e9n es excepcional: Se necesita el doble de fuerza para pinchar la Tubo-Road-700C que una c\u00e1mara de aire de butilo est\u00e1ndar.   <\/p>\n","protected":false},"featured_media":4777,"template":"","meta":{"_et_pb_use_builder":"","_et_pb_old_content":"","_et_gb_content_width":""},"pwb-brand":[],"product_brand":[],"product_cat":[239],"product_tag":[],"class_list":{"0":"post-4776","1":"product","2":"type-product","3":"status-publish","4":"has-post-thumbnail","6":"product_cat-camaras","8":"first","9":"instock","10":"sale","11":"taxable","12":"shipping-taxable","13":"purchasable","14":"product-type-simple"},"aioseo_notices":[],"brands":[],"_links":{"self":[{"href":"https:\/\/gravel-bikes.cc\/es\/wp-json\/wp\/v2\/product\/4776","targetHints":{"allow":["GET"]}}],"collection":[{"href":"https:\/\/gravel-bikes.cc\/es\/wp-json\/wp\/v2\/product"}],"about":[{"href":"https:\/\/gravel-bikes.cc\/es\/wp-json\/wp\/v2\/types\/product"}],"wp:featuredmedia":[{"embeddable":true,"href":"https:\/\/gravel-bikes.cc\/es\/wp-json\/wp\/v2\/media\/4777"}],"wp:attachment":[{"href":"https:\/\/gravel-bikes.cc\/es\/wp-json\/wp\/v2\/media?parent=4776"}],"wp:term":[{"taxonomy":"pwb-brand","embeddable":true,"href":"https:\/\/gravel-bikes.cc\/es\/wp-json\/wp\/v2\/pwb-brand?post=4776"},{"taxonomy":"product_brand","embeddable":true,"href":"https:\/\/gravel-bikes.cc\/es\/wp-json\/wp\/v2\/product_brand?post=4776"},{"taxonomy":"product_cat","embeddable":true,"href":"https:\/\/gravel-bikes.cc\/es\/wp-json\/wp\/v2\/product_cat?post=4776"},{"taxonomy":"product_tag","embeddable":true,"href":"https:\/\/gravel-bikes.cc\/es\/wp-json\/wp\/v2\/product_tag?post=4776"}],"curies":[{"name":"wp","href":"https:\/\/api.w.org\/{rel}","templated":true}]}}