{"id":4807,"date":"2026-01-06T14:13:54","date_gmt":"2026-01-06T14:13:54","guid":{"rendered":"https:\/\/gravel-bikes.cc\/produkt\/pastillas-de-freno-sram-red-force-rival\/"},"modified":"2026-01-06T14:15:02","modified_gmt":"2026-01-06T14:15:02","slug":"pastillas-de-freno-sram-red-force-rival","status":"publish","type":"product","link":"https:\/\/gravel-bikes.cc\/es\/produkt\/pastillas-de-freno-sram-red-force-rival\/","title":{"rendered":"PASTILLAS DE FRENO Sram Red, Force, Rival"},"content":{"rendered":"<p>Detalles:<\/p>\n<p>\u00b7 Pastillas de freno resistentes al calor para frenos de disco de bicicleta de carretera SRAM<br \/>\n\u00b7 Compatibles con SRAM Red Road y SRAM Force 22<br \/>\n\u00b7 Placa de soporte de acero<br \/>\n\u00b7 Buena disipaci\u00f3n del calor<br \/>\n\u00b7 Org\u00e1nicas<\/p>\n","protected":false},"excerpt":{"rendered":"<p>Las pastillas de freno org\u00e1nicas Kool Stop para frenos de disco hidr\u00e1ulicos SRAM Red Road y SRAM Force 22 se caracterizan por una gran potencia de frenado y un rendimiento excepcional en descensos largos. Estas pastillas de freno de disco, f\u00e1cilmente modulables, est\u00e1n fabricadas con materiales org\u00e1nicos unidos con resina. <\/p>\n<p>Para mejorar el rendimiento de frenado con una alta modulaci\u00f3n, las pastillas contienen peque\u00f1as cantidades de part\u00edculas de cobre, lo que tambi\u00e9n aumenta la durabilidad. Debido a su composici\u00f3n material, funcionan de forma m\u00e1s silenciosa, pero generalmente no son tan resistentes al calor como las superficies de fricci\u00f3n sinterizadas. Las pastillas org\u00e1nicas Kool Stop son la elecci\u00f3n ideal siempre que se requiera una buena potencia de frenado y una modulaci\u00f3n \u00f3ptima.  <\/p>\n","protected":false},"featured_media":4809,"template":"","meta":{"_et_pb_use_builder":"","_et_pb_old_content":"","_et_gb_content_width":""},"pwb-brand":[],"product_brand":[],"product_cat":[576],"product_tag":[],"class_list":{"0":"post-4807","1":"product","2":"type-product","3":"status-publish","4":"has-post-thumbnail","6":"product_cat-pastillas-de-freno-de-disco","7":"product_shipping_class-piezas-pequenas","9":"first","10":"instock","11":"sale","12":"taxable","13":"shipping-taxable","14":"purchasable","15":"product-type-simple"},"aioseo_notices":[],"brands":[],"_links":{"self":[{"href":"https:\/\/gravel-bikes.cc\/es\/wp-json\/wp\/v2\/product\/4807","targetHints":{"allow":["GET"]}}],"collection":[{"href":"https:\/\/gravel-bikes.cc\/es\/wp-json\/wp\/v2\/product"}],"about":[{"href":"https:\/\/gravel-bikes.cc\/es\/wp-json\/wp\/v2\/types\/product"}],"wp:featuredmedia":[{"embeddable":true,"href":"https:\/\/gravel-bikes.cc\/es\/wp-json\/wp\/v2\/media\/4809"}],"wp:attachment":[{"href":"https:\/\/gravel-bikes.cc\/es\/wp-json\/wp\/v2\/media?parent=4807"}],"wp:term":[{"taxonomy":"pwb-brand","embeddable":true,"href":"https:\/\/gravel-bikes.cc\/es\/wp-json\/wp\/v2\/pwb-brand?post=4807"},{"taxonomy":"product_brand","embeddable":true,"href":"https:\/\/gravel-bikes.cc\/es\/wp-json\/wp\/v2\/product_brand?post=4807"},{"taxonomy":"product_cat","embeddable":true,"href":"https:\/\/gravel-bikes.cc\/es\/wp-json\/wp\/v2\/product_cat?post=4807"},{"taxonomy":"product_tag","embeddable":true,"href":"https:\/\/gravel-bikes.cc\/es\/wp-json\/wp\/v2\/product_tag?post=4807"}],"curies":[{"name":"wp","href":"https:\/\/api.w.org\/{rel}","templated":true}]}}