{"id":4816,"date":"2026-01-06T14:17:49","date_gmt":"2026-01-06T14:17:49","guid":{"rendered":"https:\/\/gravel-bikes.cc\/produkt\/pastillas-de-freno-de-disco-kool-stop-e-bike-xtr-xt-slx-alfine-deore\/"},"modified":"2026-01-06T14:17:49","modified_gmt":"2026-01-06T14:17:49","slug":"pastillas-de-freno-de-disco-kool-stop-e-bike-xtr-xt-slx-alfine-deore","status":"publish","type":"product","link":"https:\/\/gravel-bikes.cc\/es\/produkt\/pastillas-de-freno-de-disco-kool-stop-e-bike-xtr-xt-slx-alfine-deore\/","title":{"rendered":"Pastillas de freno de disco KOOL STOP E-Bike XTR, XT, SLX, Alfine, Deore"},"content":{"rendered":"<p>Debido a su mayor peso y, a menudo, a sus velocidades m\u00e1s altas, las bicicletas el\u00e9ctricas exigen m\u00e1s a las pastillas de freno que las bicicletas tradicionales. Por lo tanto, Kool-Stop ha desarrollado una pastilla de freno dise\u00f1ada espec\u00edficamente para el uso en bicicletas el\u00e9ctricas. Una capa de cer\u00e1mica se encuentra entre el compuesto org\u00e1nico de la pastilla y la placa de soporte de acero. Esta capa evita que el calor se transfiera a la pinza, contrarrestando eficazmente el sobrecalentamiento y la p\u00e9rdida de eficacia de los frenos.   <\/p>\n<p>Especificaciones t\u00e9cnicas:<\/p>\n<p>Placa de soporte: Acero<br \/>\nTipo de pastilla: Org\u00e1nica<br \/>\nCompatibilidad: Shimano XTR BR-M9000 | BR-M9020 | BR-M987 | BR-M988 | BR-M985 | XT BR-M8000 | BR-M785 | SLX BR-M675 | SLX BR-M615 | BR-RS785 | BR-R785 | BR-CX75 | BR-R515 | BR-R315<\/p>\n","protected":false},"excerpt":{"rendered":"<p>Debido a su mayor peso y, a menudo, a sus velocidades m\u00e1s altas, las bicicletas el\u00e9ctricas exigen m\u00e1s a las pastillas de freno que las bicicletas tradicionales. Por lo tanto, Kool-Stop ha desarrollado una pastilla de freno dise\u00f1ada espec\u00edficamente para el uso en bicicletas el\u00e9ctricas. Una capa de cer\u00e1mica se encuentra entre el compuesto org\u00e1nico [&hellip;]<\/p>\n","protected":false},"featured_media":4817,"template":"","meta":{"_et_pb_use_builder":"","_et_pb_old_content":"","_et_gb_content_width":""},"pwb-brand":[],"product_brand":[],"product_cat":[576],"product_tag":[],"class_list":{"0":"post-4816","1":"product","2":"type-product","3":"status-publish","4":"has-post-thumbnail","6":"product_cat-pastillas-de-freno-de-disco","8":"first","9":"instock","10":"taxable","11":"shipping-taxable","12":"product-type-simple"},"aioseo_notices":[],"brands":[],"_links":{"self":[{"href":"https:\/\/gravel-bikes.cc\/es\/wp-json\/wp\/v2\/product\/4816","targetHints":{"allow":["GET"]}}],"collection":[{"href":"https:\/\/gravel-bikes.cc\/es\/wp-json\/wp\/v2\/product"}],"about":[{"href":"https:\/\/gravel-bikes.cc\/es\/wp-json\/wp\/v2\/types\/product"}],"wp:featuredmedia":[{"embeddable":true,"href":"https:\/\/gravel-bikes.cc\/es\/wp-json\/wp\/v2\/media\/4817"}],"wp:attachment":[{"href":"https:\/\/gravel-bikes.cc\/es\/wp-json\/wp\/v2\/media?parent=4816"}],"wp:term":[{"taxonomy":"pwb-brand","embeddable":true,"href":"https:\/\/gravel-bikes.cc\/es\/wp-json\/wp\/v2\/pwb-brand?post=4816"},{"taxonomy":"product_brand","embeddable":true,"href":"https:\/\/gravel-bikes.cc\/es\/wp-json\/wp\/v2\/product_brand?post=4816"},{"taxonomy":"product_cat","embeddable":true,"href":"https:\/\/gravel-bikes.cc\/es\/wp-json\/wp\/v2\/product_cat?post=4816"},{"taxonomy":"product_tag","embeddable":true,"href":"https:\/\/gravel-bikes.cc\/es\/wp-json\/wp\/v2\/product_tag?post=4816"}],"curies":[{"name":"wp","href":"https:\/\/api.w.org\/{rel}","templated":true}]}}