{"id":5454,"date":"2026-01-16T17:51:38","date_gmt":"2026-01-16T17:51:38","guid":{"rendered":"https:\/\/gravel-bikes.cc\/produkt\/juego-de-ruedas-enve-ar40\/"},"modified":"2026-01-16T17:52:47","modified_gmt":"2026-01-16T17:52:47","slug":"juego-de-ruedas-enve-ar40","status":"publish","type":"product","link":"https:\/\/gravel-bikes.cc\/es\/produkt\/juego-de-ruedas-enve-ar40\/","title":{"rendered":"Juego de ruedas ENVE AR40"},"content":{"rendered":"<p>La AR40 es la \u00faltima incorporaci\u00f3n a la gama Foundation. Con una profundidad de llanta aerodin\u00e1micamente optimizada de 40 mm delante y detr\u00e1s y una anchura interior de llanta de 25 mm, la AR40 est\u00e1 dise\u00f1ada para ofrecer la m\u00e1xima versatilidad para el ciclista de carretera y el corredor que busca rendimiento dentro y fuera de la carretera. <\/p>\n","protected":false},"excerpt":{"rendered":"<p>La AR40 es la \u00faltima incorporaci\u00f3n a la gama Foundation. Con una profundidad de llanta aerodin\u00e1micamente optimizada de 40 mm delante y detr\u00e1s y una anchura interior de llanta de 25 mm, la AR40 est\u00e1 dise\u00f1ada para ofrecer la m\u00e1xima versatilidad para el ciclista de carretera y el corredor que busca rendimiento dentro y fuera [&hellip;]<\/p>\n","protected":false},"featured_media":5455,"template":"","meta":{"_et_pb_use_builder":"","_et_pb_old_content":"","_et_gb_content_width":"","om_disable_all_campaigns":false,"_monsterinsights_skip_tracking":false,"_monsterinsights_sitenote_active":false,"_monsterinsights_sitenote_note":"","_monsterinsights_sitenote_category":0},"pwb-brand":[],"product_brand":[76],"product_cat":[169],"product_tag":[],"class_list":{"0":"post-5454","1":"product","2":"type-product","3":"status-publish","4":"has-post-thumbnail","6":"product_brand-enve","7":"product_cat-ruedas","8":"product_shipping_class-piezas-pequenas","10":"first","11":"instock","12":"sale","13":"taxable","14":"shipping-taxable","15":"purchasable","16":"product-type-simple"},"aioseo_notices":[],"brands":[],"_links":{"self":[{"href":"https:\/\/gravel-bikes.cc\/es\/wp-json\/wp\/v2\/product\/5454","targetHints":{"allow":["GET"]}}],"collection":[{"href":"https:\/\/gravel-bikes.cc\/es\/wp-json\/wp\/v2\/product"}],"about":[{"href":"https:\/\/gravel-bikes.cc\/es\/wp-json\/wp\/v2\/types\/product"}],"wp:featuredmedia":[{"embeddable":true,"href":"https:\/\/gravel-bikes.cc\/es\/wp-json\/wp\/v2\/media\/5455"}],"wp:attachment":[{"href":"https:\/\/gravel-bikes.cc\/es\/wp-json\/wp\/v2\/media?parent=5454"}],"wp:term":[{"taxonomy":"pwb-brand","embeddable":true,"href":"https:\/\/gravel-bikes.cc\/es\/wp-json\/wp\/v2\/pwb-brand?post=5454"},{"taxonomy":"product_brand","embeddable":true,"href":"https:\/\/gravel-bikes.cc\/es\/wp-json\/wp\/v2\/product_brand?post=5454"},{"taxonomy":"product_cat","embeddable":true,"href":"https:\/\/gravel-bikes.cc\/es\/wp-json\/wp\/v2\/product_cat?post=5454"},{"taxonomy":"product_tag","embeddable":true,"href":"https:\/\/gravel-bikes.cc\/es\/wp-json\/wp\/v2\/product_tag?post=5454"}],"curies":[{"name":"wp","href":"https:\/\/api.w.org\/{rel}","templated":true}]}}