{"id":5629,"date":"2026-01-19T08:34:19","date_gmt":"2026-01-19T08:34:19","guid":{"rendered":"https:\/\/gravel-bikes.cc\/?post_type=product&#038;p=5629"},"modified":"2026-01-19T08:35:43","modified_gmt":"2026-01-19T08:35:43","slug":"schwalbe-rs-pro-40-mm-copy","status":"publish","type":"product","link":"https:\/\/gravel-bikes.cc\/es\/produkt\/schwalbe-rs-pro-40-mm-copy\/","title":{"rendered":"SCHWALBE RS PRO 42 mm"},"content":{"rendered":"<p>El G-ONE RS PRO es nuestro neum\u00e1tico de gravel m\u00e1s r\u00e1pido. Este neum\u00e1tico semi-slick est\u00e1 dise\u00f1ado para ofrecer la m\u00e1xima eficiencia en superficies duras. Es la primera opci\u00f3n para aquellos que solo tienen un objetivo en mente: la velocidad. Numerosas victorias en las carreras de gravel m\u00e1s duras del mundo demuestran su rendimiento. La banda de rodadura en forma de escamas ofrece la menor resistencia a la rodadura de toda la l\u00ednea G-ONE PRO, mientras que los tacos laterales empotrados garantizan agarre y tracci\u00f3n en las curvas.    <\/p>\n","protected":false},"excerpt":{"rendered":"<p>El G-ONE RS PRO es nuestro neum\u00e1tico de gravel m\u00e1s r\u00e1pido. Este neum\u00e1tico semi-slick est\u00e1 dise\u00f1ado para ofrecer la m\u00e1xima eficiencia en superficies duras. Es la primera opci\u00f3n para aquellos que solo tienen un objetivo en mente: la velocidad. Numerosas victorias en las carreras de gravel m\u00e1s duras del mundo demuestran su rendimiento. La banda [&hellip;]<\/p>\n","protected":false},"featured_media":5620,"template":"","meta":{"_et_pb_use_builder":"","_et_pb_old_content":"","_et_gb_content_width":"","om_disable_all_campaigns":false,"_monsterinsights_skip_tracking":false,"_monsterinsights_sitenote_active":false,"_monsterinsights_sitenote_note":"","_monsterinsights_sitenote_category":0},"pwb-brand":[],"product_brand":[612],"product_cat":[236],"product_tag":[615],"class_list":{"0":"post-5629","1":"product","2":"type-product","3":"status-publish","4":"has-post-thumbnail","6":"product_brand-schwalbe","7":"product_cat-neumaticos","8":"product_tag-schwalbe-rs","9":"product_shipping_class-piezas-pequenas","11":"first","12":"instock","13":"sale","14":"taxable","15":"shipping-taxable","16":"purchasable","17":"product-type-simple"},"aioseo_notices":[],"df_price":69.9,"df_sale_price":69.9,"df_regular_price":74.9,"df_image_link":"https:\/\/gravel-bikes.cc\/wp-content\/uploads\/2026\/01\/430095_0-300x300.jpg","brands":[],"_links":{"self":[{"href":"https:\/\/gravel-bikes.cc\/es\/wp-json\/wp\/v2\/product\/5629","targetHints":{"allow":["GET"]}}],"collection":[{"href":"https:\/\/gravel-bikes.cc\/es\/wp-json\/wp\/v2\/product"}],"about":[{"href":"https:\/\/gravel-bikes.cc\/es\/wp-json\/wp\/v2\/types\/product"}],"wp:featuredmedia":[{"embeddable":true,"href":"https:\/\/gravel-bikes.cc\/es\/wp-json\/wp\/v2\/media\/5620"}],"wp:attachment":[{"href":"https:\/\/gravel-bikes.cc\/es\/wp-json\/wp\/v2\/media?parent=5629"}],"wp:term":[{"taxonomy":"pwb-brand","embeddable":true,"href":"https:\/\/gravel-bikes.cc\/es\/wp-json\/wp\/v2\/pwb-brand?post=5629"},{"taxonomy":"product_brand","embeddable":true,"href":"https:\/\/gravel-bikes.cc\/es\/wp-json\/wp\/v2\/product_brand?post=5629"},{"taxonomy":"product_cat","embeddable":true,"href":"https:\/\/gravel-bikes.cc\/es\/wp-json\/wp\/v2\/product_cat?post=5629"},{"taxonomy":"product_tag","embeddable":true,"href":"https:\/\/gravel-bikes.cc\/es\/wp-json\/wp\/v2\/product_tag?post=5629"}],"curies":[{"name":"wp","href":"https:\/\/api.w.org\/{rel}","templated":true}]}}