{"id":5864,"date":"2026-01-20T20:47:34","date_gmt":"2026-01-20T20:47:34","guid":{"rendered":"https:\/\/gravel-bikes.cc\/?post_type=product&#038;p=5864"},"modified":"2026-01-22T16:47:57","modified_gmt":"2026-01-22T16:47:57","slug":"bike-ahead-composites-biturbo-gravel-copy","status":"publish","type":"product","link":"https:\/\/gravel-bikes.cc\/es\/produkt\/bike-ahead-composites-biturbo-gravel-copy\/","title":{"rendered":"BIKE AHEAD COMPOSITES BITURBO Carretera"},"content":{"rendered":"<p>[et_pb_section fb_built=&#8221;1&#8243; _builder_version=&#8221;4.27.5&#8243; _module_preset=&#8221;default&#8221; global_colors_info=&#8221;{}&#8221;][et_pb_row _builder_version=&#8221;4.27.5&#8243; _module_preset=&#8221;default&#8221; global_colors_info=&#8221;{}&#8221;][et_pb_column type=&#8221;4_4&#8243; _builder_version=&#8221;4.27.5&#8243; _module_preset=&#8221;default&#8221; global_colors_info=&#8221;{}&#8221;][et_pb_image src=&#8221;https:\/\/gravel-bikes.cc\/wp-content\/uploads\/2026\/01\/image003.png&#8221; title_text=&#8221;image003&#8243; _builder_version=&#8221;4.27.5&#8243; _module_preset=&#8221;default&#8221; global_colors_info=&#8221;{}&#8221;][\/et_pb_image][\/et_pb_column][\/et_pb_row][\/et_pb_section][et_pb_section fb_built=&#8221;1&#8243; _builder_version=&#8221;4.16&#8243; custom_padding=&#8221;0px||||false|false&#8221; global_colors_info=&#8221;{}&#8221;][et_pb_row _builder_version=&#8221;4.16&#8243; background_size=&#8221;initial&#8221; background_position=&#8221;top_left&#8221; background_repeat=&#8221;repeat&#8221; width=&#8221;100%&#8221; custom_padding=&#8221;0px||0px||false|false&#8221; global_colors_info=&#8221;{}&#8221;][et_pb_column type=&#8221;4_4&#8243; _builder_version=&#8221;4.16&#8243; custom_padding=&#8221;|||&#8221; global_colors_info=&#8221;{}&#8221; custom_padding__hover=&#8221;|||&#8221;][et_pb_wc_breadcrumb _builder_version=&#8221;4.16&#8243; global_colors_info=&#8221;{}&#8221;][\/et_pb_wc_breadcrumb][et_pb_wc_cart_notice _builder_version=&#8221;4.16&#8243; global_colors_info=&#8221;{}&#8221;][\/et_pb_wc_cart_notice][\/et_pb_column][\/et_pb_row][et_pb_row column_structure=&#8221;1_2,1_2&#8243; _builder_version=&#8221;4.16&#8243; background_size=&#8221;initial&#8221; background_position=&#8221;top_left&#8221; background_repeat=&#8221;repeat&#8221; width=&#8221;100%&#8221; custom_padding=&#8221;0px||||false|false&#8221; global_colors_info=&#8221;{}&#8221;][et_pb_column type=&#8221;1_2&#8243; _builder_version=&#8221;4.16&#8243; custom_padding=&#8221;|||&#8221; global_colors_info=&#8221;{}&#8221; custom_padding__hover=&#8221;|||&#8221;][et_pb_wc_images _builder_version=&#8221;4.16&#8243; global_colors_info=&#8221;{}&#8221;][\/et_pb_wc_images][\/et_pb_column][et_pb_column type=&#8221;1_2&#8243; _builder_version=&#8221;4.16&#8243; custom_padding=&#8221;|||&#8221; global_colors_info=&#8221;{}&#8221; custom_padding__hover=&#8221;|||&#8221;][et_pb_wc_title _builder_version=&#8221;4.16&#8243; global_colors_info=&#8221;{}&#8221;][\/et_pb_wc_title][et_pb_wc_rating _builder_version=&#8221;4.16&#8243; global_colors_info=&#8221;{}&#8221;][\/et_pb_wc_rating][et_pb_wc_price _builder_version=&#8221;4.16&#8243; global_colors_info=&#8221;{}&#8221;][\/et_pb_wc_price][et_pb_wc_description _builder_version=&#8221;4.16&#8243; global_colors_info=&#8221;{}&#8221;][\/et_pb_wc_description][et_pb_wc_add_to_cart _builder_version=&#8221;4.16&#8243; global_colors_info=&#8221;{}&#8221;][\/et_pb_wc_add_to_cart][et_pb_wc_meta _builder_version=&#8221;4.16&#8243; global_colors_info=&#8221;{}&#8221;][\/et_pb_wc_meta][\/et_pb_column][\/et_pb_row][et_pb_row column_structure=&#8221;1_3,1_3,1_3&#8243; _builder_version=&#8221;4.27.5&#8243; _module_preset=&#8221;default&#8221; global_colors_info=&#8221;{}&#8221;][et_pb_column type=&#8221;1_3&#8243; _builder_version=&#8221;4.27.5&#8243; _module_preset=&#8221;default&#8221; global_colors_info=&#8221;{}&#8221;][et_pb_button button_text=&#8221;LEASING DE BICICLETAS&#8221; _builder_version=&#8221;4.27.5&#8243; _module_preset=&#8221;default&#8221; global_colors_info=&#8221;{}&#8221;][\/et_pb_button][\/et_pb_column][et_pb_column type=&#8221;1_3&#8243; _builder_version=&#8221;4.27.5&#8243; _module_preset=&#8221;default&#8221; global_colors_info=&#8221;{}&#8221;][et_pb_button button_text=&#8221;FINANCIACI\u00d3N&#8221; _builder_version=&#8221;4.27.5&#8243; _module_preset=&#8221;default&#8221; global_colors_info=&#8221;{}&#8221;][\/et_pb_button][\/et_pb_column][et_pb_column type=&#8221;1_3&#8243; _builder_version=&#8221;4.27.5&#8243; _module_preset=&#8221;default&#8221; global_colors_info=&#8221;{}&#8221;][et_pb_button button_text=&#8221;SEGURO&#8221; _builder_version=&#8221;4.27.5&#8243; _module_preset=&#8221;default&#8221; global_colors_info=&#8221;{}&#8221;][\/et_pb_button][\/et_pb_column][\/et_pb_row][et_pb_row column_structure=&#8221;1_3,1_3,1_3&#8243; _builder_version=&#8221;4.27.5&#8243; _module_preset=&#8221;default&#8221; global_colors_info=&#8221;{}&#8221;][et_pb_column type=&#8221;1_3&#8243; _builder_version=&#8221;4.27.5&#8243; _module_preset=&#8221;default&#8221; global_colors_info=&#8221;{}&#8221;][et_pb_image src=&#8221;https:\/\/gravel-bikes.cc\/wp-content\/uploads\/2026\/01\/DSC08274-554925cb.jpg&#8221; title_text=&#8221;DSC08274-554925cb&#8221; _builder_version=&#8221;4.27.5&#8243; _module_preset=&#8221;default&#8221; global_colors_info=&#8221;{}&#8221;][\/et_pb_image][\/et_pb_column][et_pb_column type=&#8221;1_3&#8243; _builder_version=&#8221;4.27.5&#8243; _module_preset=&#8221;default&#8221; global_colors_info=&#8221;{}&#8221;][et_pb_image src=&#8221;https:\/\/gravel-bikes.cc\/wp-content\/uploads\/2026\/01\/made_02-1.jpg&#8221; title_text=&#8221;made_02 (1)&#8221; _builder_version=&#8221;4.27.5&#8243; _module_preset=&#8221;default&#8221; global_colors_info=&#8221;{}&#8221;][\/et_pb_image][\/et_pb_column][et_pb_column type=&#8221;1_3&#8243; _builder_version=&#8221;4.27.5&#8243; _module_preset=&#8221;default&#8221; global_colors_info=&#8221;{}&#8221;][et_pb_image src=&#8221;https:\/\/gravel-bikes.cc\/wp-content\/uploads\/2026\/01\/image003.png&#8221; title_text=&#8221;image003&#8243; _builder_version=&#8221;4.27.5&#8243; _module_preset=&#8221;default&#8221; global_colors_info=&#8221;{}&#8221;][\/et_pb_image][\/et_pb_column][\/et_pb_row][et_pb_row _builder_version=&#8221;4.16&#8243; background_size=&#8221;initial&#8221; background_position=&#8221;top_left&#8221; background_repeat=&#8221;repeat&#8221; width=&#8221;100%&#8221; global_colors_info=&#8221;{}&#8221;][et_pb_column type=&#8221;4_4&#8243; _builder_version=&#8221;4.16&#8243; custom_padding=&#8221;|||&#8221; global_colors_info=&#8221;{}&#8221; custom_padding__hover=&#8221;|||&#8221;][et_pb_wc_tabs _builder_version=&#8221;4.16&#8243; global_colors_info=&#8221;{}&#8221;] [\/et_pb_wc_tabs][et_pb_wc_upsells _builder_version=&#8221;4.16&#8243; global_colors_info=&#8221;{}&#8221;][\/et_pb_wc_upsells][et_pb_wc_related_products _builder_version=&#8221;4.16&#8243; global_colors_info=&#8221;{}&#8221;][\/et_pb_wc_related_products][\/et_pb_column][\/et_pb_row][\/et_pb_section]<\/p>\n","protected":false},"excerpt":{"rendered":"<div class=\"wpb_column pos-top pos-center align_left column_parent col-lg-6 single-internal-gutter\">\n<div class=\"uncol style-light\">\n<div class=\"uncoltable\">\n<div class=\"uncell no-block-padding\">\n<div class=\"uncont\">\n<div class=\"uncode_text_column text-lead\">\n<div class=\"wpb_column pos-top pos-center align_left column_parent col-lg-6 single-internal-gutter\">\n<div class=\"uncol style-light\">\n<div class=\"uncoltable\">\n<div class=\"uncell no-block-padding\">\n<div class=\"uncont\">\n<div class=\"uncode_text_column text-lead\">\n<h3>Descripci\u00f3n<\/h3>\n<div class=\"product__description__text\">\n<p>\u00bfQu\u00e9 hace que una bicicleta gravel sea la definitiva? Obviamente, que haga feliz al ciclista. La respuesta es sencilla. Pero siempre ha supuesto un gran reto para los departamentos de desarrollo. Especialmente cuando se trata de bicicletas de carbono. La fabricaci\u00f3n es compleja y requiere costosas herramientas de moldeo. La producci\u00f3n solo merece la pena en grandes cantidades. Sin embargo, esto descarta la personalizaci\u00f3n individual. O la bicicleta se ajusta, o no. Los compromisos suelen formar parte de la compra de una bicicleta de producci\u00f3n.         <\/p>\n<p>Con LA SUPERFAST, no tienes que renunciar a nada. Combina las ventajas de la producci\u00f3n en serie y la fabricaci\u00f3n a medida. Ya sea como cuadro o como bicicleta completa.  <\/p>\n<p>Nuestra innovadora bicicleta gravel no solo impresiona por su excelente calidad. Tambi\u00e9n puedes personalizar muchos detalles t\u00fa mismo. Esto convierte a LA SUPERFAST en la bicicleta definitiva para ti.  <\/p>\n<p>En oto\u00f1o de 2024, lanzamos el proyecto \u00fanico THE SUPERFAST. El objetivo era crear la bicicleta gravel definitiva fabricada en Alemania. La bicicleta no se iba a desarrollar a puerta cerrada, sino con la opini\u00f3n de la comunidad. A trav\u00e9s de encuestas en redes sociales, cualquier persona interesada tuvo la oportunidad de votar sobre los puntos clave importantes. Esto inclu\u00eda preguntas fundamentales como el uso previsto, pero tambi\u00e9n detalles importantes como el tipo de enrutamiento de cables. Los resultados se incorporaron directamente al proceso de desarrollo. Todo fue completamente transparente. Cada paso en la creaci\u00f3n de la bicicleta se public\u00f3 en Instagram y Facebook, as\u00ed como en el blog THE SUPERFAST en nuestro sitio web.<\/p>\n<h4><\/h4>\n<p>La comunidad quer\u00eda una bicicleta gravel de la categor\u00eda de competici\u00f3n. Genial, porque nos encantan las bicicletas r\u00e1pidas. El reto: una bicicleta de competici\u00f3n requiere caracter\u00edsticas que parecen ser mutuamente excluyentes. Peso m\u00ednimo y m\u00e1xima estabilidad. Buena rigidez y notable comodidad. Para lograr este objetivo, el cuadro, la horquilla y el puesto de conducci\u00f3n se dise\u00f1aron como una unidad t\u00e9cnica. Los componentes est\u00e1n perfectamente adaptados y tambi\u00e9n se integran visualmente.      <\/p>\n<p>El cuadro principal se fabrica en una sola pieza. Este m\u00e9todo de construcci\u00f3n se denomina monocasco de una sola pieza. Todos los preimpregnados de carbono se unen de forma \u00f3ptima durante el horneado bajo presi\u00f3n y se fusionan en una unidad de alta resistencia. Debido a su complejidad, solo unos pocos fabricantes utilizan este proceso de fabricaci\u00f3n. Se diferencia mucho de la producci\u00f3n de cuadros com\u00fan en las f\u00e1bricas a gran escala, donde los segmentos fabricados individualmente se pegan entre s\u00ed.    <\/p>\n<p>La horquilla y el puesto de conducci\u00f3n tambi\u00e9n se fabrican utilizando el m\u00e9todo de construcci\u00f3n monocasco de una sola pieza. El cuadro tiene un cableado totalmente integrado. Los cables pasan a trav\u00e9s del manillar hacia la potencia y desde all\u00ed directamente al cuadro o la horquilla.  <\/p>\n<p>LA SUPERFAST representa una construcci\u00f3n ligera y funcional. Cada componente est\u00e1 dise\u00f1ado para ser lo m\u00e1s ligero posible. La atenci\u00f3n se centra en la funci\u00f3n. La calidad de fabricaci\u00f3n es tan alta que no se requiere pintura. Esto ahorra peso y garantiza el t\u00edpico aspecto de carbono mate y brillante. Los tornillos del portabid\u00f3n son de titanio perforado y pesan solo 1,06 gramos cada uno. Todos estos detalles se suman para hacer de LA SUPERFAST una de las bicicletas gravel m\u00e1s ligeras del mundo. El cuadro sin compartimento de almacenamiento pesa solo 789 gramos en la talla M, rompiendo la m\u00e1gica marca de los 800 gramos. La bicicleta completa con componentes de alta gama pesa solo 6,85 kilogramos.        <\/p>\n<h4>Muchas opciones personalizadas<\/h4>\n<p>LA SUPERFAST est\u00e1 disponible como cuadro y como bicicleta completa. El ingenioso sistema modular te permite personalizar la bicicleta seg\u00fan tus preferencias personales. <\/p>\n<p>&gt;&gt;  El puesto de conducci\u00f3n est\u00e1 disponible en todos los tama\u00f1os est\u00e1ndar. Con ca\u00eddas para competici\u00f3n o gravel. EL PUESTO DE CONDUCCI\u00d3N tambi\u00e9n ofrece una opci\u00f3n exclusiva. Se puede personalizar. Puedes combinar libremente todas las longitudes de potencia, anchuras de manillar y variantes de ca\u00edda. Esto garantiza una posici\u00f3n de conducci\u00f3n perfecta. Nuestro proceso de fabricaci\u00f3n y nuestras innovadoras herramientas de producci\u00f3n lo hacen posible.      <\/p>\n<p>&gt;&gt;  LA SUPERFAST se puede pedir con o sin compartimento de almacenamiento. El compartimento de almacenamiento est\u00e1 sellado y es extra\u00edble. La palanca de bloqueo se encuentra en la parte superior del tubo inferior y se puede accionar sin herramientas. El compartimento de almacenamiento est\u00e1 equipado con todas las herramientas importantes y una c\u00e1mara de repuesto.   <\/p>\n<p>&gt;&gt;  El cuadro est\u00e1 disponible tanto para pedalieres roscados (T47) como para rodamientos press-fit. La alta calidad de fabricaci\u00f3n y el ajuste perfecto de los rodamientos hacen que los rodamientos press-fit sean la primera opci\u00f3n. Sin embargo, seg\u00fan una encuesta, muchos ciclistas de gravel prefieren un pedalier roscado. Por eso, ambas versiones est\u00e1n disponibles.   <\/p>\n<p>&gt;&gt; \u00bfMonoplato o desviador? LA SUPERFAST ofrece ambas opciones con un soporte de desviador totalmente ajustable. En cualquier momento. Sin compromisos t\u00e9cnicos ni visuales.<br \/>\nCada comprador de LA SUPERFAST recibe un libro de alta calidad que detalla la historia de la bicicleta. El libro tiene 80 p\u00e1ginas y contiene muchas fotos exclusivas.    <\/p>\n<\/div>\n<\/div>\n<\/div>\n<\/div>\n<\/div>\n<\/div>\n<\/div>\n<div class=\"wpb_column pos-top pos-center align_left column_parent col-lg-6 single-internal-gutter\">\n<div class=\"uncol style-light\">\n<div class=\"uncoltable\">\n<div class=\"uncell no-block-padding\">\n<div class=\"uncont\">\n<div class=\"uncode_text_column text-lead\"><\/div>\n<\/div>\n<\/div>\n<\/div>\n<\/div>\n<\/div>\n<p>&nbsp;<\/p>\n<\/div>\n<\/div>\n<\/div>\n<\/div>\n<\/div>\n<\/div>\n<div class=\"wpb_column pos-top pos-center align_left column_parent col-lg-6 single-internal-gutter\">\n<div class=\"uncol style-light\">\n<div class=\"uncoltable\">\n<div class=\"uncell no-block-padding\">\n<div class=\"uncont\">\n<div class=\"uncode_text_column text-lead\">\n<p data-is-only-node=\"\" data-is-last-node=\"\" data-end=\"1102\" data-start=\"962\">\n<\/div>\n<\/div>\n<\/div>\n<\/div>\n<\/div>\n<\/div>\n","protected":false},"featured_media":5869,"template":"","meta":{"_et_pb_use_builder":"on","_et_pb_old_content":"","_et_gb_content_width":""},"pwb-brand":[],"product_brand":[],"product_cat":[629,169],"product_tag":[370],"class_list":{"0":"post-5864","1":"product","2":"type-product","3":"status-publish","4":"has-post-thumbnail","6":"product_cat-bike-ahead-composites","7":"product_cat-ruedas","8":"product_tag-hamburgo","9":"product_shipping_class-piezas-pequenas","11":"first","12":"instock","13":"taxable","14":"shipping-taxable","15":"purchasable","16":"product-type-variable"},"aioseo_notices":[],"brands":[],"_links":{"self":[{"href":"https:\/\/gravel-bikes.cc\/es\/wp-json\/wp\/v2\/product\/5864","targetHints":{"allow":["GET"]}}],"collection":[{"href":"https:\/\/gravel-bikes.cc\/es\/wp-json\/wp\/v2\/product"}],"about":[{"href":"https:\/\/gravel-bikes.cc\/es\/wp-json\/wp\/v2\/types\/product"}],"wp:featuredmedia":[{"embeddable":true,"href":"https:\/\/gravel-bikes.cc\/es\/wp-json\/wp\/v2\/media\/5869"}],"wp:attachment":[{"href":"https:\/\/gravel-bikes.cc\/es\/wp-json\/wp\/v2\/media?parent=5864"}],"wp:term":[{"taxonomy":"pwb-brand","embeddable":true,"href":"https:\/\/gravel-bikes.cc\/es\/wp-json\/wp\/v2\/pwb-brand?post=5864"},{"taxonomy":"product_brand","embeddable":true,"href":"https:\/\/gravel-bikes.cc\/es\/wp-json\/wp\/v2\/product_brand?post=5864"},{"taxonomy":"product_cat","embeddable":true,"href":"https:\/\/gravel-bikes.cc\/es\/wp-json\/wp\/v2\/product_cat?post=5864"},{"taxonomy":"product_tag","embeddable":true,"href":"https:\/\/gravel-bikes.cc\/es\/wp-json\/wp\/v2\/product_tag?post=5864"}],"curies":[{"name":"wp","href":"https:\/\/api.w.org\/{rel}","templated":true}]}}