{"id":5966,"date":"2026-01-22T15:52:26","date_gmt":"2026-01-22T15:52:26","guid":{"rendered":"https:\/\/gravel-bikes.cc\/?post_type=product&#038;p=5966"},"modified":"2026-01-22T16:03:05","modified_gmt":"2026-01-22T16:03:05","slug":"bike-ahead-composites-superfast-copy-2","status":"publish","type":"product","link":"https:\/\/gravel-bikes.cc\/es\/produkt\/bike-ahead-composites-superfast-copy-2\/","title":{"rendered":"WINSPACE G3 Shimano GRX Di2"},"content":{"rendered":"<p>[et_pb_section fb_built=&#8221;1&#8243; _builder_version=&#8221;4.27.5&#8243; _module_preset=&#8221;default&#8221; global_colors_info=&#8221;{}&#8221;][et_pb_row _builder_version=&#8221;4.27.5&#8243; _module_preset=&#8221;default&#8221; global_colors_info=&#8221;{}&#8221;][et_pb_column type=&#8221;4_4&#8243; _builder_version=&#8221;4.27.5&#8243; _module_preset=&#8221;default&#8221; global_colors_info=&#8221;{}&#8221;][et_pb_image src=&#8221;https:\/\/gravel-bikes.cc\/wp-content\/uploads\/2026\/01\/2_982162e6-bb40-4ff1-9633-db035dd31db3.webp&#8221; title_text=&#8221;Bicicleta gravel&#8221; _builder_version=&#8221;4.27.5&#8243; _module_preset=&#8221;default&#8221; global_colors_info=&#8221;{}&#8221;][\/et_pb_image][\/et_pb_column][\/et_pb_row][\/et_pb_section][et_pb_section fb_built=&#8221;1&#8243; _builder_version=&#8221;4.16&#8243; custom_padding=&#8221;0px||||false|false&#8221; global_colors_info=&#8221;{}&#8221;][et_pb_row _builder_version=&#8221;4.16&#8243; background_size=&#8221;initial&#8221; background_position=&#8221;top_left&#8221; background_repeat=&#8221;repeat&#8221; width=&#8221;100%&#8221; custom_padding=&#8221;0px||0px||false|false&#8221; global_colors_info=&#8221;{}&#8221;][et_pb_column type=&#8221;4_4&#8243; _builder_version=&#8221;4.16&#8243; custom_padding=&#8221;|||&#8221; global_colors_info=&#8221;{}&#8221; custom_padding__hover=&#8221;|||&#8221;][et_pb_wc_breadcrumb _builder_version=&#8221;4.16&#8243; global_colors_info=&#8221;{}&#8221;][\/et_pb_wc_breadcrumb][et_pb_wc_cart_notice _builder_version=&#8221;4.16&#8243; global_colors_info=&#8221;{}&#8221;][\/et_pb_wc_cart_notice][\/et_pb_column][\/et_pb_row][et_pb_row column_structure=&#8221;1_2,1_2&#8243; _builder_version=&#8221;4.16&#8243; background_size=&#8221;initial&#8221; background_position=&#8221;top_left&#8221; background_repeat=&#8221;repeat&#8221; width=&#8221;100%&#8221; custom_padding=&#8221;0px||||false|false&#8221; global_colors_info=&#8221;{}&#8221;][et_pb_column type=&#8221;1_2&#8243; _builder_version=&#8221;4.16&#8243; custom_padding=&#8221;|||&#8221; global_colors_info=&#8221;{}&#8221; custom_padding__hover=&#8221;|||&#8221;][et_pb_wc_images _builder_version=&#8221;4.16&#8243; global_colors_info=&#8221;{}&#8221;][\/et_pb_wc_images][\/et_pb_column][et_pb_column type=&#8221;1_2&#8243; _builder_version=&#8221;4.16&#8243; custom_padding=&#8221;|||&#8221; global_colors_info=&#8221;{}&#8221; custom_padding__hover=&#8221;|||&#8221;][et_pb_wc_title _builder_version=&#8221;4.16&#8243; global_colors_info=&#8221;{}&#8221;][\/et_pb_wc_title][et_pb_wc_rating _builder_version=&#8221;4.16&#8243; global_colors_info=&#8221;{}&#8221;][\/et_pb_wc_rating][et_pb_wc_price _builder_version=&#8221;4.16&#8243; global_colors_info=&#8221;{}&#8221;][\/et_pb_wc_price][et_pb_wc_description _builder_version=&#8221;4.16&#8243; global_colors_info=&#8221;{}&#8221;][\/et_pb_wc_description][et_pb_wc_add_to_cart _builder_version=&#8221;4.16&#8243; global_colors_info=&#8221;{}&#8221;][\/et_pb_wc_add_to_cart][et_pb_wc_meta _builder_version=&#8221;4.16&#8243; global_colors_info=&#8221;{}&#8221;][\/et_pb_wc_meta][\/et_pb_column][\/et_pb_row][et_pb_row column_structure=&#8221;1_3,1_3,1_3&#8243; _builder_version=&#8221;4.27.5&#8243; _module_preset=&#8221;default&#8221; global_colors_info=&#8221;{}&#8221;][et_pb_column type=&#8221;1_3&#8243; _builder_version=&#8221;4.27.5&#8243; _module_preset=&#8221;default&#8221; global_colors_info=&#8221;{}&#8221;][et_pb_button button_text=&#8221;LEASING DE BICICLETAS&#8221; _builder_version=&#8221;4.27.5&#8243; _module_preset=&#8221;default&#8221; global_colors_info=&#8221;{}&#8221;][\/et_pb_button][\/et_pb_column][et_pb_column type=&#8221;1_3&#8243; _builder_version=&#8221;4.27.5&#8243; _module_preset=&#8221;default&#8221; global_colors_info=&#8221;{}&#8221;][et_pb_button button_text=&#8221;FINANCIACI\u00d3N&#8221; _builder_version=&#8221;4.27.5&#8243; _module_preset=&#8221;default&#8221; global_colors_info=&#8221;{}&#8221;][\/et_pb_button][\/et_pb_column][et_pb_column type=&#8221;1_3&#8243; _builder_version=&#8221;4.27.5&#8243; _module_preset=&#8221;default&#8221; global_colors_info=&#8221;{}&#8221;][et_pb_button button_text=&#8221;SEGURO&#8221; _builder_version=&#8221;4.27.5&#8243; _module_preset=&#8221;default&#8221; global_colors_info=&#8221;{}&#8221;][\/et_pb_button][\/et_pb_column][\/et_pb_row][et_pb_row column_structure=&#8221;1_3,1_3,1_3&#8243; _builder_version=&#8221;4.27.5&#8243; _module_preset=&#8221;default&#8221; global_colors_info=&#8221;{}&#8221;][et_pb_column type=&#8221;1_3&#8243; _builder_version=&#8221;4.27.5&#8243; _module_preset=&#8221;default&#8221; global_colors_info=&#8221;{}&#8221;][et_pb_image src=&#8221;https:\/\/gravel-bikes.cc\/wp-content\/uploads\/2026\/01\/1_288d2454-0bc9-470d-a1f9-0fe48105525a.webp&#8221; title_text=&#8221;1_288d2454-0bc9-470d-a1f9-0fe48105525a&#8221; _builder_version=&#8221;4.27.5&#8243; _module_preset=&#8221;default&#8221; global_colors_info=&#8221;{}&#8221;][\/et_pb_image][\/et_pb_column][et_pb_column type=&#8221;1_3&#8243; _builder_version=&#8221;4.27.5&#8243; _module_preset=&#8221;default&#8221; global_colors_info=&#8221;{}&#8221;][et_pb_image src=&#8221;https:\/\/gravel-bikes.cc\/wp-content\/uploads\/2026\/01\/1_288d2454-0bc9-470d-a1f9-0fe48105525a.webp&#8221; title_text=&#8221;1_288d2454-0bc9-470d-a1f9-0fe48105525a&#8221; _builder_version=&#8221;4.27.5&#8243; _module_preset=&#8221;default&#8221; global_colors_info=&#8221;{}&#8221;][\/et_pb_image][\/et_pb_column][et_pb_column type=&#8221;1_3&#8243; _builder_version=&#8221;4.27.5&#8243; _module_preset=&#8221;default&#8221; global_colors_info=&#8221;{}&#8221;][et_pb_image src=&#8221;https:\/\/gravel-bikes.cc\/wp-content\/uploads\/2026\/01\/9d17b8c51b3ddfcc45a85cf697c2fe52.webp&#8221; title_text=&#8221;WINSPACE&#8221; _builder_version=&#8221;4.27.5&#8243; _module_preset=&#8221;default&#8221; global_colors_info=&#8221;{}&#8221;][\/et_pb_image][\/et_pb_column][\/et_pb_row][et_pb_row _builder_version=&#8221;4.16&#8243; background_size=&#8221;initial&#8221; background_position=&#8221;top_left&#8221; background_repeat=&#8221;repeat&#8221; width=&#8221;100%&#8221; global_colors_info=&#8221;{}&#8221;][et_pb_column type=&#8221;4_4&#8243; _builder_version=&#8221;4.16&#8243; custom_padding=&#8221;|||&#8221; global_colors_info=&#8221;{}&#8221; custom_padding__hover=&#8221;|||&#8221;][et_pb_wc_tabs _builder_version=&#8221;4.16&#8243; global_colors_info=&#8221;{}&#8221;] [\/et_pb_wc_tabs][et_pb_wc_upsells _builder_version=&#8221;4.16&#8243; global_colors_info=&#8221;{}&#8221;][\/et_pb_wc_upsells][et_pb_wc_related_products _builder_version=&#8221;4.16&#8243; global_colors_info=&#8221;{}&#8221;][\/et_pb_wc_related_products][\/et_pb_column][\/et_pb_row][\/et_pb_section]<\/p>\n","protected":false},"excerpt":{"rendered":"<div class=\"wpb_column pos-top pos-center align_left column_parent col-lg-6 single-internal-gutter\">\n<div class=\"uncol style-light\">\n<div class=\"uncoltable\">\n<div class=\"uncell no-block-padding\">\n<div class=\"uncont\">\n<div class=\"uncode_text_column text-lead\">\n<div class=\"wpb_column pos-top pos-center align_left column_parent col-lg-6 single-internal-gutter\">\n<div class=\"uncol style-light\">\n<div class=\"uncoltable\">\n<div class=\"uncell no-block-padding\">\n<div class=\"uncont\">\n<div class=\"uncode_text_column text-lead\">\n<section class=\"product__description\">\n<div class=\"wrapper space--top-double space--bottom-double\">\n<div class=\"constrain constrain--medium\">\n<div class=\"product__description__text\">\n<div class=\"product-block\">Construida sobre la innovadora plataforma G3, esta bicicleta de gravel completa combina velocidad aerodin\u00e1mica con confianza en todo tipo de terrenos. Cada detalle, desde el puesto de conducci\u00f3n integrado hasta el juego de ruedas de carbono, est\u00e1 optimizado para un manejo preciso y un rendimiento de nivel de competici\u00f3n. La G3 Complete redefine el gravel moderno con la combinaci\u00f3n perfecta de rigidez, estabilidad y confort.  <\/div>\n<div class=\"product-block product-block--sales-point\">\n<ul class=\"sales-points\">\n<li class=\"sales-point\"><span class=\"icon-and-text\">Cambio electr\u00f3nico de nivel profesional: Shimano GRX Di2 RX825 1\u00d712<\/span><\/li>\n<\/ul>\n<\/div>\n<div class=\"product-block product-block--sales-point\">\n<ul class=\"sales-points\">\n<li class=\"sales-point\"><span class=\"icon-and-text\">Manillar de carbono de una pieza y tija de sill\u00edn aerodin\u00e1mica Winspace integrados<\/span><\/li>\n<\/ul>\n<\/div>\n<div class=\"product-block product-block--sales-point\">\n<ul class=\"sales-points\">\n<li class=\"sales-point\"><span class=\"icon-and-text\">Juego de ruedas L\u00fan Gryper de 35\/45 mm de carbono completo para freno de disco con radios de carbono y neum\u00e1ticos de 700\u00d740C<\/span><\/li>\n<\/ul>\n<\/div>\n<div class=\"product-block product-block--sales-point\">\n<ul class=\"sales-points\">\n<li class=\"sales-point\"><span class=\"icon-and-text\">Dise\u00f1ada para la precisi\u00f3n en la competici\u00f3n y la rigidez de nivel profesional<\/span><\/li>\n<\/ul>\n<\/div>\n<div class=\"product-block product-block--sales-point\">\n<ul class=\"sales-points\">\n<li class=\"sales-point\"><span class=\"icon-and-text\">Ofrece un rendimiento de gravel de \u00e9lite con una capacidad de respuesta similar a la de una bicicleta de carretera<\/span><\/li>\n<\/ul>\n<\/div>\n<\/div>\n<\/div>\n<\/div>\n<\/section>\n<div class=\"product__spacer bg--02\">\n<div class=\"wrapper\">\n<div class=\"constrain constrain--medium\">\n<div class=\"product__spacer__image\"><\/div>\n<\/div>\n<\/div>\n<\/div>\n<\/div>\n<\/div>\n<\/div>\n<\/div>\n<\/div>\n<\/div>\n<div class=\"wpb_column pos-top pos-center align_left column_parent col-lg-6 single-internal-gutter\">\n<div class=\"uncol style-light\">\n<div class=\"uncoltable\">\n<div class=\"uncell no-block-padding\">\n<div class=\"uncont\">\n<div class=\"uncode_text_column text-lead\"><\/div>\n<\/div>\n<\/div>\n<\/div>\n<\/div>\n<\/div>\n<p>&nbsp;<\/p>\n<\/div>\n<\/div>\n<\/div>\n<\/div>\n<\/div>\n<\/div>\n<div class=\"wpb_column pos-top pos-center align_left column_parent col-lg-6 single-internal-gutter\">\n<div class=\"uncol style-light\">\n<div class=\"uncoltable\">\n<div class=\"uncell no-block-padding\">\n<div class=\"uncont\">\n<div class=\"uncode_text_column text-lead\">\n<p data-is-only-node=\"\" data-is-last-node=\"\" data-end=\"1102\" data-start=\"962\">\n<\/div>\n<\/div>\n<\/div>\n<\/div>\n<\/div>\n<\/div>\n","protected":false},"featured_media":5976,"template":"","meta":{"_et_pb_use_builder":"on","_et_pb_old_content":"<div class=\"theme-block\">\r\n<h2>Frame Specs<\/h2>\r\n<\/div>\r\n<div class=\"theme-block\">\r\n<div class=\"rte\">\r\n<div class=\"enlarge-text\">\r\n\r\n<strong>Size:\u00a0<\/strong>XS\/S\/M\/L\/XL (440\/460\/480\/510\/540)\r\n\r\n<strong>Carbon Fiber Grade:\u00a0<\/strong>T700 + T800 + M40\r\n\r\n<strong>Bottom Bracket (BB):\u00a0<\/strong>T47-68\r\n\r\n<strong>Seatpost:\u00a0<\/strong>Aero\r\n\r\n<strong>Brake Type:\u00a0<\/strong>Flat Mount Disc Brake\r\n\r\n<strong>Axle Spacing :\u00a0<\/strong>Front: 100mm, Rear: 142mm\r\n\r\n<strong>Thru-Axle Dimensions:<\/strong>\r\n\r\n<strong>Front:\u00a0<\/strong>M12P1.0114L\r\n\r\n<strong>Rear:\u00a0<\/strong>M12P1.0163L\r\n\r\n<strong>Max Tire Clearance:\u00a0<\/strong>700x50C\r\n\r\n<strong>Headset:<\/strong>\u00a01-1\/2\" \/ 1-1\/2\" (FSA ACR system)\r\n\r\n<strong>Cable Routing:<\/strong>\u00a0Internal\r\n\r\n<strong>Raw Weight (approximate):\u00a0<\/strong>Frame (M size): 950g, Fork: 450g, 360mm Seatpost: 130g\r\n\r\n<strong>Finish:\u00a0<\/strong>UD\r\n\r\n<strong>Derailleur Hanger:\u00a0<\/strong>UDH\r\n\r\n<\/div>\r\n<\/div>\r\n<\/div>","_et_gb_content_width":""},"pwb-brand":[],"product_brand":[633],"product_cat":[332],"product_tag":[370],"class_list":{"0":"post-5966","1":"product","2":"type-product","3":"status-publish","4":"has-post-thumbnail","6":"product_brand-winspace","7":"product_cat-winspace","8":"product_tag-hamburgo","9":"product_shipping_class-piezas-pequenas","11":"first","12":"instock","13":"taxable","14":"shipping-taxable","15":"purchasable","16":"product-type-variable"},"aioseo_notices":[],"brands":[],"_links":{"self":[{"href":"https:\/\/gravel-bikes.cc\/es\/wp-json\/wp\/v2\/product\/5966","targetHints":{"allow":["GET"]}}],"collection":[{"href":"https:\/\/gravel-bikes.cc\/es\/wp-json\/wp\/v2\/product"}],"about":[{"href":"https:\/\/gravel-bikes.cc\/es\/wp-json\/wp\/v2\/types\/product"}],"wp:featuredmedia":[{"embeddable":true,"href":"https:\/\/gravel-bikes.cc\/es\/wp-json\/wp\/v2\/media\/5976"}],"wp:attachment":[{"href":"https:\/\/gravel-bikes.cc\/es\/wp-json\/wp\/v2\/media?parent=5966"}],"wp:term":[{"taxonomy":"pwb-brand","embeddable":true,"href":"https:\/\/gravel-bikes.cc\/es\/wp-json\/wp\/v2\/pwb-brand?post=5966"},{"taxonomy":"product_brand","embeddable":true,"href":"https:\/\/gravel-bikes.cc\/es\/wp-json\/wp\/v2\/product_brand?post=5966"},{"taxonomy":"product_cat","embeddable":true,"href":"https:\/\/gravel-bikes.cc\/es\/wp-json\/wp\/v2\/product_cat?post=5966"},{"taxonomy":"product_tag","embeddable":true,"href":"https:\/\/gravel-bikes.cc\/es\/wp-json\/wp\/v2\/product_tag?post=5966"}],"curies":[{"name":"wp","href":"https:\/\/api.w.org\/{rel}","templated":true}]}}