{"id":6187,"date":"2026-01-23T14:25:51","date_gmt":"2026-01-23T14:25:51","guid":{"rendered":"https:\/\/gravel-bikes.cc\/?post_type=product&#038;p=6187"},"modified":"2026-01-23T14:43:28","modified_gmt":"2026-01-23T14:43:28","slug":"chasis-enve-mog-copy-2","status":"publish","type":"product","link":"https:\/\/gravel-bikes.cc\/es\/produkt\/chasis-enve-mog-copy-2\/","title":{"rendered":"CUADRO ENVE FRAY Blanco Perla"},"content":{"rendered":"<p>[et_pb_section fb_built=&#8221;1&#8243; _builder_version=&#8221;4.27.5&#8243; _module_preset=&#8221;default&#8221; global_colors_info=&#8221;{}&#8221;][et_pb_row _builder_version=&#8221;4.27.5&#8243; _module_preset=&#8221;default&#8221; global_colors_info=&#8221;{}&#8221;][et_pb_column type=&#8221;4_4&#8243; _builder_version=&#8221;4.27.5&#8243; _module_preset=&#8221;default&#8221; global_colors_info=&#8221;{}&#8221;][et_pb_image src=&#8221;https:\/\/gravel-bikes.cc\/wp-content\/uploads\/2025\/12\/ENVE-Fray-Girona-328_7ece174f-b6f1-4f8d-8d8d-b34284398e99.webp&#8221; title_text=&#8221;ENVE-Fray-Girona-328_7ece174f-b6f1-4f8d-8d8d-b34284398e99&#8243; _builder_version=&#8221;4.27.5&#8243; _module_preset=&#8221;default&#8221; global_colors_info=&#8221;{}&#8221;][\/et_pb_image][\/et_pb_column][\/et_pb_row][\/et_pb_section][et_pb_section fb_built=&#8221;1&#8243; _builder_version=&#8221;4.16&#8243; custom_padding=&#8221;0px||||false|false&#8221; global_colors_info=&#8221;{}&#8221;][et_pb_row _builder_version=&#8221;4.16&#8243; background_size=&#8221;initial&#8221; background_position=&#8221;top_left&#8221; background_repeat=&#8221;repeat&#8221; width=&#8221;100%&#8221; custom_padding=&#8221;0px||0px||false|false&#8221; global_colors_info=&#8221;{}&#8221;][et_pb_column type=&#8221;4_4&#8243; _builder_version=&#8221;4.16&#8243; custom_padding=&#8221;|||&#8221; global_colors_info=&#8221;{}&#8221; custom_padding__hover=&#8221;|||&#8221;][et_pb_wc_breadcrumb _builder_version=&#8221;4.16&#8243; global_colors_info=&#8221;{}&#8221;][\/et_pb_wc_breadcrumb][et_pb_wc_cart_notice _builder_version=&#8221;4.16&#8243; global_colors_info=&#8221;{}&#8221;][\/et_pb_wc_cart_notice][\/et_pb_column][\/et_pb_row][et_pb_row column_structure=&#8221;1_2,1_2&#8243; _builder_version=&#8221;4.16&#8243; background_size=&#8221;initial&#8221; background_position=&#8221;top_left&#8221; background_repeat=&#8221;repeat&#8221; width=&#8221;100%&#8221; custom_padding=&#8221;0px||||false|false&#8221; global_colors_info=&#8221;{}&#8221;][et_pb_column type=&#8221;1_2&#8243; _builder_version=&#8221;4.16&#8243; custom_padding=&#8221;|||&#8221; global_colors_info=&#8221;{}&#8221; custom_padding__hover=&#8221;|||&#8221;][et_pb_wc_images _builder_version=&#8221;4.16&#8243; global_colors_info=&#8221;{}&#8221;][\/et_pb_wc_images][et_pb_image title_text=&#8221;enve-frameset-melee-slipstream-pearl (1)&#8221; _builder_version=&#8221;4.27.5&#8243; _module_preset=&#8221;default&#8221; hover_enabled=&#8221;0&#8243; global_colors_info=&#8221;{}&#8221; src=&#8221;https:\/\/gravel-bikes.cc\/wp-content\/uploads\/2026\/01\/enve-frameset-melee-slipstream-pearl-1.jpg&#8221; sticky_enabled=&#8221;0&#8243;][\/et_pb_image][\/et_pb_column][et_pb_column type=&#8221;1_2&#8243; _builder_version=&#8221;4.16&#8243; custom_padding=&#8221;|||&#8221; global_colors_info=&#8221;{}&#8221; custom_padding__hover=&#8221;|||&#8221;][et_pb_wc_title _builder_version=&#8221;4.16&#8243; global_colors_info=&#8221;{}&#8221;][\/et_pb_wc_title][et_pb_wc_rating _builder_version=&#8221;4.16&#8243; global_colors_info=&#8221;{}&#8221;][\/et_pb_wc_rating][et_pb_wc_price _builder_version=&#8221;4.16&#8243; global_colors_info=&#8221;{}&#8221;][\/et_pb_wc_price][et_pb_wc_description _builder_version=&#8221;4.16&#8243; global_colors_info=&#8221;{}&#8221;][\/et_pb_wc_description][et_pb_wc_add_to_cart _builder_version=&#8221;4.16&#8243; global_colors_info=&#8221;{}&#8221;][\/et_pb_wc_add_to_cart][et_pb_wc_meta _builder_version=&#8221;4.16&#8243; global_colors_info=&#8221;{}&#8221;][\/et_pb_wc_meta][\/et_pb_column][\/et_pb_row][et_pb_row column_structure=&#8221;1_3,1_3,1_3&#8243; _builder_version=&#8221;4.27.5&#8243; _module_preset=&#8221;default&#8221; global_colors_info=&#8221;{}&#8221;][et_pb_column type=&#8221;1_3&#8243; _builder_version=&#8221;4.27.5&#8243; _module_preset=&#8221;default&#8221; global_colors_info=&#8221;{}&#8221;][et_pb_button button_text=&#8221;LEASING DE BICICLETAS&#8221; _builder_version=&#8221;4.27.5&#8243; _module_preset=&#8221;default&#8221; global_colors_info=&#8221;{}&#8221;][\/et_pb_button][\/et_pb_column][et_pb_column type=&#8221;1_3&#8243; _builder_version=&#8221;4.27.5&#8243; _module_preset=&#8221;default&#8221; global_colors_info=&#8221;{}&#8221;][et_pb_button button_text=&#8221;FINANCIACI\u00d3N&#8221; _builder_version=&#8221;4.27.5&#8243; _module_preset=&#8221;default&#8221; global_colors_info=&#8221;{}&#8221;][\/et_pb_button][\/et_pb_column][et_pb_column type=&#8221;1_3&#8243; _builder_version=&#8221;4.27.5&#8243; _module_preset=&#8221;default&#8221; global_colors_info=&#8221;{}&#8221;][et_pb_button button_text=&#8221;SEGURO&#8221; _builder_version=&#8221;4.27.5&#8243; _module_preset=&#8221;default&#8221; global_colors_info=&#8221;{}&#8221;][\/et_pb_button][\/et_pb_column][\/et_pb_row][et_pb_row column_structure=&#8221;1_3,1_3,1_3&#8243; _builder_version=&#8221;4.27.5&#8243; _module_preset=&#8221;default&#8221; global_colors_info=&#8221;{}&#8221;][et_pb_column type=&#8221;1_3&#8243; _builder_version=&#8221;4.27.5&#8243; _module_preset=&#8221;default&#8221; global_colors_info=&#8221;{}&#8221;][et_pb_image src=&#8221;https:\/\/gravel-bikes.cc\/wp-content\/uploads\/2025\/12\/ENVE-MY24-Fray_Ash_03_b12b3081-d19e-4c81-9534-60f1b586e86f-1.webp&#8221; title_text=&#8221;ENVE-MY24-Fray_Ash_03_b12b3081-d19e-4c81-9534-60f1b586e86f&#8221; _builder_version=&#8221;4.27.5&#8243; _module_preset=&#8221;default&#8221; hover_enabled=&#8221;0&#8243; global_colors_info=&#8221;{}&#8221; sticky_enabled=&#8221;0&#8243;][\/et_pb_image][\/et_pb_column][et_pb_column type=&#8221;1_3&#8243; _builder_version=&#8221;4.27.5&#8243; _module_preset=&#8221;default&#8221; global_colors_info=&#8221;{}&#8221;][et_pb_image src=&#8221;https:\/\/gravel-bikes.cc\/wp-content\/uploads\/2025\/12\/ENVE-Fray-Girona-435-1.webp&#8221; title_text=&#8221;ENVE-Fray-Girona-435&#8243; _builder_version=&#8221;4.27.5&#8243; _module_preset=&#8221;default&#8221; global_colors_info=&#8221;{}&#8221;][\/et_pb_image][\/et_pb_column][et_pb_column type=&#8221;1_3&#8243; _builder_version=&#8221;4.27.5&#8243; _module_preset=&#8221;default&#8221; global_colors_info=&#8221;{}&#8221;][et_pb_image src=&#8221;https:\/\/gravel-bikes.cc\/wp-content\/uploads\/2025\/12\/ENVE-Fray-Girona-328_7ece174f-b6f1-4f8d-8d8d-b34284398e99.webp&#8221; title_text=&#8221;ENVE-Fray-Girona-328_7ece174f-b6f1-4f8d-8d8d-b34284398e99&#8243; _builder_version=&#8221;4.27.5&#8243; _module_preset=&#8221;default&#8221; global_colors_info=&#8221;{}&#8221;][\/et_pb_image][\/et_pb_column][\/et_pb_row][et_pb_row _builder_version=&#8221;4.16&#8243; background_size=&#8221;initial&#8221; background_position=&#8221;top_left&#8221; background_repeat=&#8221;repeat&#8221; width=&#8221;100%&#8221; global_colors_info=&#8221;{}&#8221;][et_pb_column type=&#8221;4_4&#8243; _builder_version=&#8221;4.16&#8243; custom_padding=&#8221;|||&#8221; global_colors_info=&#8221;{}&#8221; custom_padding__hover=&#8221;|||&#8221;][et_pb_wc_tabs _builder_version=&#8221;4.16&#8243; global_colors_info=&#8221;{}&#8221;] [\/et_pb_wc_tabs][et_pb_wc_upsells _builder_version=&#8221;4.16&#8243; global_colors_info=&#8221;{}&#8221;][\/et_pb_wc_upsells][et_pb_wc_related_products _builder_version=&#8221;4.16&#8243; global_colors_info=&#8221;{}&#8221;][\/et_pb_wc_related_products][\/et_pb_column][\/et_pb_row][\/et_pb_section]<\/p>\n","protected":false},"excerpt":{"rendered":"<div class=\"product-block product-block--header\">\n<h1 class=\"h2 product-single__title\">Fray<\/h1>\n<\/div>\n<div data-product-blocks=\"\">\n<div id=\"shopify-block-AbGNXaE1EN043Z2hhZ__745ea951-9336-4fac-84af-7ab4e434479e\" class=\"shopify-block shopify-app-block\"><\/div>\n<div class=\"product-block\">\n<div class=\"rte\">\n<div class=\"x_x_elementToProof\" data-olk-copy-source=\"MessageBody\">Un kit de cuadro ENVE es m\u00e1s que un punto de partida, es la base de una bicicleta construida con intenci\u00f3n. Al ofrecer la Fray como kit de cuadro, ENVE te permite crear una bicicleta que refleje tus prioridades de conducci\u00f3n, tu ajuste personal y tus est\u00e1ndares inflexibles. Con una amplia selecci\u00f3n de modelos de manillar, junto con opciones personalizadas para las dimensiones del manillar, la longitud de la potencia y el retroceso de la tija del sill\u00edn, cada detalle de tu puesto de conducci\u00f3n es tuyo para definirlo.  <\/div>\n<div class=\"x_x_elementToProof\" data-olk-copy-source=\"MessageBody\"><\/div>\n<div class=\"x_x_elementToProof\">Para obtener orientaci\u00f3n sobre el ajuste, consulta a tu distribuidor ENVE de confianza o a un ajustador de bicicletas profesional, y explora la calculadora ENVE Best-Fit para lograr una configuraci\u00f3n de chasis tan precisa como personal.<\/div>\n<\/div>\n<\/div>\n<\/div>\n<div class=\"product-block product-block--header\"><\/div>\n<div data-product-blocks=\"\">\n<div class=\"product-block\">\n<div class=\"rte\">\n<div class=\"x_x_elementToProof\"><\/div>\n<\/div>\n<\/div>\n<\/div>\n","protected":false},"featured_media":6217,"template":"","meta":{"_et_pb_use_builder":"on","_et_pb_old_content":"<table width=\"723\">\n<tbody>\n<tr>\n<td width=\"263\"><strong>Material del cuadro<\/strong><\/td>\n<td width=\"460\">Carbono ENVE M.O.D, eje pasante de 12x142, disco de montaje plano, pedalier roscado &47, cableado interno, compatible con guardabarros<\/td>\n<\/tr>\n<tr>\n<td width=\"263\"><strong>Material de la horquilla<\/strong><\/td>\n<td width=\"460\">Carbono ENVE M.O.D, eje pasante de 12x100, disco de montaje plano, cableado interno, compatible con guardabarros<\/td>\n<\/tr>\n<tr>\n<td width=\"263\"><strong>Uso recomendado<\/strong><\/td>\n<td width=\"460\">Todo terreno\/Resistencia\/Superficie mixta\/Sportif\/Fondo<\/td>\n<\/tr>\n<tr>\n<td width=\"263\"><strong>Tallas (cm)<\/strong><\/td>\n<td width=\"460\">47, 50, 52, 54, 56, 58, 60<\/td>\n<\/tr>\n<tr>\n<td width=\"263\"><strong>Avance de la horquilla<\/strong><\/td>\n<td width=\"460\">55, 51, 47, 43<\/td>\n<\/tr>\n<tr>\n<td rowspan=\"2\" width=\"263\"><strong>Talla del cuadro\/Avance de la horquilla<\/strong><\/td>\n<td width=\"460\">47 cm\/55, 50 cm\/55, 52 cm\/51, 54 cm\/51,<\/td>\n<\/tr>\n<tr>\n<td width=\"460\">56 cm\/47, 58 cm\/47, 60 cm\/43<\/td>\n<\/tr>\n<tr>\n<td width=\"263\"><strong>Peso del cuadro<\/strong><\/td>\n<td width=\"460\">900 g +\/- 2 % (talla 56, pintado, sin componentes)<\/td>\n<\/tr>\n<tr>\n<td width=\"263\"><strong>Direcci\u00f3n<\/strong><\/td>\n<td width=\"460\">ENVE Integrated IS52\/IS52 Internal Drop-In<\/td>\n<\/tr>\n<tr>\n<td width=\"263\"><strong>Direcci\u00f3n<\/strong> <strong>Rodamiento<\/strong><\/td>\n<td width=\"460\">1,5\u2033 IS52 superior e inferior<\/td>\n<\/tr>\n<tr>\n<td width=\"263\"><strong>Di\u00e1metro de la tija del sill\u00edn<\/strong><\/td>\n<td width=\"460\">ENVE Aero<\/td>\n<\/tr>\n<tr>\n<td width=\"263\"><strong>Tipo de pedalier<\/strong><\/td>\n<td width=\"460\">T47 Inboard Bearing<\/td>\n<\/tr>\n<tr>\n<td width=\"263\"><strong>Montaje del freno<\/strong><\/td>\n<td width=\"460\">Montaje plano<\/td>\n<\/tr>\n<tr>\n<td width=\"263\"><strong>Eje delantero<\/strong><\/td>\n<td width=\"460\">12\u00d7100 (longitud total: 122, TP:1,5, TL:15)<\/td>\n<\/tr>\n<tr>\n<td width=\"263\"><strong>Eje trasero<\/strong><\/td>\n<td width=\"460\">12\u00d7142 (longitud total: 168, TP:1,0, TL:14)<\/td>\n<\/tr>\n<tr>\n<td width=\"263\"><strong>Tama\u00f1o m\u00ednimo de neum\u00e1tico<\/strong><\/td>\n<td width=\"460\">27 mm<\/td>\n<\/tr>\n<tr>\n<td width=\"263\"><strong>Tama\u00f1o \u00f3ptimo de neum\u00e1tico<\/strong><\/td>\n<td width=\"460\">31 mm - 35 mm<\/td>\n<\/tr>\n<tr>\n<td width=\"263\"><strong>Holgura m\u00e1xima de neum\u00e1tico indicada 1x<\/strong><\/td>\n<td width=\"460\">40 mm<\/td>\n<\/tr>\n<tr>\n<td width=\"263\"><strong>Holgura m\u00e1xima de neum\u00e1tico indicada 2x<\/strong><\/td>\n<td width=\"460\">38 mm<\/td>\n<\/tr>\n<tr>\n<td width=\"263\"><strong>Almacenamiento en el cuadro<\/strong><\/td>\n<td width=\"460\">S\u00ed (2 bolsas de almacenamiento incluidas: 18,22 cm c\u00fabicos cada una)<\/td>\n<\/tr>\n<tr>\n<td width=\"263\"><strong>Cuadro<\/strong> <strong>Cableado<\/strong><\/td>\n<td width=\"460\">Interno<\/td>\n<\/tr>\n<tr>\n<td width=\"263\"><strong>Capacidad del portabid\u00f3n<\/strong><\/td>\n<td width=\"460\">3<\/td>\n<\/tr>\n<tr>\n<td width=\"263\"><strong>Soportes del tubo superior<\/strong><\/td>\n<td width=\"460\">S\u00ed<\/td>\n<\/tr>\n<tr>\n<td width=\"263\"><strong>Compatible con guardabarros<\/strong><\/td>\n<td width=\"460\">S\u00ed<\/td>\n<\/tr>\n<tr>\n<td width=\"263\"><strong>Tama\u00f1o de la rueda<\/strong><\/td>\n<td width=\"460\">700c<\/td>\n<\/tr>\n<\/tbody>\n<\/table>","_et_gb_content_width":""},"pwb-brand":[],"product_brand":[],"product_cat":[521,368],"product_tag":[369,370],"class_list":{"0":"post-6187","1":"product","2":"type-product","3":"status-publish","4":"has-post-thumbnail","6":"product_cat-cuadros","7":"product_cat-enve-fray","8":"product_tag-enve-fray","9":"product_tag-hamburgo","10":"product_shipping_class-bicicleta","12":"first","13":"instock","14":"taxable","15":"shipping-taxable","16":"purchasable","17":"product-type-variable"},"aioseo_notices":[],"brands":[],"_links":{"self":[{"href":"https:\/\/gravel-bikes.cc\/es\/wp-json\/wp\/v2\/product\/6187","targetHints":{"allow":["GET"]}}],"collection":[{"href":"https:\/\/gravel-bikes.cc\/es\/wp-json\/wp\/v2\/product"}],"about":[{"href":"https:\/\/gravel-bikes.cc\/es\/wp-json\/wp\/v2\/types\/product"}],"wp:featuredmedia":[{"embeddable":true,"href":"https:\/\/gravel-bikes.cc\/es\/wp-json\/wp\/v2\/media\/6217"}],"wp:attachment":[{"href":"https:\/\/gravel-bikes.cc\/es\/wp-json\/wp\/v2\/media?parent=6187"}],"wp:term":[{"taxonomy":"pwb-brand","embeddable":true,"href":"https:\/\/gravel-bikes.cc\/es\/wp-json\/wp\/v2\/pwb-brand?post=6187"},{"taxonomy":"product_brand","embeddable":true,"href":"https:\/\/gravel-bikes.cc\/es\/wp-json\/wp\/v2\/product_brand?post=6187"},{"taxonomy":"product_cat","embeddable":true,"href":"https:\/\/gravel-bikes.cc\/es\/wp-json\/wp\/v2\/product_cat?post=6187"},{"taxonomy":"product_tag","embeddable":true,"href":"https:\/\/gravel-bikes.cc\/es\/wp-json\/wp\/v2\/product_tag?post=6187"}],"curies":[{"name":"wp","href":"https:\/\/api.w.org\/{rel}","templated":true}]}}