{"id":6542,"date":"2026-01-25T14:56:59","date_gmt":"2026-01-25T14:56:59","guid":{"rendered":"https:\/\/gravel-bikes.cc\/produkt\/biela-rotor-power-in\/"},"modified":"2026-01-25T14:56:59","modified_gmt":"2026-01-25T14:56:59","slug":"biela-rotor-power-in","status":"publish","type":"product","link":"https:\/\/gravel-bikes.cc\/es\/produkt\/biela-rotor-power-in\/","title":{"rendered":"Biela ROTOR POWER IN"},"content":{"rendered":"<h3>Detalles del producto<\/h3>\n<table class=\"table table-striped table-responsive\">\n<tbody>\n<tr>\n<td class=\"\">Fijaci\u00f3n<\/td>\n<td id=\"wert_1030652\">\n<ul class=\"list-unstyled\">\n<li>Montaje directo<\/li>\n<\/ul>\n<\/td>\n<\/tr>\n<tr>\n<td class=\"\">Longitudes de biela disponibles<\/td>\n<td id=\"wert_1031070\">\n<ul class=\"list-unstyled\">\n<li>165 mm<\/li>\n<li>170 mm<\/li>\n<li>175 mm<\/li>\n<\/ul>\n<\/td>\n<\/tr>\n<tr>\n<td class=\"\">Resistencia al agua<\/td>\n<td id=\"wert_21\">\n<ul class=\"list-unstyled\">\n<li>IP67<\/li>\n<\/ul>\n<\/td>\n<\/tr>\n<tr>\n<td class=\"\">Precisi\u00f3n de la medici\u00f3n<\/td>\n<td id=\"wert_1031166\">+\/- 1,5 %<\/td>\n<\/tr>\n<tr>\n<td class=\"\">Medici\u00f3n de la cadencia<\/td>\n<td id=\"wert_1031175\">\n<ul class=\"list-unstyled\">\n<li>Aceler\u00f3metro<\/li>\n<\/ul>\n<\/td>\n<\/tr>\n<tr>\n<td class=\"\">Bater\u00eda\/pila incluida<\/td>\n<td id=\"wert_1027552\">\n<ul class=\"list-unstyled\">\n<li>S\u00ed<\/li>\n<\/ul>\n<\/td>\n<\/tr>\n<tr>\n<td class=\"\">Duraci\u00f3n de la bater\u00eda\/pila<\/td>\n<td id=\"wert_53\">300 h<\/td>\n<\/tr>\n<tr>\n<td class=\"\">Embalaje<\/td>\n<td id=\"wert_1012172\">\n<ul class=\"list-unstyled\">\n<li>Embalaje de venta al por menor<\/li>\n<\/ul>\n<\/td>\n<\/tr>\n<\/tbody>\n<\/table>\n","protected":false},"excerpt":{"rendered":"<p>Detalles del producto Fijaci\u00f3n Montaje directo Longitudes de biela disponibles 165 mm 170 mm 175 mm Resistencia al agua IP67 Precisi\u00f3n de la medici\u00f3n +\/- 1,5 % Medici\u00f3n de la cadencia Aceler\u00f3metro Bater\u00eda\/pila incluida S\u00ed Duraci\u00f3n de la bater\u00eda\/pila 300 h Embalaje Embalaje de venta al por menor<\/p>\n","protected":false},"featured_media":6543,"template":"","meta":{"_et_pb_use_builder":"","_et_pb_old_content":"","_et_gb_content_width":"","om_disable_all_campaigns":false,"_monsterinsights_skip_tracking":false,"_monsterinsights_sitenote_active":false,"_monsterinsights_sitenote_note":"","_monsterinsights_sitenote_category":0},"pwb-brand":[],"product_brand":[656],"product_cat":[659,660],"product_tag":[],"class_list":{"0":"post-6542","1":"product","2":"type-product","3":"status-publish","4":"has-post-thumbnail","6":"product_brand-rotor","7":"product_cat-medidores-de-potencia","8":"product_cat-rotor","9":"product_shipping_class-piezas-pequenas","11":"first","12":"instock","13":"taxable","14":"shipping-taxable","15":"purchasable","16":"product-type-simple"},"aioseo_notices":[],"brands":[],"_links":{"self":[{"href":"https:\/\/gravel-bikes.cc\/es\/wp-json\/wp\/v2\/product\/6542","targetHints":{"allow":["GET"]}}],"collection":[{"href":"https:\/\/gravel-bikes.cc\/es\/wp-json\/wp\/v2\/product"}],"about":[{"href":"https:\/\/gravel-bikes.cc\/es\/wp-json\/wp\/v2\/types\/product"}],"wp:featuredmedia":[{"embeddable":true,"href":"https:\/\/gravel-bikes.cc\/es\/wp-json\/wp\/v2\/media\/6543"}],"wp:attachment":[{"href":"https:\/\/gravel-bikes.cc\/es\/wp-json\/wp\/v2\/media?parent=6542"}],"wp:term":[{"taxonomy":"pwb-brand","embeddable":true,"href":"https:\/\/gravel-bikes.cc\/es\/wp-json\/wp\/v2\/pwb-brand?post=6542"},{"taxonomy":"product_brand","embeddable":true,"href":"https:\/\/gravel-bikes.cc\/es\/wp-json\/wp\/v2\/product_brand?post=6542"},{"taxonomy":"product_cat","embeddable":true,"href":"https:\/\/gravel-bikes.cc\/es\/wp-json\/wp\/v2\/product_cat?post=6542"},{"taxonomy":"product_tag","embeddable":true,"href":"https:\/\/gravel-bikes.cc\/es\/wp-json\/wp\/v2\/product_tag?post=6542"}],"curies":[{"name":"wp","href":"https:\/\/api.w.org\/{rel}","templated":true}]}}