{"id":6753,"date":"2026-02-01T10:49:17","date_gmt":"2026-02-01T10:49:17","guid":{"rendered":"https:\/\/gravel-bikes.cc\/?post_type=product&#038;p=6753"},"modified":"2026-02-03T09:44:12","modified_gmt":"2026-02-03T09:44:12","slug":"shimano-ultegra-11-velocidades-desgaste-copy","status":"publish","type":"product","link":"https:\/\/gravel-bikes.cc\/es\/produkt\/shimano-ultegra-11-velocidades-desgaste-copy\/","title":{"rendered":"Desgaste Shimano 105 de 11 velocidades"},"content":{"rendered":"<h2 class=\"product-detail-description__title\">Juego de desgaste Shimano 105 de 11 velocidades &#8211; Cassette CS-R7000 + Cadena CN-HG601<\/h2>\n<div class=\"product-detail-description__content\">\n<div class=\"cms-content\">\n<h4>\u00a1Renueva tu transmisi\u00f3n!<\/h4>\n<p>Este kit de desgaste te ofrece un paquete completo y fiable para cambiar el cassette y la cadena Shimano 105 de 11 velocidades.<\/p>\n<h3>Cassette Shimano 105 CS-R7000<\/h3>\n<p>El cassette <strong>Shimano CS-R7000<\/strong> ofrece una gama ampliada de combinaciones de marchas orientadas al rendimiento. Estas tienen peque\u00f1os saltos de marcha para optimizar la cadencia y, por tanto, el ritmo de pedaleo. <\/p>\n<p><span class=\"text-bold\">Nota: El cassette con la graduaci\u00f3n 11-32 solo es compatible con cambios traseros Shimano con caja mediana o larga.<\/span><\/p>\n<h3><strong><span class=\"text-bold\">Cadena Shimano CN-HG601 de 11 velocidades &#8211; con Quick Link<\/span><\/strong><\/h3>\n<p>Cadena Shimano para sistemas de cambio de 11 velocidades. Con revestimiento SIL-TEC para valores de fricci\u00f3n m\u00ednimos y m\u00e1xima durabilidad en todas las condiciones. Incluye cierre de cadena SM-CN900 Quick Link. 116 eslabones.    <\/p>\n<p>Volumen de suministro: 1x cassette, 1x cadena<\/p>\n<\/div>\n<\/div>\n","protected":false},"excerpt":{"rendered":"<p>Juego de desgaste Shimano 105 de 11 velocidades &#8211; Cassette CS-R7000 + Cadena CN-HG601 \u00a1Renueva tu transmisi\u00f3n! Este kit de desgaste te ofrece un paquete completo y fiable para cambiar el cassette y la cadena Shimano 105 de 11 velocidades. Cassette Shimano 105 CS-R7000 El cassette Shimano CS-R7000 ofrece una gama ampliada de combinaciones de [&hellip;]<\/p>\n","protected":false},"featured_media":7060,"template":"","meta":{"_et_pb_use_builder":"","_et_pb_old_content":"","_et_gb_content_width":""},"pwb-brand":[],"product_brand":[],"product_cat":[574,451],"product_tag":[],"class_list":{"0":"post-6753","1":"product","2":"type-product","3":"status-publish","4":"has-post-thumbnail","6":"product_cat-cadenas-y-cassettes","7":"product_cat-sin-categorizar","9":"first","10":"instock","11":"taxable","12":"shipping-taxable","13":"product-type-variable"},"aioseo_notices":[],"brands":[],"_links":{"self":[{"href":"https:\/\/gravel-bikes.cc\/es\/wp-json\/wp\/v2\/product\/6753","targetHints":{"allow":["GET"]}}],"collection":[{"href":"https:\/\/gravel-bikes.cc\/es\/wp-json\/wp\/v2\/product"}],"about":[{"href":"https:\/\/gravel-bikes.cc\/es\/wp-json\/wp\/v2\/types\/product"}],"wp:featuredmedia":[{"embeddable":true,"href":"https:\/\/gravel-bikes.cc\/es\/wp-json\/wp\/v2\/media\/7060"}],"wp:attachment":[{"href":"https:\/\/gravel-bikes.cc\/es\/wp-json\/wp\/v2\/media?parent=6753"}],"wp:term":[{"taxonomy":"pwb-brand","embeddable":true,"href":"https:\/\/gravel-bikes.cc\/es\/wp-json\/wp\/v2\/pwb-brand?post=6753"},{"taxonomy":"product_brand","embeddable":true,"href":"https:\/\/gravel-bikes.cc\/es\/wp-json\/wp\/v2\/product_brand?post=6753"},{"taxonomy":"product_cat","embeddable":true,"href":"https:\/\/gravel-bikes.cc\/es\/wp-json\/wp\/v2\/product_cat?post=6753"},{"taxonomy":"product_tag","embeddable":true,"href":"https:\/\/gravel-bikes.cc\/es\/wp-json\/wp\/v2\/product_tag?post=6753"}],"curies":[{"name":"wp","href":"https:\/\/api.w.org\/{rel}","templated":true}]}}