{"id":6759,"date":"2026-02-01T10:49:42","date_gmt":"2026-02-01T10:49:42","guid":{"rendered":"https:\/\/gravel-bikes.cc\/?post_type=product&#038;p=6759"},"modified":"2026-02-03T09:40:17","modified_gmt":"2026-02-03T09:40:17","slug":"shimano-ultegra-11-velocidades-desgaste-copy-copy","status":"publish","type":"product","link":"https:\/\/gravel-bikes.cc\/es\/produkt\/shimano-ultegra-11-velocidades-desgaste-copy-copy\/","title":{"rendered":"Shimano Deore XT 11 velocidades Desgaste"},"content":{"rendered":"<h3>Cassette Shimano Deore XT CS-M8000<\/h3>\n<p>Los nuevos sistemas de transmisi\u00f3n M8000 de 2&#215;11 y 3&#215;11 ampl\u00edan el rango a la vez que mantienen un ritmo a\u00fan mejor cuando se combinan con un cassette de 11-40D inspirado en XTR (CS-M8000) para un control de cadencia optimizado.<\/p>\n<p>Una adici\u00f3n interesante para DEORE XT M8000 es un cassette de 11-42D espec\u00edfico para 1&#215;11 (CS-M8000) con perfil de diente espec\u00edfico HG-X11 para proporcionar el rango de cassette m\u00e1s amplio que Shimano haya producido jam\u00e1s.<\/p>\n<p>&nbsp;<\/p>\n<h3>Cadena Shimano CN-HG701 de 11 velocidades &#8211; con Quick Link<\/h3>\n<p>Cadena Shimano de 11 velocidades con superficie SIL-TEC. Tambi\u00e9n apta para bicicletas el\u00e9ctricas. Incluye Quick Link SM-CN900. 126 eslabones.    <\/p>\n<p>Sil-Tec, una tecnolog\u00eda avanzada de revestimiento de superficies para aumentar tanto el rendimiento como la durabilidad. A\u00f1ade un tratamiento de superficie de baja fricci\u00f3n que funciona de forma m\u00e1s suave y dura m\u00e1s. <\/p>\n","protected":false},"excerpt":{"rendered":"<p>Cassette Shimano Deore XT CS-M8000 Los nuevos sistemas de transmisi\u00f3n M8000 de 2&#215;11 y 3&#215;11 ampl\u00edan el rango a la vez que mantienen un ritmo a\u00fan mejor cuando se combinan con un cassette de 11-40D inspirado en XTR (CS-M8000) para un control de cadencia optimizado. Una adici\u00f3n interesante para DEORE XT M8000 es un cassette [&hellip;]<\/p>\n","protected":false},"featured_media":7054,"template":"","meta":{"_et_pb_use_builder":"","_et_pb_old_content":"","_et_gb_content_width":""},"pwb-brand":[],"product_brand":[],"product_cat":[574,451],"product_tag":[],"class_list":{"0":"post-6759","1":"product","2":"type-product","3":"status-publish","4":"has-post-thumbnail","6":"product_cat-cadenas-y-cassettes","7":"product_cat-sin-categorizar","9":"first","10":"instock","11":"sale","12":"taxable","13":"shipping-taxable","14":"purchasable","15":"product-type-variable"},"aioseo_notices":[],"brands":[],"_links":{"self":[{"href":"https:\/\/gravel-bikes.cc\/es\/wp-json\/wp\/v2\/product\/6759","targetHints":{"allow":["GET"]}}],"collection":[{"href":"https:\/\/gravel-bikes.cc\/es\/wp-json\/wp\/v2\/product"}],"about":[{"href":"https:\/\/gravel-bikes.cc\/es\/wp-json\/wp\/v2\/types\/product"}],"wp:featuredmedia":[{"embeddable":true,"href":"https:\/\/gravel-bikes.cc\/es\/wp-json\/wp\/v2\/media\/7054"}],"wp:attachment":[{"href":"https:\/\/gravel-bikes.cc\/es\/wp-json\/wp\/v2\/media?parent=6759"}],"wp:term":[{"taxonomy":"pwb-brand","embeddable":true,"href":"https:\/\/gravel-bikes.cc\/es\/wp-json\/wp\/v2\/pwb-brand?post=6759"},{"taxonomy":"product_brand","embeddable":true,"href":"https:\/\/gravel-bikes.cc\/es\/wp-json\/wp\/v2\/product_brand?post=6759"},{"taxonomy":"product_cat","embeddable":true,"href":"https:\/\/gravel-bikes.cc\/es\/wp-json\/wp\/v2\/product_cat?post=6759"},{"taxonomy":"product_tag","embeddable":true,"href":"https:\/\/gravel-bikes.cc\/es\/wp-json\/wp\/v2\/product_tag?post=6759"}],"curies":[{"name":"wp","href":"https:\/\/api.w.org\/{rel}","templated":true}]}}