{"id":6906,"date":"2026-02-01T12:05:04","date_gmt":"2026-02-01T12:05:04","guid":{"rendered":"https:\/\/gravel-bikes.cc\/?post_type=product&#038;p=6906"},"modified":"2026-02-03T10:18:08","modified_gmt":"2026-02-03T10:18:08","slug":"calentadores-de-piernas-fingerscrossed-azules-copy","status":"publish","type":"product","link":"https:\/\/gravel-bikes.cc\/es\/produkt\/calentadores-de-piernas-fingerscrossed-azules-copy\/","title":{"rendered":"CALENTADORES DE PIERNAS FINGERSCROSSED NEGROS"},"content":{"rendered":"<p>Fabricados con un tejido Roubaix el\u00e1stico, los calentadores de piernas son el complemento ideal para aprovechar al m\u00e1ximo tu equipaci\u00f3n de verano o prepararte para las condiciones clim\u00e1ticas cambiantes. Los extremos cortados con l\u00e1ser, las costuras selladas y los agarres de culote de silicona garantizan un ajuste excelente y elegante. La forma anat\u00f3mica asegura una comodidad perfecta durante todo el d\u00eda.  <\/p>\n","protected":false},"excerpt":{"rendered":"<p>Fabricados con un tejido Roubaix el\u00e1stico, los calentadores de piernas son el complemento ideal para aprovechar al m\u00e1ximo tu equipaci\u00f3n de verano o prepararte para las condiciones clim\u00e1ticas cambiantes. Los extremos cortados con l\u00e1ser, las costuras selladas y los agarres de culote de silicona garantizan un ajuste excelente y elegante. La forma anat\u00f3mica asegura una [&hellip;]<\/p>\n","protected":false},"featured_media":7095,"template":"","meta":{"_et_pb_use_builder":"","_et_pb_old_content":"","_et_gb_content_width":""},"pwb-brand":[],"product_brand":[],"product_cat":[504,287],"product_tag":[],"class_list":{"0":"post-6906","1":"product","2":"type-product","3":"status-publish","4":"has-post-thumbnail","6":"product_cat-fingerscrossed","7":"product_cat-ropa","9":"first","10":"instock","11":"sale","12":"taxable","13":"shipping-taxable","14":"purchasable","15":"product-type-variable"},"aioseo_notices":[],"brands":[],"_links":{"self":[{"href":"https:\/\/gravel-bikes.cc\/es\/wp-json\/wp\/v2\/product\/6906","targetHints":{"allow":["GET"]}}],"collection":[{"href":"https:\/\/gravel-bikes.cc\/es\/wp-json\/wp\/v2\/product"}],"about":[{"href":"https:\/\/gravel-bikes.cc\/es\/wp-json\/wp\/v2\/types\/product"}],"wp:featuredmedia":[{"embeddable":true,"href":"https:\/\/gravel-bikes.cc\/es\/wp-json\/wp\/v2\/media\/7095"}],"wp:attachment":[{"href":"https:\/\/gravel-bikes.cc\/es\/wp-json\/wp\/v2\/media?parent=6906"}],"wp:term":[{"taxonomy":"pwb-brand","embeddable":true,"href":"https:\/\/gravel-bikes.cc\/es\/wp-json\/wp\/v2\/pwb-brand?post=6906"},{"taxonomy":"product_brand","embeddable":true,"href":"https:\/\/gravel-bikes.cc\/es\/wp-json\/wp\/v2\/product_brand?post=6906"},{"taxonomy":"product_cat","embeddable":true,"href":"https:\/\/gravel-bikes.cc\/es\/wp-json\/wp\/v2\/product_cat?post=6906"},{"taxonomy":"product_tag","embeddable":true,"href":"https:\/\/gravel-bikes.cc\/es\/wp-json\/wp\/v2\/product_tag?post=6906"}],"curies":[{"name":"wp","href":"https:\/\/api.w.org\/{rel}","templated":true}]}}