{"id":6920,"date":"2026-02-01T12:08:33","date_gmt":"2026-02-01T12:08:33","guid":{"rendered":"https:\/\/gravel-bikes.cc\/?post_type=product&#038;p=6920"},"modified":"2026-02-03T10:25:48","modified_gmt":"2026-02-03T10:25:48","slug":"calcetines-fingerscrossed-classic-indigo-copy","status":"publish","type":"product","link":"https:\/\/gravel-bikes.cc\/es\/produkt\/calcetines-fingerscrossed-classic-indigo-copy\/","title":{"rendered":"CALCETINES FINGERSCROSSED &#8211; Celeste Cl\u00e1sico"},"content":{"rendered":"<p>El calcet\u00edn con el que empez\u00f3 todo. Nuestra oferta de carretera ha sido probada y testada durante a\u00f1os y ahora es la base para la mayor\u00eda de nuestros estilos de temporada, as\u00ed como para los b\u00e1sicos como la colecci\u00f3n Classics. El hilo PROLEN ofrece el mejor rendimiento posible combinado con un ajuste c\u00f3modo que se mantiene en su sitio incluso despu\u00e9s de horas de uso. El tal\u00f3n y los dedos est\u00e1n triplemente reforzados para garantizar la comodidad y una larga durabilidad. La zona del pie est\u00e1 construida con una malla ligera para garantizar la transpirabilidad.    <\/p>\n","protected":false},"excerpt":{"rendered":"<p>El calcet\u00edn con el que empez\u00f3 todo. Nuestra oferta de carretera ha sido probada y testada durante a\u00f1os y ahora es la base para la mayor\u00eda de nuestros estilos de temporada, as\u00ed como para los b\u00e1sicos como la colecci\u00f3n Classics. El hilo PROLEN ofrece el mejor rendimiento posible combinado con un ajuste c\u00f3modo que se [&hellip;]<\/p>\n","protected":false},"featured_media":7100,"template":"","meta":{"_et_pb_use_builder":"","_et_pb_old_content":"","_et_gb_content_width":""},"pwb-brand":[],"product_brand":[],"product_cat":[504,287],"product_tag":[],"class_list":{"0":"post-6920","1":"product","2":"type-product","3":"status-publish","4":"has-post-thumbnail","6":"product_cat-fingerscrossed","7":"product_cat-ropa","9":"first","10":"instock","11":"taxable","12":"shipping-taxable","13":"purchasable","14":"product-type-variable"},"aioseo_notices":[],"brands":[],"_links":{"self":[{"href":"https:\/\/gravel-bikes.cc\/es\/wp-json\/wp\/v2\/product\/6920","targetHints":{"allow":["GET"]}}],"collection":[{"href":"https:\/\/gravel-bikes.cc\/es\/wp-json\/wp\/v2\/product"}],"about":[{"href":"https:\/\/gravel-bikes.cc\/es\/wp-json\/wp\/v2\/types\/product"}],"wp:featuredmedia":[{"embeddable":true,"href":"https:\/\/gravel-bikes.cc\/es\/wp-json\/wp\/v2\/media\/7100"}],"wp:attachment":[{"href":"https:\/\/gravel-bikes.cc\/es\/wp-json\/wp\/v2\/media?parent=6920"}],"wp:term":[{"taxonomy":"pwb-brand","embeddable":true,"href":"https:\/\/gravel-bikes.cc\/es\/wp-json\/wp\/v2\/pwb-brand?post=6920"},{"taxonomy":"product_brand","embeddable":true,"href":"https:\/\/gravel-bikes.cc\/es\/wp-json\/wp\/v2\/product_brand?post=6920"},{"taxonomy":"product_cat","embeddable":true,"href":"https:\/\/gravel-bikes.cc\/es\/wp-json\/wp\/v2\/product_cat?post=6920"},{"taxonomy":"product_tag","embeddable":true,"href":"https:\/\/gravel-bikes.cc\/es\/wp-json\/wp\/v2\/product_tag?post=6920"}],"curies":[{"name":"wp","href":"https:\/\/api.w.org\/{rel}","templated":true}]}}