{"id":7031,"date":"2026-02-01T13:49:17","date_gmt":"2026-02-01T13:49:17","guid":{"rendered":"https:\/\/gravel-bikes.cc\/produkt\/soporte-de-bateria-3t-di2\/"},"modified":"2026-02-01T13:49:56","modified_gmt":"2026-02-01T13:49:56","slug":"soporte-de-bateria-3t-di2","status":"publish","type":"product","link":"https:\/\/gravel-bikes.cc\/es\/produkt\/soporte-de-bateria-3t-di2\/","title":{"rendered":"Soporte de bater\u00eda 3T di2"},"content":{"rendered":"<p>Soporte de bater\u00eda 3T Strada &#8211; Tija de sill\u00edn Charlie<\/p>\n","protected":false},"excerpt":{"rendered":"<p>Soporte de bater\u00eda 3T Strada &#8211; Tija de sill\u00edn Charlie<\/p>\n","protected":false},"featured_media":7032,"template":"","meta":{"_et_pb_use_builder":"","_et_pb_old_content":"","_et_gb_content_width":"","om_disable_all_campaigns":false,"_monsterinsights_skip_tracking":false,"_monsterinsights_sitenote_active":false,"_monsterinsights_sitenote_note":"","_monsterinsights_sitenote_category":0},"pwb-brand":[],"product_brand":[],"product_cat":[232,204],"product_tag":[],"class_list":{"0":"post-7031","1":"product","2":"type-product","3":"status-publish","4":"has-post-thumbnail","6":"product_cat-3t","7":"product_cat-shimamo-di2","8":"product_shipping_class-piezas-pequenas","10":"first","11":"instock","12":"taxable","13":"shipping-taxable","14":"purchasable","15":"product-type-simple"},"aioseo_notices":[],"brands":[],"_links":{"self":[{"href":"https:\/\/gravel-bikes.cc\/es\/wp-json\/wp\/v2\/product\/7031","targetHints":{"allow":["GET"]}}],"collection":[{"href":"https:\/\/gravel-bikes.cc\/es\/wp-json\/wp\/v2\/product"}],"about":[{"href":"https:\/\/gravel-bikes.cc\/es\/wp-json\/wp\/v2\/types\/product"}],"wp:featuredmedia":[{"embeddable":true,"href":"https:\/\/gravel-bikes.cc\/es\/wp-json\/wp\/v2\/media\/7032"}],"wp:attachment":[{"href":"https:\/\/gravel-bikes.cc\/es\/wp-json\/wp\/v2\/media?parent=7031"}],"wp:term":[{"taxonomy":"pwb-brand","embeddable":true,"href":"https:\/\/gravel-bikes.cc\/es\/wp-json\/wp\/v2\/pwb-brand?post=7031"},{"taxonomy":"product_brand","embeddable":true,"href":"https:\/\/gravel-bikes.cc\/es\/wp-json\/wp\/v2\/product_brand?post=7031"},{"taxonomy":"product_cat","embeddable":true,"href":"https:\/\/gravel-bikes.cc\/es\/wp-json\/wp\/v2\/product_cat?post=7031"},{"taxonomy":"product_tag","embeddable":true,"href":"https:\/\/gravel-bikes.cc\/es\/wp-json\/wp\/v2\/product_tag?post=7031"}],"curies":[{"name":"wp","href":"https:\/\/api.w.org\/{rel}","templated":true}]}}