{"id":7065,"date":"2026-02-03T09:47:30","date_gmt":"2026-02-03T09:47:30","guid":{"rendered":"https:\/\/gravel-bikes.cc\/?post_type=product&#038;p=7065"},"modified":"2026-02-03T09:52:48","modified_gmt":"2026-02-03T09:52:48","slug":"shimano-ultegra-11-velocidades-desgaste-copy-2","status":"publish","type":"product","link":"https:\/\/gravel-bikes.cc\/es\/produkt\/shimano-ultegra-11-velocidades-desgaste-copy-2\/","title":{"rendered":"SRAM RIVAL 12 velocidades Desgaste"},"content":{"rendered":"<h2 class=\"product-detail-description__title\">Juego de desgaste SRAM RIVAL &#8211; Cassette XG-1250 + Cadena | 12 velocidades | E1<\/h2>\n<div class=\"product-detail-description__content\">\n<div class=\"cms-content\">\n<p>Juego de desgaste con cassette XG-1250 y cadena Flattop.<\/p>\n<p>La excelente transmisi\u00f3n SRAM X-Range, que utiliza saltos estrechos entre los platos y un cassette de 12 velocidades, de amplio rango y con inicio de 10 dientes, ahora est\u00e1 disponible para Rival. Esto incluye nuevos cassettes que ofrecen un cambio suave y preciso en rangos que cubren carretera, gravel y todo lo dem\u00e1s. <\/p>\n<p>La tecnolog\u00eda <strong>FULL PIN\u2122<\/strong> utiliza once pi\u00f1ones ligeros y estampados unidos con 123 pasadores de acero inoxidable de alta resistencia. El resultado: un cassette ligero, duradero y equipado con el rango de marchas s\u00faper amplio de SRAM, que se adapta perfectamente a cualquier recorrido. El dise\u00f1o abierto, similar a nuestro cassette X-DOME, ayuda a eliminar el barro, lo que le brinda un rendimiento de cambio m\u00e1s limpio y una vida \u00fatil m\u00e1s larga de los componentes.  <\/p>\n<p><strong>Para cuerpo de buje XDR.<\/strong><\/p>\n<p><strong>Relaci\u00f3n de pi\u00f1ones:<\/strong><\/p>\n<p>10-30t &#8211; 10,11,12,13,14,15,17,19,21,24,27,30<\/p>\n<p>10-36t &#8211; 10,11,12,13,15,17,19,21,24,28,32,36<\/p>\n<p>SRAM cogi\u00f3 su cadena Rival m\u00e1s resistente y la aliger\u00f3. Los recortes en los eslabones exteriores de la cadena Flattop reducen el peso, mientras que el acabado de cromo duro a\u00f1ade durabilidad a medida que avanzas con los cambios. Esta cadena est\u00e1 lista para llegar hasta el final.  <\/p>\n<p>La tecnolog\u00eda Flattop permite una cadena m\u00e1s estrecha con un funcionamiento m\u00e1s silencioso y mayor resistencia y durabilidad. Compatible con bicicletas de carretera de 12 velocidades y grupos de gravel XPLR AXS de 13 velocidades. Incluye Flattop PowerLock.  <\/p>\n<\/div>\n<\/div>\n","protected":false},"excerpt":{"rendered":"<p>Juego de desgaste SRAM RIVAL &#8211; Cassette XG-1250 + Cadena | 12 velocidades | E1 Juego de desgaste con cassette XG-1250 y cadena Flattop. La excelente transmisi\u00f3n SRAM X-Range, que utiliza saltos estrechos entre los platos y un cassette de 12 velocidades, de amplio rango y con inicio de 10 dientes, ahora est\u00e1 disponible para [&hellip;]<\/p>\n","protected":false},"featured_media":7071,"template":"","meta":{"_et_pb_use_builder":"","_et_pb_old_content":"","_et_gb_content_width":"","om_disable_all_campaigns":false,"_monsterinsights_skip_tracking":false,"_monsterinsights_sitenote_active":false,"_monsterinsights_sitenote_note":"","_monsterinsights_sitenote_category":0},"pwb-brand":[],"product_brand":[],"product_cat":[574,451],"product_tag":[],"class_list":{"0":"post-7065","1":"product","2":"type-product","3":"status-publish","4":"has-post-thumbnail","6":"product_cat-cadenas-y-cassettes","7":"product_cat-sin-categorizar","9":"first","10":"instock","11":"sale","12":"taxable","13":"shipping-taxable","14":"purchasable","15":"product-type-variable"},"aioseo_notices":[],"brands":[],"_links":{"self":[{"href":"https:\/\/gravel-bikes.cc\/es\/wp-json\/wp\/v2\/product\/7065","targetHints":{"allow":["GET"]}}],"collection":[{"href":"https:\/\/gravel-bikes.cc\/es\/wp-json\/wp\/v2\/product"}],"about":[{"href":"https:\/\/gravel-bikes.cc\/es\/wp-json\/wp\/v2\/types\/product"}],"wp:featuredmedia":[{"embeddable":true,"href":"https:\/\/gravel-bikes.cc\/es\/wp-json\/wp\/v2\/media\/7071"}],"wp:attachment":[{"href":"https:\/\/gravel-bikes.cc\/es\/wp-json\/wp\/v2\/media?parent=7065"}],"wp:term":[{"taxonomy":"pwb-brand","embeddable":true,"href":"https:\/\/gravel-bikes.cc\/es\/wp-json\/wp\/v2\/pwb-brand?post=7065"},{"taxonomy":"product_brand","embeddable":true,"href":"https:\/\/gravel-bikes.cc\/es\/wp-json\/wp\/v2\/product_brand?post=7065"},{"taxonomy":"product_cat","embeddable":true,"href":"https:\/\/gravel-bikes.cc\/es\/wp-json\/wp\/v2\/product_cat?post=7065"},{"taxonomy":"product_tag","embeddable":true,"href":"https:\/\/gravel-bikes.cc\/es\/wp-json\/wp\/v2\/product_tag?post=7065"}],"curies":[{"name":"wp","href":"https:\/\/api.w.org\/{rel}","templated":true}]}}